{"id":114,"date":"2012-11-12T15:53:41","date_gmt":"2012-11-12T13:53:41","guid":{"rendered":"http:\/\/familie-woehl.de\/?page_id=114"},"modified":"2019-01-19T17:54:09","modified_gmt":"2019-01-19T17:54:09","slug":"hinrichs-1-9-und-unbekannt-1-10","status":"publish","type":"page","link":"https:\/\/familie-woehl.de\/?page_id=114","title":{"rendered":"&#8230; Hinrichs (1.9) und unbekannt (1.10)"},"content":{"rendered":"\n<p>Opa Christian Hinrichs (3.3) kann seinem Enkel Bruno (5.1) nichts von seinen Gro\u00dfeltern v\u00e4terlicherseits erz\u00e4hlen, nicht einmal die Namen, denn er leidet an schwerer Arterienverkalkung. Oma Wiesche (3.4), seine Frau, ergr\u00fcndet es auch nicht, sagt aber:<\/p>\n\n\n\n<p>\u201cDar wiern Tatern mang\u201d (Dort waren Tartaren zwischen). Nach Christians Bild k\u00f6nnte an der Behauptung etwas dran sein.<\/p>\n\n\n\n<div class=\"wp-block-button alignright\"><a class=\"wp-block-button__link\" href=\"https:\/\/familie-woehl.de\/?page_id=117\">n\u00e4chste Seite<\/a><\/div>\n","protected":false},"excerpt":{"rendered":"<p>Opa Christian Hinrichs (3.3) kann seinem Enkel Bruno (5.1) nichts von seinen Gro\u00dfeltern v\u00e4terlicherseits erz\u00e4hlen, nicht einmal die Namen, denn er leidet an schwerer Arterienverkalkung. Oma Wiesche (3.4), seine Frau, ergr\u00fcndet es auch nicht, sagt aber: \u201cDar wiern Tatern mang\u201d (Dort waren Tartaren zwischen). Nach Christians Bild k\u00f6nnte an der Behauptung etwas dran sein.<\/p>\n","protected":false},"author":1,"featured_media":2445,"parent":0,"menu_order":0,"comment_status":"closed","ping_status":"open","template":"","meta":{"footnotes":""},"class_list":["post-114","page","type-page","status-publish","has-post-thumbnail","hentry"],"_links":{"self":[{"href":"https:\/\/familie-woehl.de\/index.php?rest_route=\/wp\/v2\/pages\/114","targetHints":{"allow":["GET"]}}],"collection":[{"href":"https:\/\/familie-woehl.de\/index.php?rest_route=\/wp\/v2\/pages"}],"about":[{"href":"https:\/\/familie-woehl.de\/index.php?rest_route=\/wp\/v2\/types\/page"}],"author":[{"embeddable":true,"href":"https:\/\/familie-woehl.de\/index.php?rest_route=\/wp\/v2\/users\/1"}],"replies":[{"embeddable":true,"href":"https:\/\/familie-woehl.de\/index.php?rest_route=%2Fwp%2Fv2%2Fcomments&post=114"}],"version-history":[{"count":5,"href":"https:\/\/familie-woehl.de\/index.php?rest_route=\/wp\/v2\/pages\/114\/revisions"}],"predecessor-version":[{"id":2444,"href":"https:\/\/familie-woehl.de\/index.php?rest_route=\/wp\/v2\/pages\/114\/revisions\/2444"}],"wp:featuredmedia":[{"embeddable":true,"href":"https:\/\/familie-woehl.de\/index.php?rest_route=\/wp\/v2\/media\/2445"}],"wp:attachment":[{"href":"https:\/\/familie-woehl.de\/index.php?rest_route=%2Fwp%2Fv2%2Fmedia&parent=114"}],"curies":[{"name":"wp","href":"https:\/\/api.w.org\/{rel}","templated":true}]}}