{"id":120,"date":"2012-11-12T15:56:19","date_gmt":"2012-11-12T13:56:19","guid":{"rendered":"http:\/\/familie-woehl.de\/?page_id=120"},"modified":"2019-01-25T17:31:57","modified_gmt":"2019-01-25T17:31:57","slug":"johann-fastenau-1-13-und-johanne-fuse-1-14","status":"publish","type":"page","link":"https:\/\/familie-woehl.de\/?page_id=120","title":{"rendered":"Johann Fastenau (1.13) und Johanne Fuse (1.14)"},"content":{"rendered":"\n<p>Sie bilden den Ursprung der Bertram-Linie. Der 1795 geborene Johann stammt aus <a href=\"http:\/\/de.wikipedia.org\/wiki\/Oldershausen_(Kalefeld)\" target=\"_blank\" rel=\"noreferrer noopener\" aria-label=\"Oldersh (\u00f6ffnet in neuem Tab)\">Oldersh<\/a><a title=\"Oldershausen_(Kalefeld)\" href=\"http:\/\/de.wikipedia.org\/wiki\/Oldershausen_(Kalefeld)\">ausen im Hannoverschen<\/a>. Es ist ein Handwerkergeschlecht. Johann ist Schuhmacher. Mit 24 heiratet er die 21j\u00e4hrige Johanne Fuse, ebenfalls aus 0ldershausen. Beider Sohn Philipp (2.7) erlernt auch das Schuhmacherhandwerk. Auf seiner Wanderschaft wird er zu Meister Bertram in Schwerin kommen und von diesem adoptiert. So wird aus dem Fastenau ein Bertram, allerdings erst in der Folgegeneration. Bei (2.7) kommen wir auf die verworrene Geschichte zur\u00fcck. Johann und Johanne bleiben jedoch in Oldershausen zur\u00fcck und werden \u00fcber 70 Jahre alt.<\/p>\n\n\n\n<div class=\"wp-block-button alignright\"><a class=\"wp-block-button__link\" href=\"https:\/\/familie-woehl.de\/?page_id=123\">n\u00e4chste Seite<\/a><\/div>\n","protected":false},"excerpt":{"rendered":"<p>Sie bilden den Ursprung der Bertram-Linie. Der 1795 geborene Johann stammt aus Oldershausen im Hannoverschen. Es ist ein Handwerkergeschlecht. Johann ist Schuhmacher. Mit 24 heiratet er die 21j\u00e4hrige Johanne Fuse, ebenfalls aus 0ldershausen. Beider Sohn Philipp (2.7) erlernt auch das Schuhmacherhandwerk. Auf seiner Wanderschaft wird er zu Meister Bertram in Schwerin kommen und von diesem &hellip; <a href=\"https:\/\/familie-woehl.de\/?page_id=120\" class=\"more-link\"><span class=\"screen-reader-text\">Johann Fastenau (1.13) und Johanne Fuse (1.14)<\/span> weiterlesen<\/a><\/p>\n","protected":false},"author":1,"featured_media":2447,"parent":0,"menu_order":0,"comment_status":"closed","ping_status":"open","template":"","meta":{"footnotes":""},"class_list":["post-120","page","type-page","status-publish","has-post-thumbnail","hentry"],"_links":{"self":[{"href":"https:\/\/familie-woehl.de\/index.php?rest_route=\/wp\/v2\/pages\/120","targetHints":{"allow":["GET"]}}],"collection":[{"href":"https:\/\/familie-woehl.de\/index.php?rest_route=\/wp\/v2\/pages"}],"about":[{"href":"https:\/\/familie-woehl.de\/index.php?rest_route=\/wp\/v2\/types\/page"}],"author":[{"embeddable":true,"href":"https:\/\/familie-woehl.de\/index.php?rest_route=\/wp\/v2\/users\/1"}],"replies":[{"embeddable":true,"href":"https:\/\/familie-woehl.de\/index.php?rest_route=%2Fwp%2Fv2%2Fcomments&post=120"}],"version-history":[{"count":5,"href":"https:\/\/familie-woehl.de\/index.php?rest_route=\/wp\/v2\/pages\/120\/revisions"}],"predecessor-version":[{"id":2671,"href":"https:\/\/familie-woehl.de\/index.php?rest_route=\/wp\/v2\/pages\/120\/revisions\/2671"}],"wp:featuredmedia":[{"embeddable":true,"href":"https:\/\/familie-woehl.de\/index.php?rest_route=\/wp\/v2\/media\/2447"}],"wp:attachment":[{"href":"https:\/\/familie-woehl.de\/index.php?rest_route=%2Fwp%2Fv2%2Fmedia&parent=120"}],"curies":[{"name":"wp","href":"https:\/\/api.w.org\/{rel}","templated":true}]}}