{"id":123,"date":"2012-11-12T15:57:57","date_gmt":"2012-11-12T13:57:57","guid":{"rendered":"http:\/\/familie-woehl.de\/?page_id=123"},"modified":"2019-01-25T17:34:47","modified_gmt":"2019-01-25T17:34:47","slug":"unbekannt-1-15-und-maria-albrecht-1-16","status":"publish","type":"page","link":"https:\/\/familie-woehl.de\/?page_id=123","title":{"rendered":"unbekannt (1.15) und Maria Albrecht (1.16)"},"content":{"rendered":"\n<p>Oma Wiesche (3.4) wird ihren Gro\u00dfvater m\u00fctterlicherseits nie kennenlernen. Ihre Mutter ist unehelich, und Gro\u00dfmutter Marie Albrecht gibt den Vater ihres Kindes nicht an. So bleibt das gro\u00dfe Geheimnis dieser Linie ungel\u00fcftet. Aber Luise erinnert sich an ein sehr aufschlussreiches Gespr\u00e4ch mit ihrer Gro\u00dfmutter Marie: &#8222;Grootmudder, wann is se geburn?&#8220; &#8222;Vierteiden Daag v\u00f6r Pingsen in M\u00f6lln in D\u00e4nsch upp n Ekser Hoff, as abends noch Licht brennt w\u00fcr.&#8220;<\/p>\n\n\n\n<p>Genauer wei\u00df es Marie nicht. Aber die <a rel=\"noreferrer noopener\" aria-label=\" (\u00f6ffnet in neuem Tab)\" href=\"http:\/\/de.wikipedia.org\/wiki\/M%C3%B6lln\" target=\"_blank\">Stadt M\u00f6lln in Lauenburg<\/a> geh\u00f6rt zu dieser Zeit tats\u00e4chlich zu D\u00e4nemark, dem die n\u00f6rdlichen Herzogt\u00fcmer \u201cup ewig ungedeelt\u201d verbunden sind. Nach den Akten der Heilanstalt f\u00fcr geistesschwache Kinder auf dem <a href=\"https:\/\/de.wikipedia.org\/wiki\/Lewenberg\" target=\"_blank\" rel=\"noreferrer noopener\" aria-label=\"Lewenberg bei Schwerin (\u00f6ffnet in neuem Tab)\">Lewenberg bei Schwerin<\/a> wird Marie dort als kleines Findelkind aufgenommen, w\u00e4chst dort auf und wird schlie\u00dflich Waschm\u00e4dchen in der Anstalt. Ihr genauer Name ist unbekannt. In den Akten f\u00fchrt sie den Namen Ahrends nach ihren ersten Pflegeeltern, die sie einliefern. Das aber muss falsch sein, weil Marie, die m\u00f6glicherweise auch gar nicht Marie hei\u00dft, von den Ahrends nicht adoptiert wurde. Maries \u00e4ltere Schwester, die den anschaulichen Namen &#8222;Lottuhl\u201d f\u00fchrt, ist auch Waschm\u00e4dchen auf Lewenberg. Sie sagt, sie hei\u00dfe Lindemann, aber Marie habe einen anderen Namen, welchen wisse sie jedoch nicht. Man schlie\u00dft daraus, dass Lottuhl unehelich sein k\u00f6nnte, aber Marie nicht. Sie k\u00f6nnte Albrecht hei\u00dfen. Erwiesen ist dies jedoch nicht.<\/p>\n\n\n\n<p>Eine Heiratsm\u00f6glichkeit findet sich f\u00fcr die geistig etwas &#8222;minderbemittelte&#8220; Marie nicht. Am 9.5.1836 bekommt sie ein uneheliches Kind, das sie Maria nennt (2.8). Den Vater gibt sie nicht an. Mutter (1.16) und Tochter (2.8) f\u00fchren ihr Leben lang den sicher nicht richtigen Namen Lindemann. Erst durch die Heirat mit dem Schuster Philipp Fastenau (2.7) kommt Ordnung in die Namensgeschichte, denn er wird durch Adoption zum Bertram und sie damit zu Frau Bertram.<\/p>\n\n\n\n<div class=\"wp-block-button alignright\"><a class=\"wp-block-button__link\" href=\"https:\/\/familie-woehl.de\/?page_id=127\">n\u00e4chste Seite<\/a><\/div>\n","protected":false},"excerpt":{"rendered":"<p>Oma Wiesche (3.4) wird ihren Gro\u00dfvater m\u00fctterlicherseits nie kennenlernen. Ihre Mutter ist unehelich, und Gro\u00dfmutter Marie Albrecht gibt den Vater ihres Kindes nicht an. So bleibt das gro\u00dfe Geheimnis dieser Linie ungel\u00fcftet. Aber Luise erinnert sich an ein sehr aufschlussreiches Gespr\u00e4ch mit ihrer Gro\u00dfmutter Marie: &#8222;Grootmudder, wann is se geburn?&#8220; &#8222;Vierteiden Daag v\u00f6r Pingsen in &hellip; <a href=\"https:\/\/familie-woehl.de\/?page_id=123\" class=\"more-link\"><span class=\"screen-reader-text\">unbekannt (1.15) und Maria Albrecht (1.16)<\/span> weiterlesen<\/a><\/p>\n","protected":false},"author":1,"featured_media":2448,"parent":0,"menu_order":0,"comment_status":"closed","ping_status":"open","template":"","meta":{"footnotes":""},"class_list":["post-123","page","type-page","status-publish","has-post-thumbnail","hentry"],"_links":{"self":[{"href":"https:\/\/familie-woehl.de\/index.php?rest_route=\/wp\/v2\/pages\/123","targetHints":{"allow":["GET"]}}],"collection":[{"href":"https:\/\/familie-woehl.de\/index.php?rest_route=\/wp\/v2\/pages"}],"about":[{"href":"https:\/\/familie-woehl.de\/index.php?rest_route=\/wp\/v2\/types\/page"}],"author":[{"embeddable":true,"href":"https:\/\/familie-woehl.de\/index.php?rest_route=\/wp\/v2\/users\/1"}],"replies":[{"embeddable":true,"href":"https:\/\/familie-woehl.de\/index.php?rest_route=%2Fwp%2Fv2%2Fcomments&post=123"}],"version-history":[{"count":7,"href":"https:\/\/familie-woehl.de\/index.php?rest_route=\/wp\/v2\/pages\/123\/revisions"}],"predecessor-version":[{"id":2674,"href":"https:\/\/familie-woehl.de\/index.php?rest_route=\/wp\/v2\/pages\/123\/revisions\/2674"}],"wp:featuredmedia":[{"embeddable":true,"href":"https:\/\/familie-woehl.de\/index.php?rest_route=\/wp\/v2\/media\/2448"}],"wp:attachment":[{"href":"https:\/\/familie-woehl.de\/index.php?rest_route=%2Fwp%2Fv2%2Fmedia&parent=123"}],"curies":[{"name":"wp","href":"https:\/\/api.w.org\/{rel}","templated":true}]}}