{"id":127,"date":"2012-11-12T16:03:38","date_gmt":"2012-11-12T14:03:38","guid":{"rendered":"http:\/\/familie-woehl.de\/?page_id=127"},"modified":"2022-02-02T17:33:39","modified_gmt":"2022-02-02T17:33:39","slug":"ruchelstockmann-linie-um-1790-geboren","status":"publish","type":"page","link":"https:\/\/familie-woehl.de\/?page_id=127","title":{"rendered":"R\u00fcchel-Vorf. nach 1790 (1.17-32)"},"content":{"rendered":"\n<p>Nun zur Linie R\u00fcchel\/St\u00f6ckmann: Annemaries (5.2) Ururgro\u00dfeltern v\u00e4terlicherseits<\/p>\n\n\n\n<ul class=\"wp-block-list\"><li>&#8230; R\u00fcchel (1.17) und unbekannt (1.18)<\/li><li>Christoph Kr\u00fcger (1.19)&nbsp;und unbekannt (1.20)<\/li><li>&#8230; Schmiedeberg (1.21)&nbsp;und unbekannt (1.22)<\/li><li>&#8230; Kr\u00fcger (1.23)&nbsp;und unbekannt (1.24)<\/li><\/ul>\n\n\n\n<div class=\"wp-block-image\"><figure class=\"alignright size-medium\"><a href=\"https:\/\/familie-woehl.de\/wp-content\/uploads\/2019\/01\/Westdievenow-Landkarte1939.jpg\"><img loading=\"lazy\" decoding=\"async\" width=\"300\" height=\"195\" src=\"https:\/\/familie-woehl.de\/wp-content\/uploads\/2019\/01\/Westdievenow-Landkarte1939-300x195.jpg\" alt=\"\" class=\"wp-image-2495\" srcset=\"https:\/\/familie-woehl.de\/wp-content\/uploads\/2019\/01\/Westdievenow-Landkarte1939-300x195.jpg 300w, https:\/\/familie-woehl.de\/wp-content\/uploads\/2019\/01\/Westdievenow-Landkarte1939-150x98.jpg 150w, https:\/\/familie-woehl.de\/wp-content\/uploads\/2019\/01\/Westdievenow-Landkarte1939.jpg 764w\" sizes=\"auto, (max-width: 300px) 100vw, 300px\" \/><\/a><\/figure><\/div>\n\n\n\n<p>sind leider nicht in den Registern zu finden. Man wei\u00df nur, dass sie in Westdievenow in Pommern an der Ostsee ans\u00e4ssig sind und den Fischerberuf aus\u00fcben. <em>(Nach neueren Daten von Hans-Dieter Wallschl\u00e4ger war der Vorname von Kr\u00fcger (1.19) <strong>Christoph<\/strong>.)<\/em><\/p>\n\n\n\n<div class=\"wp-block-image\"><figure class=\"alignleft\"><a href=\"https:\/\/familie-woehl.de\/wp-content\/uploads\/2019\/01\/Karte_West_Dievenow.jpg\"><img loading=\"lazy\" decoding=\"async\" width=\"300\" height=\"158\" src=\"https:\/\/familie-woehl.de\/wp-content\/uploads\/2019\/01\/Karte_West_Dievenow-300x158.jpg\" alt=\"\" class=\"wp-image-2631\" srcset=\"https:\/\/familie-woehl.de\/wp-content\/uploads\/2019\/01\/Karte_West_Dievenow-300x158.jpg 300w, https:\/\/familie-woehl.de\/wp-content\/uploads\/2019\/01\/Karte_West_Dievenow-150x79.jpg 150w, https:\/\/familie-woehl.de\/wp-content\/uploads\/2019\/01\/Karte_West_Dievenow-768x404.jpg 768w, https:\/\/familie-woehl.de\/wp-content\/uploads\/2019\/01\/Karte_West_Dievenow-1024x538.jpg 1024w\" sizes=\"auto, (max-width: 300px) 100vw, 300px\" \/><\/a><figcaption>Ausschnitt aus <a href=\"https:\/\/familie-woehl.de\/wp-content\/uploads\/2019\/01\/1954_FRITZOW_AMS_M841_1st_ed_1952.jpg\" target=\"_blank\" rel=\"noreferrer noopener\" aria-label=\"Messtischblatt 1954 Fritzow (\u00f6ffnet in neuem Tab)\">Messtischblatt 1954 Fritzow<\/a><\/figcaption><\/figure><\/div>\n\n\n\n<p>West-Dievenow liegt am Ostausgang des Stettiner Haffs. Da die Polen andere Ortsbezeichnungen eingef\u00fchrt haben, sei klar gestellt: In der Oderm\u00fcndung liegen die beiden Inseln Usedom (westlich) und Wollin (\u00f6stlich). Dadurch entstehen die drei M\u00fcndungsarme Peene, Swine und Dievenow, in der Reihenfolge von West nach Ost genannt. West-Dievonow, die Heimat der R\u00fcchels, liegt auf der Ostseite der Insel Wollin, Ost-Dievenow dagegen auf dem Festland. Feststeht, dass die drei oben genannten Familien R\u00fcchel, Schmiedeberg und Kr\u00fcger seit Generationen in West-Dievenow als Fischer ans\u00e4ssig sind. Wie Oma Bertha (4.4) erz\u00e4hlt, sind sie alle \u00e4u\u00dferst rechtschaffene Leute, ehrlich, doch sehr auf das Geld bedacht, aber nicht sonderlich exakt. Sie sind lustig und humorvoll, neigen aber nicht dem Trinken zu. Wie den meisten Fischern eigen ist, sind sie zuweilen extrem j\u00e4hzornig. Sie haben stechende Augen mit viel Wei\u00df. Ihre K\u00f6rperstruktur ist kernig kraftvoll, was auch die Voraussetzung f\u00fcr den Fischerberuf ist.<\/p>\n\n\n\n<div class=\"wp-block-image\"><figure class=\"alignright\"><a href=\"https:\/\/familie-woehl.de\/wp-content\/uploads\/2012\/11\/Wanderpostkarte1913.jpg\" rel=\"attachment wp-att-1018\"><img loading=\"lazy\" decoding=\"async\" width=\"200\" height=\"300\" src=\"https:\/\/familie-woehl.de\/wp-content\/uploads\/2012\/11\/Wanderpostkarte1913-200x300.jpg\" alt=\"\" class=\"wp-image-1018\" srcset=\"https:\/\/familie-woehl.de\/wp-content\/uploads\/2012\/11\/Wanderpostkarte1913-200x300.jpg 200w, https:\/\/familie-woehl.de\/wp-content\/uploads\/2012\/11\/Wanderpostkarte1913-100x150.jpg 100w, https:\/\/familie-woehl.de\/wp-content\/uploads\/2012\/11\/Wanderpostkarte1913-624x933.jpg 624w, https:\/\/familie-woehl.de\/wp-content\/uploads\/2012\/11\/Wanderpostkarte1913.jpg 631w\" sizes=\"auto, (max-width: 200px) 100vw, 200px\" \/><\/a><figcaption>Postkartenansicht von 1913<\/figcaption><\/figure><\/div>\n\n\n\n<p>Annemaries Ururgro\u00dfeltern der St\u00f6ckmann-Linie sind dank Onkel Gerhards Bem\u00fchungen (Bruder von Bertha 4.4) bekannt. Sie stammen alle aus der Stolper Gegend. Saleskerstrand liegt etwa 10 km westlich von Stolpm\u00fcnde an der Ostsee, ist aber nach dem 2. Weltkrieg ausgel\u00f6scht (<em>siehe u.a.  Postkarte links, die Onkel Gerhard am 29.5.1913 nach Hause an seine Schwester Frieda schickte<\/em>).<\/p>\n\n\n\n<div class=\"wp-block-image\"><figure class=\"aligncenter\"><a href=\"https:\/\/familie-woehl.de\/?attachment_id=2639\"><img loading=\"lazy\" decoding=\"async\" width=\"1024\" height=\"916\" src=\"https:\/\/familie-woehl.de\/wp-content\/uploads\/2019\/01\/Karte_Saleskerstrand-1024x916.jpg\" alt=\"\" class=\"wp-image-2639\" srcset=\"https:\/\/familie-woehl.de\/wp-content\/uploads\/2019\/01\/Karte_Saleskerstrand-1024x916.jpg 1024w, https:\/\/familie-woehl.de\/wp-content\/uploads\/2019\/01\/Karte_Saleskerstrand-150x134.jpg 150w, https:\/\/familie-woehl.de\/wp-content\/uploads\/2019\/01\/Karte_Saleskerstrand-300x268.jpg 300w, https:\/\/familie-woehl.de\/wp-content\/uploads\/2019\/01\/Karte_Saleskerstrand-768x687.jpg 768w\" sizes=\"auto, (max-width: 1024px) 100vw, 1024px\" \/><\/a><figcaption>Ausschnitt aus <a href=\"https:\/\/familie-woehl.de\/wp-content\/uploads\/2019\/01\/1466_Saleske_agronomische_1897.jpg\" target=\"_blank\" rel=\"noreferrer noopener\" aria-label=\"Messtischblatt 1466 Saleske (\u00f6ffnet in neuem Tab)\">Messtischblatt 1466 Saleske<\/a><\/figcaption><\/figure><\/div>\n\n\n\n<p class=\"has-text-align-left\"><em>Die Geschichte von Saleske mit Ortsteil Saleskerstrand wird gut auf der <a href=\"http:\/\/ueberlauf.com\/Ort_Saleske.html\" target=\"_blank\" rel=\"noreferrer noopener\" aria-label=\" (\u00f6ffnet in neuem Tab)\">Internet-Seite des Nachbarorts \u00dcberlauf<\/a> beschrieben.<\/em><\/p>\n\n\n\n<div class=\"wp-block-button alignright\"><a class=\"wp-block-button__link\" href=\"https:\/\/familie-woehl.de\/?page_id=140\">n\u00e4chste Seite<\/a><\/div>\n\n\n\n<p><em>.<\/em><\/p>\n","protected":false},"excerpt":{"rendered":"<p>Nun zur Linie R\u00fcchel\/St\u00f6ckmann: Annemaries (5.2) Ururgro\u00dfeltern v\u00e4terlicherseits &#8230; R\u00fcchel (1.17) und unbekannt (1.18) Christoph Kr\u00fcger (1.19)&nbsp;und unbekannt (1.20) &#8230; Schmiedeberg (1.21)&nbsp;und unbekannt (1.22) &#8230; Kr\u00fcger (1.23)&nbsp;und unbekannt (1.24) sind leider nicht in den Registern zu finden. Man wei\u00df nur, dass sie in Westdievenow in Pommern an der Ostsee ans\u00e4ssig sind und den Fischerberuf aus\u00fcben. &hellip; <a href=\"https:\/\/familie-woehl.de\/?page_id=127\" class=\"more-link\"><span class=\"screen-reader-text\">R\u00fcchel-Vorf. nach 1790 (1.17-32)<\/span> weiterlesen<\/a><\/p>\n","protected":false},"author":1,"featured_media":4170,"parent":0,"menu_order":0,"comment_status":"closed","ping_status":"open","template":"","meta":{"footnotes":""},"class_list":["post-127","page","type-page","status-publish","has-post-thumbnail","hentry"],"_links":{"self":[{"href":"https:\/\/familie-woehl.de\/index.php?rest_route=\/wp\/v2\/pages\/127","targetHints":{"allow":["GET"]}}],"collection":[{"href":"https:\/\/familie-woehl.de\/index.php?rest_route=\/wp\/v2\/pages"}],"about":[{"href":"https:\/\/familie-woehl.de\/index.php?rest_route=\/wp\/v2\/types\/page"}],"author":[{"embeddable":true,"href":"https:\/\/familie-woehl.de\/index.php?rest_route=\/wp\/v2\/users\/1"}],"replies":[{"embeddable":true,"href":"https:\/\/familie-woehl.de\/index.php?rest_route=%2Fwp%2Fv2%2Fcomments&post=127"}],"version-history":[{"count":32,"href":"https:\/\/familie-woehl.de\/index.php?rest_route=\/wp\/v2\/pages\/127\/revisions"}],"predecessor-version":[{"id":4171,"href":"https:\/\/familie-woehl.de\/index.php?rest_route=\/wp\/v2\/pages\/127\/revisions\/4171"}],"wp:featuredmedia":[{"embeddable":true,"href":"https:\/\/familie-woehl.de\/index.php?rest_route=\/wp\/v2\/media\/4170"}],"wp:attachment":[{"href":"https:\/\/familie-woehl.de\/index.php?rest_route=%2Fwp%2Fv2%2Fmedia&parent=127"}],"curies":[{"name":"wp","href":"https:\/\/api.w.org\/{rel}","templated":true}]}}