{"id":146,"date":"2012-11-12T17:04:47","date_gmt":"2012-11-12T15:04:47","guid":{"rendered":"http:\/\/familie-woehl.de\/?page_id=146"},"modified":"2022-02-02T17:55:23","modified_gmt":"2022-02-02T17:55:23","slug":"martin-meyer-1-27-und-maria-stokmann-1-28","status":"publish","type":"page","link":"https:\/\/familie-woehl.de\/?page_id=146","title":{"rendered":"Martin Meyer (1.27) und Maria St\u00f6kmann (1.28)"},"content":{"rendered":"\n<div class=\"wp-block-image\"><figure class=\"alignleft size-medium\"><img loading=\"lazy\" decoding=\"async\" width=\"300\" height=\"218\" src=\"https:\/\/familie-woehl.de\/wp-content\/uploads\/2022\/02\/Fischerfrauen-300x218.jpg\" alt=\"\" class=\"wp-image-4174\" srcset=\"https:\/\/familie-woehl.de\/wp-content\/uploads\/2022\/02\/Fischerfrauen-300x218.jpg 300w, https:\/\/familie-woehl.de\/wp-content\/uploads\/2022\/02\/Fischerfrauen-150x109.jpg 150w, https:\/\/familie-woehl.de\/wp-content\/uploads\/2022\/02\/Fischerfrauen.jpg 565w\" sizes=\"auto, (max-width: 300px) 100vw, 300px\" \/><\/figure><\/div>\n\n\n\n<p>Wieder sind es die alten Namen, die sich in Saleskerstrand durch die Jahrhunderte st\u00e4ndig wiederholen. Neu ist bei Martin Meyer, dass er sich ganz auf die Fischerei wirft und es bis zum Gro\u00dffischer bringt . Die Landwirtschaft bringt hier allzu geringe Ertr\u00e4ge.<\/p>\n\n\n\n<p>Die Ahnenreihe wird durch beider Tochter Christine (2.14) fortgesetzt, die den B\u00fcdner George Stoeckmann <em>(2.13) <\/em>heiraten wird. Christines Mutter Maria stirbt schon mit <em>53, <\/em>w\u00e4hrend Martin es auf <em>75 <\/em>Jahre bringt.<\/p>\n\n\n\n<div class=\"wp-block-button alignright\"><a class=\"wp-block-button__link\" href=\"https:\/\/familie-woehl.de\/?page_id=149\">n\u00e4chste seite<\/a><\/div>\n","protected":false},"excerpt":{"rendered":"<p>Wieder sind es die alten Namen, die sich in Saleskerstrand durch die Jahrhunderte st\u00e4ndig wiederholen. Neu ist bei Martin Meyer, dass er sich ganz auf die Fischerei wirft und es bis zum Gro\u00dffischer bringt . Die Landwirtschaft bringt hier allzu geringe Ertr\u00e4ge. Die Ahnenreihe wird durch beider Tochter Christine (2.14) fortgesetzt, die den B\u00fcdner George &hellip; <a href=\"https:\/\/familie-woehl.de\/?page_id=146\" class=\"more-link\"><span class=\"screen-reader-text\">Martin Meyer (1.27) und Maria St\u00f6kmann (1.28)<\/span> weiterlesen<\/a><\/p>\n","protected":false},"author":1,"featured_media":4176,"parent":0,"menu_order":0,"comment_status":"closed","ping_status":"open","template":"","meta":{"footnotes":""},"class_list":["post-146","page","type-page","status-publish","has-post-thumbnail","hentry"],"_links":{"self":[{"href":"https:\/\/familie-woehl.de\/index.php?rest_route=\/wp\/v2\/pages\/146","targetHints":{"allow":["GET"]}}],"collection":[{"href":"https:\/\/familie-woehl.de\/index.php?rest_route=\/wp\/v2\/pages"}],"about":[{"href":"https:\/\/familie-woehl.de\/index.php?rest_route=\/wp\/v2\/types\/page"}],"author":[{"embeddable":true,"href":"https:\/\/familie-woehl.de\/index.php?rest_route=\/wp\/v2\/users\/1"}],"replies":[{"embeddable":true,"href":"https:\/\/familie-woehl.de\/index.php?rest_route=%2Fwp%2Fv2%2Fcomments&post=146"}],"version-history":[{"count":5,"href":"https:\/\/familie-woehl.de\/index.php?rest_route=\/wp\/v2\/pages\/146\/revisions"}],"predecessor-version":[{"id":4175,"href":"https:\/\/familie-woehl.de\/index.php?rest_route=\/wp\/v2\/pages\/146\/revisions\/4175"}],"wp:featuredmedia":[{"embeddable":true,"href":"https:\/\/familie-woehl.de\/index.php?rest_route=\/wp\/v2\/media\/4176"}],"wp:attachment":[{"href":"https:\/\/familie-woehl.de\/index.php?rest_route=%2Fwp%2Fv2%2Fmedia&parent=146"}],"curies":[{"name":"wp","href":"https:\/\/api.w.org\/{rel}","templated":true}]}}