{"id":149,"date":"2012-11-12T17:06:22","date_gmt":"2012-11-12T15:06:22","guid":{"rendered":"http:\/\/familie-woehl.de\/?page_id=149"},"modified":"2019-01-19T21:12:19","modified_gmt":"2019-01-19T21:12:19","slug":"stephan-treptow-1-29-und-lise-hoeckendorf-1-30","status":"publish","type":"page","link":"https:\/\/familie-woehl.de\/?page_id=149","title":{"rendered":"Stephan Treptow (1.29) und Lise Hoeckendorf (1.30)"},"content":{"rendered":"\n<p>Namen auf -ow wie Treptow deuten auf wendischen Einschlag.<\/p>\n\n\n\n<p>Man findet ihn schon etwas weiter landeinw\u00e4rts in Saleske, dem Kirchdorf <em>(siehe oben die Kirche heute)<\/em>. Hier sind die Treptows als B\u00fcdner ans\u00e4ssig. Stephans Geburtsjahr ist 1799. Seine Eltern sind Hans Treptow und Dorothea Bodke. Schon in Saleske sind die Bedingungen f\u00fcr die Landwirtschaft viel g\u00fcnstiger. So vererbt sich die v\u00e4terliche B\u00fcdnerstelle weiter. Lise Hoeckendorf ist erst 18, als der immerhin schon 26j\u00e4hrige um ihre Hand anh\u00e4lt. Lises Eltern sind Michael und Trin Hoeckendorf, auch schon aus Saleske. Stephan und Lise setzen die landwirtschaftliche Tradition fort, und auch ihr 1831 geborener Sohn Albert <em>(2.15) <\/em>tut das. Die Alten sterben beide 1868. Fortan ist Albertine Scheunemann (2.16) als Sohn Alberts Frau B\u00e4urin auf dem Anwesen, genauer &#8222;B\u00fcdnerin&#8220;.<\/p>\n\n\n\n<div class=\"wp-block-button alignright\"><a class=\"wp-block-button__link\" href=\"https:\/\/familie-woehl.de\/?page_id=152\">n\u00e4chste Seite<\/a><\/div>\n","protected":false},"excerpt":{"rendered":"<p>Namen auf -ow wie Treptow deuten auf wendischen Einschlag. Man findet ihn schon etwas weiter landeinw\u00e4rts in Saleske, dem Kirchdorf (siehe oben die Kirche heute). Hier sind die Treptows als B\u00fcdner ans\u00e4ssig. Stephans Geburtsjahr ist 1799. Seine Eltern sind Hans Treptow und Dorothea Bodke. Schon in Saleske sind die Bedingungen f\u00fcr die Landwirtschaft viel g\u00fcnstiger. &hellip; <a href=\"https:\/\/familie-woehl.de\/?page_id=149\" class=\"more-link\"><span class=\"screen-reader-text\">Stephan Treptow (1.29) und Lise Hoeckendorf (1.30)<\/span> weiterlesen<\/a><\/p>\n","protected":false},"author":1,"featured_media":1695,"parent":0,"menu_order":0,"comment_status":"closed","ping_status":"open","template":"","meta":{"footnotes":""},"class_list":["post-149","page","type-page","status-publish","has-post-thumbnail","hentry"],"_links":{"self":[{"href":"https:\/\/familie-woehl.de\/index.php?rest_route=\/wp\/v2\/pages\/149","targetHints":{"allow":["GET"]}}],"collection":[{"href":"https:\/\/familie-woehl.de\/index.php?rest_route=\/wp\/v2\/pages"}],"about":[{"href":"https:\/\/familie-woehl.de\/index.php?rest_route=\/wp\/v2\/types\/page"}],"author":[{"embeddable":true,"href":"https:\/\/familie-woehl.de\/index.php?rest_route=\/wp\/v2\/users\/1"}],"replies":[{"embeddable":true,"href":"https:\/\/familie-woehl.de\/index.php?rest_route=%2Fwp%2Fv2%2Fcomments&post=149"}],"version-history":[{"count":5,"href":"https:\/\/familie-woehl.de\/index.php?rest_route=\/wp\/v2\/pages\/149\/revisions"}],"predecessor-version":[{"id":2457,"href":"https:\/\/familie-woehl.de\/index.php?rest_route=\/wp\/v2\/pages\/149\/revisions\/2457"}],"wp:featuredmedia":[{"embeddable":true,"href":"https:\/\/familie-woehl.de\/index.php?rest_route=\/wp\/v2\/media\/1695"}],"wp:attachment":[{"href":"https:\/\/familie-woehl.de\/index.php?rest_route=%2Fwp%2Fv2%2Fmedia&parent=149"}],"curies":[{"name":"wp","href":"https:\/\/api.w.org\/{rel}","templated":true}]}}