{"id":152,"date":"2012-11-12T17:07:42","date_gmt":"2012-11-12T15:07:42","guid":{"rendered":"http:\/\/familie-woehl.de\/?page_id=152"},"modified":"2019-01-19T21:24:50","modified_gmt":"2019-01-19T21:24:50","slug":"daniel-scheunemann-1-31-und-johanna-lemm-1-32","status":"publish","type":"page","link":"https:\/\/familie-woehl.de\/?page_id=152","title":{"rendered":"Daniel Scheunemann (1.31) und Johanna Lemm (1.32)"},"content":{"rendered":"\n<p>Die Scheunemanns sind Landwirte aus der Pustaminer Ecke, einige km vom Strand entfernt, wo man schon bessere Ertr\u00e4ge erwirtschaften kann. Der um 1800 geborene Daniel existiert f\u00fcr die Kirche nicht; keiner wei\u00df, ob aus Versehen oder durch Ungnade. Da es um diese Zeit noch keine Standes\u00e4mter gibt, erfahren wir Daniels Geburtsdatum nicht. Jedoch ist beurkundet, dass er die 21j\u00e4hrige Tochter Johanna der Eheleute Gottfried und Gottliebe Lemm aus Pustamin heiratet. Daniel und Johanna wird 7 Jahre sp\u00e4ter eine Tochter namens Albertine (2.16) geboren, die die Frau von Albert Treptow (2.15) werden wird.<\/p>\n\n\n\n<p class=\"has-small-font-size\">Das obige Bild von Pustamin stammt von der <a href=\"http:\/\/www.postomino.pl\">Internet-Seite der polnischen Gemeinde Postomino<\/a><\/p>\n\n\n\n<div class=\"wp-block-button alignright\"><a class=\"wp-block-button__link\" href=\"https:\/\/familie-woehl.de\/?page_id=162\">n\u00e4chste Seite<\/a><\/div>\n","protected":false},"excerpt":{"rendered":"<p>Die Scheunemanns sind Landwirte aus der Pustaminer Ecke, einige km vom Strand entfernt, wo man schon bessere Ertr\u00e4ge erwirtschaften kann. Der um 1800 geborene Daniel existiert f\u00fcr die Kirche nicht; keiner wei\u00df, ob aus Versehen oder durch Ungnade. Da es um diese Zeit noch keine Standes\u00e4mter gibt, erfahren wir Daniels Geburtsdatum nicht. Jedoch ist beurkundet, &hellip; <a href=\"https:\/\/familie-woehl.de\/?page_id=152\" class=\"more-link\"><span class=\"screen-reader-text\">Daniel Scheunemann (1.31) und Johanna Lemm (1.32)<\/span> weiterlesen<\/a><\/p>\n","protected":false},"author":1,"featured_media":2459,"parent":0,"menu_order":0,"comment_status":"closed","ping_status":"open","template":"","meta":{"footnotes":""},"class_list":["post-152","page","type-page","status-publish","has-post-thumbnail","hentry"],"_links":{"self":[{"href":"https:\/\/familie-woehl.de\/index.php?rest_route=\/wp\/v2\/pages\/152","targetHints":{"allow":["GET"]}}],"collection":[{"href":"https:\/\/familie-woehl.de\/index.php?rest_route=\/wp\/v2\/pages"}],"about":[{"href":"https:\/\/familie-woehl.de\/index.php?rest_route=\/wp\/v2\/types\/page"}],"author":[{"embeddable":true,"href":"https:\/\/familie-woehl.de\/index.php?rest_route=\/wp\/v2\/users\/1"}],"replies":[{"embeddable":true,"href":"https:\/\/familie-woehl.de\/index.php?rest_route=%2Fwp%2Fv2%2Fcomments&post=152"}],"version-history":[{"count":5,"href":"https:\/\/familie-woehl.de\/index.php?rest_route=\/wp\/v2\/pages\/152\/revisions"}],"predecessor-version":[{"id":2460,"href":"https:\/\/familie-woehl.de\/index.php?rest_route=\/wp\/v2\/pages\/152\/revisions\/2460"}],"wp:featuredmedia":[{"embeddable":true,"href":"https:\/\/familie-woehl.de\/index.php?rest_route=\/wp\/v2\/media\/2459"}],"wp:attachment":[{"href":"https:\/\/familie-woehl.de\/index.php?rest_route=%2Fwp%2Fv2%2Fmedia&parent=152"}],"curies":[{"name":"wp","href":"https:\/\/api.w.org\/{rel}","templated":true}]}}