{"id":159,"date":"2012-11-12T18:55:27","date_gmt":"2012-11-12T16:55:27","guid":{"rendered":"http:\/\/familie-woehl.de\/?page_id=159"},"modified":"2022-02-03T13:10:34","modified_gmt":"2022-02-03T13:10:34","slug":"ruchelstockmann-linie-um-1820-2-9-16","status":"publish","type":"page","link":"https:\/\/familie-woehl.de\/?page_id=159","title":{"rendered":"R\u00fcchel-Vorf. nach 1820 (2.9-16)"},"content":{"rendered":"\n<p>Nun kommen wir wieder zur Linie R\u00fcchel\/St\u00f6ckmann, \u00fcber die Oma Bertha (4.4) zu erz\u00e4hlen wei\u00df:<\/p>\n\n\n\n<div class=\"wp-block-button alignright\"><a class=\"wp-block-button__link\" href=\"https:\/\/familie-woehl.de\/?page_id=178\">n\u00e4chste Seite<\/a><\/div>\n\n\n\n<p class=\"has-small-font-size\"><em>Obiges Foto vom 13.7.1913 zeigt ein an Land gezogenes Fischerboot in Salesker Strand.<\/em><\/p>\n","protected":false},"excerpt":{"rendered":"<p>Nun kommen wir wieder zur Linie R\u00fcchel\/St\u00f6ckmann, \u00fcber die Oma Bertha (4.4) zu erz\u00e4hlen wei\u00df: Obiges Foto vom 13.7.1913 zeigt ein an Land gezogenes Fischerboot in Salesker Strand.<\/p>\n","protected":false},"author":1,"featured_media":1035,"parent":0,"menu_order":0,"comment_status":"closed","ping_status":"open","template":"","meta":{"footnotes":""},"class_list":["post-159","page","type-page","status-publish","has-post-thumbnail","hentry"],"_links":{"self":[{"href":"https:\/\/familie-woehl.de\/index.php?rest_route=\/wp\/v2\/pages\/159","targetHints":{"allow":["GET"]}}],"collection":[{"href":"https:\/\/familie-woehl.de\/index.php?rest_route=\/wp\/v2\/pages"}],"about":[{"href":"https:\/\/familie-woehl.de\/index.php?rest_route=\/wp\/v2\/types\/page"}],"author":[{"embeddable":true,"href":"https:\/\/familie-woehl.de\/index.php?rest_route=\/wp\/v2\/users\/1"}],"replies":[{"embeddable":true,"href":"https:\/\/familie-woehl.de\/index.php?rest_route=%2Fwp%2Fv2%2Fcomments&post=159"}],"version-history":[{"count":5,"href":"https:\/\/familie-woehl.de\/index.php?rest_route=\/wp\/v2\/pages\/159\/revisions"}],"predecessor-version":[{"id":4182,"href":"https:\/\/familie-woehl.de\/index.php?rest_route=\/wp\/v2\/pages\/159\/revisions\/4182"}],"wp:featuredmedia":[{"embeddable":true,"href":"https:\/\/familie-woehl.de\/index.php?rest_route=\/wp\/v2\/media\/1035"}],"wp:attachment":[{"href":"https:\/\/familie-woehl.de\/index.php?rest_route=%2Fwp%2Fv2%2Fmedia&parent=159"}],"curies":[{"name":"wp","href":"https:\/\/api.w.org\/{rel}","templated":true}]}}