{"id":162,"date":"2012-11-12T18:57:44","date_gmt":"2012-11-12T16:57:44","guid":{"rendered":"http:\/\/familie-woehl.de\/?page_id=162"},"modified":"2019-01-20T16:52:40","modified_gmt":"2019-01-20T16:52:40","slug":"wohllhinrichs-linie-um-1820-2-1-8","status":"publish","type":"page","link":"https:\/\/familie-woehl.de\/?page_id=162","title":{"rendered":"W\u00f6hl-Vorf. nach 1820 (2.1-8)"},"content":{"rendered":"\n<p>Mehr, als auf den vorherigen Seiten beschrieben,&nbsp;wissen wir \u00fcber diese Urururgro\u00dfelterngeneration von Kai, Rita und Jan W\u00f6hl nicht. Aber daf\u00fcr, dass dies alles schon etwa 200 Jahre her ist, erscheint es als eine ganze Menge. Wir wollen uns nun der n\u00e4chsten Generation, die so um 1820 geboren ist, zuwenden. F\u00fcr Kai, Rita und Jan sind es die Ururgro\u00dfeltern. Der Schreiber Bruno <em>(5.1) <\/em>hat auch diese und die n\u00e4chstfolgende Generation nicht mehr kennengelernt und ist darum darauf angewiesen, weiterhin nach H\u00f6rensagen zu berichten.<\/p>\n\n\n\n<h4 class=\"wp-block-heading\">Die um 1820 geborene Generation<\/h4>\n\n\n\n<p>Die Ururgro\u00dfeltern von Kai, Rita und Jan W\u00f6hl:<\/p>\n\n\n\n<div class=\"wp-block-button alignright\"><a class=\"wp-block-button__link\" href=\"https:\/\/familie-woehl.de\/?page_id=165\">n\u00e4chste Seite<\/a><\/div>\n","protected":false},"excerpt":{"rendered":"<p>Mehr, als auf den vorherigen Seiten beschrieben,&nbsp;wissen wir \u00fcber diese Urururgro\u00dfelterngeneration von Kai, Rita und Jan W\u00f6hl nicht. Aber daf\u00fcr, dass dies alles schon etwa 200 Jahre her ist, erscheint es als eine ganze Menge. Wir wollen uns nun der n\u00e4chsten Generation, die so um 1820 geboren ist, zuwenden. F\u00fcr Kai, Rita und Jan sind &hellip; <a href=\"https:\/\/familie-woehl.de\/?page_id=162\" class=\"more-link\"><span class=\"screen-reader-text\">W\u00f6hl-Vorf. nach 1820 (2.1-8)<\/span> weiterlesen<\/a><\/p>\n","protected":false},"author":1,"featured_media":2465,"parent":0,"menu_order":0,"comment_status":"closed","ping_status":"open","template":"","meta":{"footnotes":""},"class_list":["post-162","page","type-page","status-publish","has-post-thumbnail","hentry"],"_links":{"self":[{"href":"https:\/\/familie-woehl.de\/index.php?rest_route=\/wp\/v2\/pages\/162","targetHints":{"allow":["GET"]}}],"collection":[{"href":"https:\/\/familie-woehl.de\/index.php?rest_route=\/wp\/v2\/pages"}],"about":[{"href":"https:\/\/familie-woehl.de\/index.php?rest_route=\/wp\/v2\/types\/page"}],"author":[{"embeddable":true,"href":"https:\/\/familie-woehl.de\/index.php?rest_route=\/wp\/v2\/users\/1"}],"replies":[{"embeddable":true,"href":"https:\/\/familie-woehl.de\/index.php?rest_route=%2Fwp%2Fv2%2Fcomments&post=162"}],"version-history":[{"count":4,"href":"https:\/\/familie-woehl.de\/index.php?rest_route=\/wp\/v2\/pages\/162\/revisions"}],"predecessor-version":[{"id":2466,"href":"https:\/\/familie-woehl.de\/index.php?rest_route=\/wp\/v2\/pages\/162\/revisions\/2466"}],"wp:featuredmedia":[{"embeddable":true,"href":"https:\/\/familie-woehl.de\/index.php?rest_route=\/wp\/v2\/media\/2465"}],"wp:attachment":[{"href":"https:\/\/familie-woehl.de\/index.php?rest_route=%2Fwp%2Fv2%2Fmedia&parent=162"}],"curies":[{"name":"wp","href":"https:\/\/api.w.org\/{rel}","templated":true}]}}