{"id":172,"date":"2012-11-12T19:18:22","date_gmt":"2012-11-12T17:18:22","guid":{"rendered":"http:\/\/familie-woehl.de\/?page_id=172"},"modified":"2019-01-25T17:43:24","modified_gmt":"2019-01-25T17:43:24","slug":"hinrichs-2-5-und-elisabeth-ahrendt-2-6","status":"publish","type":"page","link":"https:\/\/familie-woehl.de\/?page_id=172","title":{"rendered":"&#8230; Hinrichs (2.5) und Elisabeth Ahrendt (2.6)"},"content":{"rendered":"\n<p>Nun sind wir wieder bei der Hinrichs-Sippe mit dem ,,Taternblut\u201d. Uns fehlt der Vorname von Christians (3.3) Vater. Oma Wiesche (3.4) erz\u00e4hlt von der Hinrichschen Ackerb\u00fcrgerei in der Kleinstadt <a rel=\"noreferrer noopener\" aria-label=\" (\u00f6ffnet in neuem Tab)\" href=\"http:\/\/de.wikipedia.org\/wiki\/Parchim\" target=\"_blank\">Parchim in Mecklenburg<\/a>. Dieser vornamenlose Hinrichs, der 1810 geboren wird, heiratet erst mit 50, also 1860, Elisabeth Arendt, die 17 Jahre j\u00fcnger ist als er. Sie stammt aus dem benachbarten <a href=\"http:\/\/de.wikipedia.org\/wiki\/Brenz_(Mecklenburg)\" target=\"_blank\" rel=\"noreferrer noopener\" aria-label=\" (\u00f6ffnet in neuem Tab)\">Neu Brenz<\/a>. Sie wirtschaftet als Ackerb\u00fcrgerin zwar hervorragend, aber es soll keinen Segen bringen, weil ihr \u00e4ltester Sohn, der den Hof \u00fcbernehmen soll, zum Trinker wird und sp\u00e4ter den ganzen Hof verwirtschaftet. Sein Vater nimmt zwar auch gern einen zur Brust, gilt aber dennoch als rechtschaffen. Leider l\u00e4\u00dft man den j\u00fcngeren Sohn Christian (3.3), der tierlieb ist, nicht in die Ackerb\u00fcrgerei einsteigen, sondern das Schusterhandwerk erlernen. In der Heirat mit Oma Wiesche (3.4) wird er unsere Ahnenreihe fortsetzen. Sein Vater wird 78, und Mutter Elisabeth \u00fcberlebt ihn noch um einige Jahre trotz des gro\u00dfen Kummers durch Rudolf.<\/p>\n\n\n\n<p class=\"has-small-font-size\"><em>Das obige Luftbild der Parchimer Altstadt  stammt von&nbsp;<\/em>Foxvox89 [CC BY-SA 4.0 (https:\/\/creativecommons.org\/licenses\/by-sa\/4.0)], from Wikimedia Commons, <a href=\"https:\/\/commons.wikimedia.org\/wiki\/File:Luftbild_Parchim_-Altstadt-_Eldearme.jpg\">https:\/\/commons.wikimedia.org\/wiki\/File:Luftbild_Parchim_-<\/a><em><a href=\"https:\/\/commons.wikimedia.org\/wiki\/File:Luftbild_Parchim_-Altstadt-_Eldearme.jpg\">Altstadt<\/a><\/em><a href=\"https:\/\/commons.wikimedia.org\/wiki\/File:Luftbild_Parchim_-Altstadt-_Eldearme.jpg\">-_Eldearme.jpg<\/a><\/p>\n\n\n\n<div class=\"wp-block-button alignright\"><a class=\"wp-block-button__link\" href=\"https:\/\/familie-woehl.de\/?page_id=175\">n\u00e4chste Seite<\/a><\/div>\n","protected":false},"excerpt":{"rendered":"<p>Nun sind wir wieder bei der Hinrichs-Sippe mit dem ,,Taternblut\u201d. Uns fehlt der Vorname von Christians (3.3) Vater. Oma Wiesche (3.4) erz\u00e4hlt von der Hinrichschen Ackerb\u00fcrgerei in der Kleinstadt Parchim in Mecklenburg. Dieser vornamenlose Hinrichs, der 1810 geboren wird, heiratet erst mit 50, also 1860, Elisabeth Arendt, die 17 Jahre j\u00fcnger ist als er. Sie &hellip; <a href=\"https:\/\/familie-woehl.de\/?page_id=172\" class=\"more-link\"><span class=\"screen-reader-text\">&#8230; Hinrichs (2.5) und Elisabeth Ahrendt (2.6)<\/span> weiterlesen<\/a><\/p>\n","protected":false},"author":1,"featured_media":2475,"parent":0,"menu_order":0,"comment_status":"closed","ping_status":"open","template":"","meta":{"footnotes":""},"class_list":["post-172","page","type-page","status-publish","has-post-thumbnail","hentry"],"_links":{"self":[{"href":"https:\/\/familie-woehl.de\/index.php?rest_route=\/wp\/v2\/pages\/172","targetHints":{"allow":["GET"]}}],"collection":[{"href":"https:\/\/familie-woehl.de\/index.php?rest_route=\/wp\/v2\/pages"}],"about":[{"href":"https:\/\/familie-woehl.de\/index.php?rest_route=\/wp\/v2\/types\/page"}],"author":[{"embeddable":true,"href":"https:\/\/familie-woehl.de\/index.php?rest_route=\/wp\/v2\/users\/1"}],"replies":[{"embeddable":true,"href":"https:\/\/familie-woehl.de\/index.php?rest_route=%2Fwp%2Fv2%2Fcomments&post=172"}],"version-history":[{"count":7,"href":"https:\/\/familie-woehl.de\/index.php?rest_route=\/wp\/v2\/pages\/172\/revisions"}],"predecessor-version":[{"id":2680,"href":"https:\/\/familie-woehl.de\/index.php?rest_route=\/wp\/v2\/pages\/172\/revisions\/2680"}],"wp:featuredmedia":[{"embeddable":true,"href":"https:\/\/familie-woehl.de\/index.php?rest_route=\/wp\/v2\/media\/2475"}],"wp:attachment":[{"href":"https:\/\/familie-woehl.de\/index.php?rest_route=%2Fwp%2Fv2%2Fmedia&parent=172"}],"curies":[{"name":"wp","href":"https:\/\/api.w.org\/{rel}","templated":true}]}}