{"id":178,"date":"2012-11-12T19:29:46","date_gmt":"2012-11-12T17:29:46","guid":{"rendered":"http:\/\/familie-woehl.de\/?page_id=178"},"modified":"2019-01-25T17:46:30","modified_gmt":"2019-01-25T17:46:30","slug":"wilhelm-ruchel-2-9-und-sophia-kruger-2-10","status":"publish","type":"page","link":"https:\/\/familie-woehl.de\/?page_id=178","title":{"rendered":"Wilhelm R\u00fcchel (2.9) und Sophia Kr\u00fcger  (2.10)"},"content":{"rendered":"\n<p>Martin R\u00fcchel <em>(4.5) <\/em>wei\u00df \u00fcber seinen Gro\u00dfvater nicht mehr, als dass Wilhelm und Sophia als Fischer in <a rel=\"noreferrer noopener\" aria-label=\" (\u00f6ffnet in neuem Tab)\" href=\"http:\/\/de.wikipedia.org\/wiki\/Dziwn%C3%B3w\" target=\"_blank\">Westdievenow<\/a> gelebt haben wie die \u00fcbrigen Ahnen. <em>(Neuere Daten von Hans-Dieter Wallschl\u00e4ger lieferten\u00a0ihre Gebutstage und weiteren Vornamen, die in Brunos Stammbaum erg\u00e4nzt wurden. Daraus geht auch\u00a0hervor, dass Sophia aus Fritzow stammt und dass die weiteren Kinder dieser Ehe\u00a0 Friedrich <span style=\"text-decoration: underline;\">Erdreich<\/span> R\u00fcchel, geb. 26.03.1853, <span style=\"text-decoration: underline;\">Heinrich<\/span> Friedrich, geb. 20.02.1855 in West-Dievenow und Luise Friederike, geb. 15.11.1856 in West-Dievenow, verst. ca. 26.09.1938 in Dievenow, verh. Kr\u00fcger waren.)\u00a0<\/em>\u00a0\u00c4hnlich wie auf Saleskerstrand sind es auch in Westdievenow immer wieder dieselben Namen: R\u00fcchel, Schmiedeberg, Kr\u00fcger, die nat\u00fcrlich stark miteinander verschw\u00e4gert sind. Beurkundete Daten haben wir auch in dieser Generation der R\u00fcchels noch nicht, denn keiner von ihnen hat die Ahnenforschung zum Hobby, und auch die Nazis verlangen von Fischern nicht den Nachweis der arischen Abstammung.<\/p>\n\n\n\n<p><em>Die obige Postkarte von 1913 zeigt ein Fischerhaus in Westdievenow.<\/em><\/p>\n\n\n\n<div class=\"wp-block-button alignright\"><a class=\"wp-block-button__link\" href=\"https:\/\/familie-woehl.de\/?page_id=181\">n\u00e4chste Seite<\/a><\/div>\n","protected":false},"excerpt":{"rendered":"<p>Martin R\u00fcchel (4.5) wei\u00df \u00fcber seinen Gro\u00dfvater nicht mehr, als dass Wilhelm und Sophia als Fischer in Westdievenow gelebt haben wie die \u00fcbrigen Ahnen. (Neuere Daten von Hans-Dieter Wallschl\u00e4ger lieferten\u00a0ihre Gebutstage und weiteren Vornamen, die in Brunos Stammbaum erg\u00e4nzt wurden. Daraus geht auch\u00a0hervor, dass Sophia aus Fritzow stammt und dass die weiteren Kinder dieser Ehe\u00a0 &hellip; <a href=\"https:\/\/familie-woehl.de\/?page_id=178\" class=\"more-link\"><span class=\"screen-reader-text\">Wilhelm R\u00fcchel (2.9) und Sophia Kr\u00fcger  (2.10)<\/span> weiterlesen<\/a><\/p>\n","protected":false},"author":1,"featured_media":2497,"parent":0,"menu_order":0,"comment_status":"closed","ping_status":"open","template":"","meta":{"footnotes":""},"class_list":["post-178","page","type-page","status-publish","has-post-thumbnail","hentry"],"_links":{"self":[{"href":"https:\/\/familie-woehl.de\/index.php?rest_route=\/wp\/v2\/pages\/178","targetHints":{"allow":["GET"]}}],"collection":[{"href":"https:\/\/familie-woehl.de\/index.php?rest_route=\/wp\/v2\/pages"}],"about":[{"href":"https:\/\/familie-woehl.de\/index.php?rest_route=\/wp\/v2\/types\/page"}],"author":[{"embeddable":true,"href":"https:\/\/familie-woehl.de\/index.php?rest_route=\/wp\/v2\/users\/1"}],"replies":[{"embeddable":true,"href":"https:\/\/familie-woehl.de\/index.php?rest_route=%2Fwp%2Fv2%2Fcomments&post=178"}],"version-history":[{"count":6,"href":"https:\/\/familie-woehl.de\/index.php?rest_route=\/wp\/v2\/pages\/178\/revisions"}],"predecessor-version":[{"id":2683,"href":"https:\/\/familie-woehl.de\/index.php?rest_route=\/wp\/v2\/pages\/178\/revisions\/2683"}],"wp:featuredmedia":[{"embeddable":true,"href":"https:\/\/familie-woehl.de\/index.php?rest_route=\/wp\/v2\/media\/2497"}],"wp:attachment":[{"href":"https:\/\/familie-woehl.de\/index.php?rest_route=%2Fwp%2Fv2%2Fmedia&parent=178"}],"curies":[{"name":"wp","href":"https:\/\/api.w.org\/{rel}","templated":true}]}}