{"id":184,"date":"2012-11-12T19:35:36","date_gmt":"2012-11-12T17:35:36","guid":{"rendered":"http:\/\/familie-woehl.de\/?page_id=184"},"modified":"2022-02-03T12:13:40","modified_gmt":"2022-02-03T12:13:40","slug":"george-stoeckmann-2-13-und-christine-meyer-2-14","status":"publish","type":"page","link":"https:\/\/familie-woehl.de\/?page_id=184","title":{"rendered":"George Stoeckmann (2.13 ) und Christine Meyer (2.14)"},"content":{"rendered":"\n<div class=\"wp-block-image\"><figure class=\"alignright size-medium\"><a href=\"https:\/\/familie-woehl.de\/wp-content\/uploads\/2022\/02\/Wanderduene_S42.jpg\"><img loading=\"lazy\" decoding=\"async\" width=\"202\" height=\"300\" src=\"https:\/\/familie-woehl.de\/wp-content\/uploads\/2022\/02\/Wanderduene_S42-202x300.jpg\" alt=\"\" class=\"wp-image-4177\" srcset=\"https:\/\/familie-woehl.de\/wp-content\/uploads\/2022\/02\/Wanderduene_S42-202x300.jpg 202w, https:\/\/familie-woehl.de\/wp-content\/uploads\/2022\/02\/Wanderduene_S42-690x1024.jpg 690w, https:\/\/familie-woehl.de\/wp-content\/uploads\/2022\/02\/Wanderduene_S42-101x150.jpg 101w, https:\/\/familie-woehl.de\/wp-content\/uploads\/2022\/02\/Wanderduene_S42-768x1140.jpg 768w, https:\/\/familie-woehl.de\/wp-content\/uploads\/2022\/02\/Wanderduene_S42-1034x1536.jpg 1034w, https:\/\/familie-woehl.de\/wp-content\/uploads\/2022\/02\/Wanderduene_S42.jpg 1287w\" sizes=\"auto, (max-width: 202px) 100vw, 202px\" \/><\/a><\/figure><\/div>\n\n\n\n<p>George wird B\u00fcdner wie sein Vater J\u00fcrgen in <a title=\"Beschreibung von Saleske mit Ortsteil Saleskerstrand\" href=\"http:\/\/ueberlauf.com\/Ort_Saleske.html\">Saleskerstrand<\/a>, wo die Ernteertr\u00e4ge zu w\u00fcnschen \u00fcbrig lassen. Man schwankt deshalb zwischen Landwirtschaft und Fischerei. Die Wanderd\u00fcne vertreibt George an die dritte Stelle seit Gr\u00fcndung, etwa <em>3 <\/em>km ins Landesinnere, wo das Dorf neu errichtet wird. <\/p>\n\n\n\n<div class=\"wp-block-image\"><figure class=\"alignleft\"><a href=\"https:\/\/familie-woehl.de\/wp-content\/uploads\/2019\/01\/Karte_Saleskerstrand.jpg\"><img loading=\"lazy\" decoding=\"async\" width=\"300\" height=\"250\" src=\"https:\/\/familie-woehl.de\/wp-content\/uploads\/2012\/11\/Saleskerstrand_Kartenausschnitt-300x250.jpg\" alt=\"\" class=\"wp-image-927\" srcset=\"https:\/\/familie-woehl.de\/wp-content\/uploads\/2012\/11\/Saleskerstrand_Kartenausschnitt-300x250.jpg 300w, https:\/\/familie-woehl.de\/wp-content\/uploads\/2012\/11\/Saleskerstrand_Kartenausschnitt-150x125.jpg 150w, https:\/\/familie-woehl.de\/wp-content\/uploads\/2012\/11\/Saleskerstrand_Kartenausschnitt.jpg 578w\" sizes=\"auto, (max-width: 300px) 100vw, 300px\" \/><\/a><\/figure><\/div>\n\n\n\n<p>Es z\u00e4hlt um diese Zeit etwa 18 H\u00e4user. Das von George liegt an der Wegegabelung Saleske-Ostsee-Schlakow<em>&nbsp;(Im nebenstehenden Kartenausschnitt ist es das mit &#8222;F.&#8220; f\u00fcr Forsthaus gekennzeichnete Geb\u00e4ude)<\/em>. Gegen\u00fcber wird sp\u00e4ter die Schule erbaut. Wenn man von dem au\u00dferhalb gelegenen Brink absieht, ist das Stoeckmannsche Haus das erste des Dorfes. Aber auch sinnbildlich ist es das erste. Durch Generationen hat es sich herausgebildet, dass man sich bei den Stoeckmanns Rat holt. Sie helfen, wo sie k\u00f6nnen. Im Vergleich mit den anderen Dorfbewohnern geht es den Stoeckmanns geldlich am besten, obwohl ihre Bedingungen keineswegs g\u00fcnstiger sind. Sie trinken nicht und k\u00f6nnen gut wirtschaften. Andere betteln beim Salesker Gutsherrn von Below, aber dazu sind die Stoeckmanns zu stolz. Sie wollen es in allen Lebenslagen selbst schaffen. So versuchen sie es sogar mit Gastwirtschaftsbetrieb, aber dies rentiert sich im Hinblick auf die zu arme Kundschaft nicht. Doch der Spitzname &#8222;Kr\u00e4ugers&#8220; bleibt. <\/p>\n\n\n\n<div class=\"wp-block-image\"><figure class=\"alignright size-thumbnail\"><a href=\"https:\/\/familie-woehl.de\/wp-content\/uploads\/2022\/01\/Die_Fischer_von_Saleskerstrand-S_07-11.pdf\" target=\"_blank\" rel=\"noopener\"><img loading=\"lazy\" decoding=\"async\" width=\"150\" height=\"78\" src=\"https:\/\/familie-woehl.de\/wp-content\/uploads\/2022\/01\/Die_Fischer_von_Saleskerstrand-150x78.jpg\" alt=\"\" class=\"wp-image-4145\" srcset=\"https:\/\/familie-woehl.de\/wp-content\/uploads\/2022\/01\/Die_Fischer_von_Saleskerstrand-150x78.jpg 150w, https:\/\/familie-woehl.de\/wp-content\/uploads\/2022\/01\/Die_Fischer_von_Saleskerstrand-300x156.jpg 300w, https:\/\/familie-woehl.de\/wp-content\/uploads\/2022\/01\/Die_Fischer_von_Saleskerstrand.jpg 725w\" sizes=\"auto, (max-width: 150px) 100vw, 150px\" \/><\/a><figcaption>Aberglaube, Hexerei, u.\u00e4 sind hier ausf\u00fchrlich beschrieben<\/figcaption><\/figure><\/div>\n\n\n\n<p>Alle Str\u00e4nder haben Spitznamen. Sonst k\u00f6nnte man die verschiedenen St\u00f6ckmanns, Moldenhauers und Meyers nicht unterscheiden. Oma Bertha (4.4) erz\u00e4hlt von ,,Endjobs (Meyer), Schepers (Moldenhauer), Hannabers (Meyer), Hanne (St\u00f6ckmann), Grote (Moldenhauer), Pole (Meyer), Schipperjobs (Moldenhauer), K\u00f6ter (Meyer), Schulte (St\u00f6ckmann), Brinkmichel (St\u00f6ckmaun), Kammejers (Meyer), Lotteke (St\u00f6ckmann) und Minneke (St\u00f6ckmann). Nun sind sie wohl alle vorgestellt. Nat\u00fcrlich k\u00f6nnen auch einige davon hexen oder haben wenigstens den b\u00f6sen Blick daf\u00fcr. Aber unseren St\u00f6ckmanns k\u00f6nnen sie zu ihrem Leidwesen nichts anhaben, weil sie nicht abergl\u00e4ubisch sind.<\/p>\n\n\n\n<p><em>An dieser Namensgleichheit der Familien von Saleskerstrand \u00e4ndert sich auch in den n\u00e4chsten 100 Jahren nichts, wie die Ortsskizze zeigt, die der ehemalige B\u00fcrgermeister von Saleske Reinhold Pr\u00f6hl 1956 in Westdeutschland aus der Erinnerung angefertigt hat und die Uwe Kerntopf freundlicherweise zur Verf\u00fcgung gestellt hat:<\/em><\/p>\n\n\n\n<figure class=\"wp-block-image size-large\"><img loading=\"lazy\" decoding=\"async\" width=\"858\" height=\"1024\" src=\"https:\/\/familie-woehl.de\/wp-content\/uploads\/2020\/03\/Saleskerstrand-Ortsskizze_erg-2-858x1024.jpg\" alt=\"\" class=\"wp-image-3504\" srcset=\"https:\/\/familie-woehl.de\/wp-content\/uploads\/2020\/03\/Saleskerstrand-Ortsskizze_erg-2-858x1024.jpg 858w, https:\/\/familie-woehl.de\/wp-content\/uploads\/2020\/03\/Saleskerstrand-Ortsskizze_erg-2-251x300.jpg 251w, https:\/\/familie-woehl.de\/wp-content\/uploads\/2020\/03\/Saleskerstrand-Ortsskizze_erg-2-126x150.jpg 126w, https:\/\/familie-woehl.de\/wp-content\/uploads\/2020\/03\/Saleskerstrand-Ortsskizze_erg-2-768x917.jpg 768w, https:\/\/familie-woehl.de\/wp-content\/uploads\/2020\/03\/Saleskerstrand-Ortsskizze_erg-2-1286x1536.jpg 1286w, https:\/\/familie-woehl.de\/wp-content\/uploads\/2020\/03\/Saleskerstrand-Ortsskizze_erg-2-1715x2048.jpg 1715w\" sizes=\"auto, (max-width: 858px) 100vw, 858px\" \/><figcaption> Ortsskizze von Salesker-Strand mit den Familiennamen <\/figcaption><\/figure>\n\n\n\n<p>Mit 26 Jahren heiratet George Stoeckmann die gleichaltrige Christine Meyer, auch aus Saleskerstrand. Von ihren Kindern setzt August (3.7) unsere Ahnenreihe fort. Mutter Christine wird nur 47 Jahre alt. Die Strander haben mit b\u00f6sen Krankheiten zu k\u00e4mpfen, weil das Leben hier so hart ist. Vater George \u00fcberlebt Christine um 12 Jahre.<\/p>\n\n\n\n<div class=\"wp-block-button alignright\"><a class=\"wp-block-button__link\" href=\"https:\/\/familie-woehl.de\/?page_id=188\">n\u00e4chste Seite<\/a><\/div>\n","protected":false},"excerpt":{"rendered":"<p>George wird B\u00fcdner wie sein Vater J\u00fcrgen in Saleskerstrand, wo die Ernteertr\u00e4ge zu w\u00fcnschen \u00fcbrig lassen. Man schwankt deshalb zwischen Landwirtschaft und Fischerei. Die Wanderd\u00fcne vertreibt George an die dritte Stelle seit Gr\u00fcndung, etwa 3 km ins Landesinnere, wo das Dorf neu errichtet wird. Es z\u00e4hlt um diese Zeit etwa 18 H\u00e4user. Das von George &hellip; <a href=\"https:\/\/familie-woehl.de\/?page_id=184\" class=\"more-link\"><span class=\"screen-reader-text\">George Stoeckmann (2.13 ) und Christine Meyer (2.14)<\/span> weiterlesen<\/a><\/p>\n","protected":false},"author":1,"featured_media":742,"parent":0,"menu_order":0,"comment_status":"closed","ping_status":"open","template":"","meta":{"footnotes":""},"class_list":["post-184","page","type-page","status-publish","has-post-thumbnail","hentry"],"_links":{"self":[{"href":"https:\/\/familie-woehl.de\/index.php?rest_route=\/wp\/v2\/pages\/184","targetHints":{"allow":["GET"]}}],"collection":[{"href":"https:\/\/familie-woehl.de\/index.php?rest_route=\/wp\/v2\/pages"}],"about":[{"href":"https:\/\/familie-woehl.de\/index.php?rest_route=\/wp\/v2\/types\/page"}],"author":[{"embeddable":true,"href":"https:\/\/familie-woehl.de\/index.php?rest_route=\/wp\/v2\/users\/1"}],"replies":[{"embeddable":true,"href":"https:\/\/familie-woehl.de\/index.php?rest_route=%2Fwp%2Fv2%2Fcomments&post=184"}],"version-history":[{"count":12,"href":"https:\/\/familie-woehl.de\/index.php?rest_route=\/wp\/v2\/pages\/184\/revisions"}],"predecessor-version":[{"id":4179,"href":"https:\/\/familie-woehl.de\/index.php?rest_route=\/wp\/v2\/pages\/184\/revisions\/4179"}],"wp:featuredmedia":[{"embeddable":true,"href":"https:\/\/familie-woehl.de\/index.php?rest_route=\/wp\/v2\/media\/742"}],"wp:attachment":[{"href":"https:\/\/familie-woehl.de\/index.php?rest_route=%2Fwp%2Fv2%2Fmedia&parent=184"}],"curies":[{"name":"wp","href":"https:\/\/api.w.org\/{rel}","templated":true}]}}