{"id":3786,"date":"2021-01-24T17:44:58","date_gmt":"2021-01-24T17:44:58","guid":{"rendered":"https:\/\/familie-woehl.de\/?page_id=3786"},"modified":"2021-01-25T11:22:23","modified_gmt":"2021-01-25T11:22:23","slug":"dokumente-zu-brunos-berufsleben","status":"publish","type":"page","link":"https:\/\/familie-woehl.de\/?page_id=3786","title":{"rendered":"Dokumente zu Brunos Berufsleben"},"content":{"rendered":"\n<p>Die Dokumente zur beruflichen T\u00e4tigkeit von unserem Vater Bruno W\u00f6hl, die Jan im Nachlass noch gefunden hat, werden hier in zeitlicher Reihenfolge dargestellt.<\/p>\n\n\n\n<h2 class=\"wp-block-heading\">Beginn von Brunos Postlaufbahn vor dem Krieg<\/h2>\n\n\n\n<figure class=\"wp-block-gallery columns-3 is-cropped wp-block-gallery-1 is-layout-flex wp-block-gallery-is-layout-flex\"><ul class=\"blocks-gallery-grid\"><li class=\"blocks-gallery-item\"><figure><a href=\"https:\/\/familie-woehl.de\/wp-content\/uploads\/2021\/01\/Bruno_Woehl_Supernumerar-770x1024.png\"><img loading=\"lazy\" decoding=\"async\" width=\"770\" height=\"1024\" src=\"https:\/\/familie-woehl.de\/wp-content\/uploads\/2021\/01\/Bruno_Woehl_Supernumerar-770x1024.png\" alt=\"\" data-id=\"3801\" data-link=\"https:\/\/familie-woehl.de\/?attachment_id=3801\" class=\"wp-image-3801\" srcset=\"https:\/\/familie-woehl.de\/wp-content\/uploads\/2021\/01\/Bruno_Woehl_Supernumerar-770x1024.png 770w, https:\/\/familie-woehl.de\/wp-content\/uploads\/2021\/01\/Bruno_Woehl_Supernumerar-226x300.png 226w, https:\/\/familie-woehl.de\/wp-content\/uploads\/2021\/01\/Bruno_Woehl_Supernumerar-113x150.png 113w, https:\/\/familie-woehl.de\/wp-content\/uploads\/2021\/01\/Bruno_Woehl_Supernumerar-768x1021.png 768w, https:\/\/familie-woehl.de\/wp-content\/uploads\/2021\/01\/Bruno_Woehl_Supernumerar.png 984w\" sizes=\"auto, (max-width: 770px) 100vw, 770px\" \/><\/a><figcaption class=\"blocks-gallery-item__caption\">Postsupernumerar<\/figcaption><\/figure><\/li><li class=\"blocks-gallery-item\"><figure><a href=\"https:\/\/familie-woehl.de\/wp-content\/uploads\/2021\/01\/Bruno_Woehl_Inspektor_Pruefung.png\"><img loading=\"lazy\" decoding=\"async\" width=\"810\" height=\"494\" src=\"https:\/\/familie-woehl.de\/wp-content\/uploads\/2021\/01\/Bruno_Woehl_Inspektor_Pruefung.png\" alt=\"\" data-id=\"3803\" data-link=\"https:\/\/familie-woehl.de\/?attachment_id=3803\" class=\"wp-image-3803\" srcset=\"https:\/\/familie-woehl.de\/wp-content\/uploads\/2021\/01\/Bruno_Woehl_Inspektor_Pruefung.png 810w, https:\/\/familie-woehl.de\/wp-content\/uploads\/2021\/01\/Bruno_Woehl_Inspektor_Pruefung-300x183.png 300w, https:\/\/familie-woehl.de\/wp-content\/uploads\/2021\/01\/Bruno_Woehl_Inspektor_Pruefung-150x91.png 150w, https:\/\/familie-woehl.de\/wp-content\/uploads\/2021\/01\/Bruno_Woehl_Inspektor_Pruefung-768x468.png 768w\" sizes=\"auto, (max-width: 810px) 100vw, 810px\" \/><\/a><figcaption class=\"blocks-gallery-item__caption\">Inspektor-Pr\u00fcfungsergebnis<\/figcaption><\/figure><\/li><li class=\"blocks-gallery-item\"><figure><a href=\"https:\/\/familie-woehl.de\/wp-content\/uploads\/2021\/01\/Bruno_Woehl_Inspektor-784x1024.png\"><img loading=\"lazy\" decoding=\"async\" width=\"784\" height=\"1024\" src=\"https:\/\/familie-woehl.de\/wp-content\/uploads\/2021\/01\/Bruno_Woehl_Inspektor-784x1024.png\" alt=\"\" data-id=\"3802\" data-link=\"https:\/\/familie-woehl.de\/?attachment_id=3802\" class=\"wp-image-3802\" srcset=\"https:\/\/familie-woehl.de\/wp-content\/uploads\/2021\/01\/Bruno_Woehl_Inspektor-784x1024.png 784w, https:\/\/familie-woehl.de\/wp-content\/uploads\/2021\/01\/Bruno_Woehl_Inspektor-230x300.png 230w, https:\/\/familie-woehl.de\/wp-content\/uploads\/2021\/01\/Bruno_Woehl_Inspektor-115x150.png 115w, https:\/\/familie-woehl.de\/wp-content\/uploads\/2021\/01\/Bruno_Woehl_Inspektor-768x1003.png 768w, https:\/\/familie-woehl.de\/wp-content\/uploads\/2021\/01\/Bruno_Woehl_Inspektor.png 1000w\" sizes=\"auto, (max-width: 784px) 100vw, 784px\" \/><\/a><figcaption class=\"blocks-gallery-item__caption\">Postinspektor<\/figcaption><\/figure><\/li><li class=\"blocks-gallery-item\"><figure><a href=\"https:\/\/familie-woehl.de\/wp-content\/uploads\/2021\/01\/Postausweis_Bruno_19430407_S1.png\"><img loading=\"lazy\" decoding=\"async\" width=\"582\" height=\"410\" src=\"https:\/\/familie-woehl.de\/wp-content\/uploads\/2021\/01\/Postausweis_Bruno_19430407_S1.png\" alt=\"\" data-id=\"3820\" data-link=\"https:\/\/familie-woehl.de\/?attachment_id=3820\" class=\"wp-image-3820\" srcset=\"https:\/\/familie-woehl.de\/wp-content\/uploads\/2021\/01\/Postausweis_Bruno_19430407_S1.png 582w, https:\/\/familie-woehl.de\/wp-content\/uploads\/2021\/01\/Postausweis_Bruno_19430407_S1-300x211.png 300w, https:\/\/familie-woehl.de\/wp-content\/uploads\/2021\/01\/Postausweis_Bruno_19430407_S1-150x106.png 150w\" sizes=\"auto, (max-width: 582px) 100vw, 582px\" \/><\/a><\/figure><\/li><li class=\"blocks-gallery-item\"><figure><a href=\"https:\/\/familie-woehl.de\/wp-content\/uploads\/2021\/01\/Postausweis_Bruno_19430407_S2.png\"><img loading=\"lazy\" decoding=\"async\" width=\"590\" height=\"408\" src=\"https:\/\/familie-woehl.de\/wp-content\/uploads\/2021\/01\/Postausweis_Bruno_19430407_S2.png\" alt=\"\" data-id=\"3821\" data-full-url=\"https:\/\/familie-woehl.de\/wp-content\/uploads\/2021\/01\/Postausweis_Bruno_19430407_S2.png\" data-link=\"https:\/\/familie-woehl.de\/?attachment_id=3821\" class=\"wp-image-3821\" srcset=\"https:\/\/familie-woehl.de\/wp-content\/uploads\/2021\/01\/Postausweis_Bruno_19430407_S2.png 590w, https:\/\/familie-woehl.de\/wp-content\/uploads\/2021\/01\/Postausweis_Bruno_19430407_S2-300x207.png 300w, https:\/\/familie-woehl.de\/wp-content\/uploads\/2021\/01\/Postausweis_Bruno_19430407_S2-150x104.png 150w\" sizes=\"auto, (max-width: 590px) 100vw, 590px\" \/><\/a><\/figure><\/li><\/ul><\/figure>\n\n\n\n<h2 class=\"wp-block-heading\">Nachweis der T\u00e4tigkeit w\u00e4hrend der Unterbrechung der Postdienstzeit von 1946 bis 1951<\/h2>\n\n\n\n<div class=\"wp-block-image\"><figure class=\"aligncenter size-large\"><img loading=\"lazy\" decoding=\"async\" width=\"704\" height=\"1024\" src=\"https:\/\/familie-woehl.de\/wp-content\/uploads\/2021\/01\/Bruno_Woehl_Taetigkeitsnachweis39-52-704x1024.png\" alt=\"\" class=\"wp-image-3787\" srcset=\"https:\/\/familie-woehl.de\/wp-content\/uploads\/2021\/01\/Bruno_Woehl_Taetigkeitsnachweis39-52-704x1024.png 704w, https:\/\/familie-woehl.de\/wp-content\/uploads\/2021\/01\/Bruno_Woehl_Taetigkeitsnachweis39-52-206x300.png 206w, https:\/\/familie-woehl.de\/wp-content\/uploads\/2021\/01\/Bruno_Woehl_Taetigkeitsnachweis39-52-103x150.png 103w, https:\/\/familie-woehl.de\/wp-content\/uploads\/2021\/01\/Bruno_Woehl_Taetigkeitsnachweis39-52-768x1117.png 768w, https:\/\/familie-woehl.de\/wp-content\/uploads\/2021\/01\/Bruno_Woehl_Taetigkeitsnachweis39-52.png 798w\" sizes=\"auto, (max-width: 704px) 100vw, 704px\" \/><\/figure><\/div>\n\n\n\n<p>Die oben genannten Unterlagen \u00fcber die Gr\u00fcnde zur Flucht aus der Ostzone sind auf <a href=\"https:\/\/familie-woehl.de\/?page_id=3761\" data-type=\"page\" data-id=\"3761\">einer eigenen Seite des Anhangs <\/a>dokumentiert.<\/p>\n\n\n\n<figure class=\"wp-block-gallery aligncenter columns-3 is-cropped wp-block-gallery-2 is-layout-flex wp-block-gallery-is-layout-flex\"><ul class=\"blocks-gallery-grid\"><li class=\"blocks-gallery-item\"><figure><a href=\"https:\/\/familie-woehl.de\/wp-content\/uploads\/2021\/01\/Bruno_Woehl_Philipswerke.png\"><img loading=\"lazy\" decoding=\"async\" width=\"585\" height=\"830\" src=\"https:\/\/familie-woehl.de\/wp-content\/uploads\/2021\/01\/Bruno_Woehl_Philipswerke.png\" alt=\"\" data-id=\"3806\" data-link=\"https:\/\/familie-woehl.de\/?attachment_id=3806\" class=\"wp-image-3806\" srcset=\"https:\/\/familie-woehl.de\/wp-content\/uploads\/2021\/01\/Bruno_Woehl_Philipswerke.png 585w, https:\/\/familie-woehl.de\/wp-content\/uploads\/2021\/01\/Bruno_Woehl_Philipswerke-211x300.png 211w, https:\/\/familie-woehl.de\/wp-content\/uploads\/2021\/01\/Bruno_Woehl_Philipswerke-106x150.png 106w\" sizes=\"auto, (max-width: 585px) 100vw, 585px\" \/><\/a><\/figure><\/li><li class=\"blocks-gallery-item\"><figure><a href=\"https:\/\/familie-woehl.de\/wp-content\/uploads\/2021\/01\/Bruno_Woehl_Entnazifizierung19480821.png\"><img loading=\"lazy\" decoding=\"async\" width=\"729\" height=\"1024\" src=\"https:\/\/familie-woehl.de\/wp-content\/uploads\/2021\/01\/Bruno_Woehl_Entnazifizierung19480821-729x1024.png\" alt=\"\" data-id=\"3809\" data-full-url=\"https:\/\/familie-woehl.de\/wp-content\/uploads\/2021\/01\/Bruno_Woehl_Entnazifizierung19480821.png\" data-link=\"https:\/\/familie-woehl.de\/?attachment_id=3809\" class=\"wp-image-3809\" srcset=\"https:\/\/familie-woehl.de\/wp-content\/uploads\/2021\/01\/Bruno_Woehl_Entnazifizierung19480821-729x1024.png 729w, https:\/\/familie-woehl.de\/wp-content\/uploads\/2021\/01\/Bruno_Woehl_Entnazifizierung19480821-214x300.png 214w, https:\/\/familie-woehl.de\/wp-content\/uploads\/2021\/01\/Bruno_Woehl_Entnazifizierung19480821-107x150.png 107w, https:\/\/familie-woehl.de\/wp-content\/uploads\/2021\/01\/Bruno_Woehl_Entnazifizierung19480821-768x1079.png 768w, https:\/\/familie-woehl.de\/wp-content\/uploads\/2021\/01\/Bruno_Woehl_Entnazifizierung19480821.png 818w\" sizes=\"auto, (max-width: 729px) 100vw, 729px\" \/><\/a><\/figure><\/li><li class=\"blocks-gallery-item\"><figure><a href=\"https:\/\/familie-woehl.de\/wp-content\/uploads\/2021\/01\/Bruno_Woehl_Arbeitszeugnis_Ingenieur-704x1024.png\"><img loading=\"lazy\" decoding=\"async\" width=\"704\" height=\"1024\" src=\"https:\/\/familie-woehl.de\/wp-content\/uploads\/2021\/01\/Bruno_Woehl_Arbeitszeugnis_Ingenieur-704x1024.png\" alt=\"\" data-id=\"3807\" data-link=\"https:\/\/familie-woehl.de\/?attachment_id=3807\" class=\"wp-image-3807\" srcset=\"https:\/\/familie-woehl.de\/wp-content\/uploads\/2021\/01\/Bruno_Woehl_Arbeitszeugnis_Ingenieur-704x1024.png 704w, https:\/\/familie-woehl.de\/wp-content\/uploads\/2021\/01\/Bruno_Woehl_Arbeitszeugnis_Ingenieur-206x300.png 206w, https:\/\/familie-woehl.de\/wp-content\/uploads\/2021\/01\/Bruno_Woehl_Arbeitszeugnis_Ingenieur-103x150.png 103w, https:\/\/familie-woehl.de\/wp-content\/uploads\/2021\/01\/Bruno_Woehl_Arbeitszeugnis_Ingenieur-768x1117.png 768w, https:\/\/familie-woehl.de\/wp-content\/uploads\/2021\/01\/Bruno_Woehl_Arbeitszeugnis_Ingenieur.png 798w\" sizes=\"auto, (max-width: 704px) 100vw, 704px\" \/><\/a><\/figure><\/li><\/ul><\/figure>\n\n\n\n<p>In dem Nachlass gibt es ein Dokument \u00fcber eine Ingenieurs-T\u00e4tigkeit w\u00e4hrend des Krieges in den Philips-Werken in Eindhoven. Statt der Postausbildung ist hier eine abgeschlossene Rundfunk-Ingenieurs-Ausbildung aufgef\u00fchrt. Welchem Zweck dieses Dokument diente, ist nicht mehr feststellbar. (siehe oben links)<\/p>\n\n\n\n<p>Hingegen gibt es zur T\u00e4tigkeit als Hochfrequenzingenieur bei der norwegischen Brigade in Schleswig ein Arbeitszeugnis. (siehe oben rechts)<\/p>\n\n\n\n<p>Auch ein Entlastungszeugnis vom 1948 durchgef\u00fchrten Entnazifizierungsverfahren fand sich in den Unterlagen.<\/p>\n\n\n\n<h2 class=\"wp-block-heading\">Fortsetzung der Postbeamtenlaufbahn<\/h2>\n\n\n\n<div class=\"wp-block-image\"><figure class=\"alignright size-medium\"><a href=\"https:\/\/familie-woehl.de\/wp-content\/uploads\/2021\/01\/Bruno_Woehl_Inspektor19520604.png\"><img loading=\"lazy\" decoding=\"async\" width=\"205\" height=\"300\" src=\"https:\/\/familie-woehl.de\/wp-content\/uploads\/2021\/01\/Bruno_Woehl_Inspektor19520604-205x300.png\" alt=\"\" class=\"wp-image-3808\" srcset=\"https:\/\/familie-woehl.de\/wp-content\/uploads\/2021\/01\/Bruno_Woehl_Inspektor19520604-205x300.png 205w, https:\/\/familie-woehl.de\/wp-content\/uploads\/2021\/01\/Bruno_Woehl_Inspektor19520604-701x1024.png 701w, https:\/\/familie-woehl.de\/wp-content\/uploads\/2021\/01\/Bruno_Woehl_Inspektor19520604-103x150.png 103w, https:\/\/familie-woehl.de\/wp-content\/uploads\/2021\/01\/Bruno_Woehl_Inspektor19520604-768x1121.png 768w, https:\/\/familie-woehl.de\/wp-content\/uploads\/2021\/01\/Bruno_Woehl_Inspektor19520604.png 798w\" sizes=\"auto, (max-width: 205px) 100vw, 205px\" \/><\/a><\/figure><\/div>\n\n\n\n<p>Die Wiedereinstellung bei der Post erfolgte am 4.4.1951 zun\u00e4chst als Abgestellter, dann am 28.2.1952 als au\u00dferplanm\u00e4\u00dfiger Postinspektor und schlie\u00dflich am 4.6.1952 wieder als Beamter auf Lebenszeit, wobei der Beginn der Dienstzeit auf den 24. Juli 1942 festgelegt wurde.<\/p>\n\n\n\n<div class=\"wp-block-buttons is-layout-flex wp-block-buttons-is-layout-flex\">\n<div class=\"wp-block-button\"><a class=\"wp-block-button__link has-medium-pink-background-color has-background\" href=\"https:\/\/familie-woehl.de\/?page_id=538\">zur\u00fcck zu Chronik-Erg\u00e4nzungen<\/a><\/div>\n<\/div>\n\n\n\n<p><\/p>\n","protected":false},"excerpt":{"rendered":"<p>Die Dokumente zur beruflichen T\u00e4tigkeit von unserem Vater Bruno W\u00f6hl, die Jan im Nachlass noch gefunden hat, werden hier in zeitlicher Reihenfolge dargestellt. Beginn von Brunos Postlaufbahn vor dem Krieg Nachweis der T\u00e4tigkeit w\u00e4hrend der Unterbrechung der Postdienstzeit von 1946 bis 1951 Die oben genannten Unterlagen \u00fcber die Gr\u00fcnde zur Flucht aus der Ostzone sind &hellip; <a href=\"https:\/\/familie-woehl.de\/?page_id=3786\" class=\"more-link\"><span class=\"screen-reader-text\">Dokumente zu Brunos Berufsleben<\/span> weiterlesen<\/a><\/p>\n","protected":false},"author":1,"featured_media":0,"parent":0,"menu_order":0,"comment_status":"closed","ping_status":"closed","template":"","meta":{"footnotes":""},"class_list":["post-3786","page","type-page","status-publish","hentry"],"_links":{"self":[{"href":"https:\/\/familie-woehl.de\/index.php?rest_route=\/wp\/v2\/pages\/3786","targetHints":{"allow":["GET"]}}],"collection":[{"href":"https:\/\/familie-woehl.de\/index.php?rest_route=\/wp\/v2\/pages"}],"about":[{"href":"https:\/\/familie-woehl.de\/index.php?rest_route=\/wp\/v2\/types\/page"}],"author":[{"embeddable":true,"href":"https:\/\/familie-woehl.de\/index.php?rest_route=\/wp\/v2\/users\/1"}],"replies":[{"embeddable":true,"href":"https:\/\/familie-woehl.de\/index.php?rest_route=%2Fwp%2Fv2%2Fcomments&post=3786"}],"version-history":[{"count":7,"href":"https:\/\/familie-woehl.de\/index.php?rest_route=\/wp\/v2\/pages\/3786\/revisions"}],"predecessor-version":[{"id":3846,"href":"https:\/\/familie-woehl.de\/index.php?rest_route=\/wp\/v2\/pages\/3786\/revisions\/3846"}],"wp:attachment":[{"href":"https:\/\/familie-woehl.de\/index.php?rest_route=%2Fwp%2Fv2%2Fmedia&parent=3786"}],"curies":[{"name":"wp","href":"https:\/\/api.w.org\/{rel}","templated":true}]}}