{"id":43,"date":"2012-11-11T18:42:35","date_gmt":"2012-11-11T16:42:35","guid":{"rendered":"http:\/\/familie-woehl.de\/?page_id=43"},"modified":"2023-10-29T13:25:41","modified_gmt":"2023-10-29T13:25:41","slug":"vorfahren-von-kai","status":"publish","type":"page","link":"https:\/\/familie-woehl.de\/?page_id=43","title":{"rendered":"Brunos Chronik"},"content":{"rendered":"\n<p>Die hier ver\u00f6ffentlichte Familienchronik  von Kai und seinen Geschwistern Rita und Jan hat Vater Bruno bereits in den 1950er Jahren begonnen und am Ende der 1980er Jahre abgeschlossen. In der Papierversion enthielt sie nur wenige Fotos.  In dieser Web-Darstellung\u00a0\u00a0wurde sie durch weitere Information zu den Folgejahren, Fotos, Landkartenausschnitte, Briefe und \u00e4hnliches erg\u00e4nzt, die\u00a0u.a.\u00a0aus dem\u00a0Nachlass der Eltern und anderen Quellen stammen. <br><\/p>\n\n\n<div class=\"wp-block-image\">\n<figure class=\"alignleft\"><img loading=\"lazy\" decoding=\"async\" width=\"229\" height=\"335\" src=\"https:\/\/familie-woehl.de\/wp-content\/uploads\/2012\/11\/bruno.jpg\" alt=\"\" class=\"wp-image-771\" srcset=\"https:\/\/familie-woehl.de\/wp-content\/uploads\/2012\/11\/bruno.jpg 229w, https:\/\/familie-woehl.de\/wp-content\/uploads\/2012\/11\/bruno-102x150.jpg 102w, https:\/\/familie-woehl.de\/wp-content\/uploads\/2012\/11\/bruno-205x300.jpg 205w\" sizes=\"auto, (max-width: 229px) 100vw, 229px\" \/><\/figure>\n<\/div>\n\n\n<p class=\"has-light-gray-background-color has-background\"><em>Vater Bruno W\u00f6hl (5.5) zeichnete obigen Stammbaum der Familien W\u00f6hl\/R\u00fcchel in den 1950er Jahren.  Um die in der Chronik genannten Personen leichter den entsprechenden Feldern im Stammbaum zuordnen zu k\u00f6nnen, wurden alle Namen durch 2 mittels Punkt getrennte Zahlen erg\u00e4nzt, die die Zeile und dann dort die Spalte&nbsp;im Stammbaum bezeichnen. Es ist daher hilfreich, die Detailanzeige des Stammbaums&nbsp;in einem gesonderten Fenster beim Lesen der Chronik offen zu halten. Dazu bitte in linker Spalte oben &#8222;Brunos Stammbaum&#8220; anklicken!<\/em><\/p>\n\n\n\n<h4 class=\"wp-block-heading has-text-align-center\">Vorbemerkung zur Chronik<\/h4>\n\n\n\n<p class=\"has-white-background-color has-background\">Die Namen und Daten in der Ahnenliste entstammen beglaubigten Urkunden, die f\u00fcr die Linie W\u00f6hl\/Hinrichs von Richard W\u00f6hl (4.1) und f\u00fcr die Linie R\u00fcchel\/St\u00f6ckmann von Gerhard St\u00f6ckmann, dem Bruder von Bertha (4.4), beschafft wurden, weil sie in der Nazizeit f\u00fcr ihre Weiterbesch\u00e4ftigung im \u00d6ffentlichen Dienst den Nachweis der arischen Abstammung erbringen mussten.<\/p>\n\n\n\n<p class=\"has-white-background-color has-background\">Die nachstehenden Ausf\u00fchrungen \u00fcber das Leben und Wirken der Ahnen wurden von Bruno (5.1) nach Erz\u00e4hlungen seiner Eltern und Gro\u00dfeltern sowie der Oma Bertha (4.4) aufgeschrieben. F\u00fcr die Richtigkeit und objektive Darstellung kann keine Gew\u00e4hr \u00fcbernommen werden. \u00dcberlieferungen \u00fcber mehrere Generationen sind zumeist gesch\u00f6nt oder auch geschw\u00e4rzt, aber andere haben wir leider nicht.<\/p>\n\n\n\n<div class=\"wp-block-button alignright\"><a class=\"wp-block-button__link wp-element-button\" href=\"https:\/\/familie-woehl.de\/?page_id=74\">n\u00e4chste Seite<\/a><\/div>\n\n\n\n<p><\/p>\n","protected":false},"excerpt":{"rendered":"<p>Die hier ver\u00f6ffentlichte Familienchronik von Kai und seinen Geschwistern Rita und Jan hat Vater Bruno bereits in den 1950er Jahren begonnen und am Ende der 1980er Jahre abgeschlossen. In der Papierversion enthielt sie nur wenige Fotos. In dieser Web-Darstellung\u00a0\u00a0wurde sie durch weitere Information zu den Folgejahren, Fotos, Landkartenausschnitte, Briefe und \u00e4hnliches erg\u00e4nzt, die\u00a0u.a.\u00a0aus dem\u00a0Nachlass der &hellip; <a href=\"https:\/\/familie-woehl.de\/?page_id=43\" class=\"more-link\"><span class=\"screen-reader-text\">Brunos Chronik<\/span> weiterlesen<\/a><\/p>\n","protected":false},"author":1,"featured_media":1003,"parent":0,"menu_order":0,"comment_status":"closed","ping_status":"open","template":"","meta":{"footnotes":""},"class_list":["post-43","page","type-page","status-publish","has-post-thumbnail","hentry"],"_links":{"self":[{"href":"https:\/\/familie-woehl.de\/index.php?rest_route=\/wp\/v2\/pages\/43","targetHints":{"allow":["GET"]}}],"collection":[{"href":"https:\/\/familie-woehl.de\/index.php?rest_route=\/wp\/v2\/pages"}],"about":[{"href":"https:\/\/familie-woehl.de\/index.php?rest_route=\/wp\/v2\/types\/page"}],"author":[{"embeddable":true,"href":"https:\/\/familie-woehl.de\/index.php?rest_route=\/wp\/v2\/users\/1"}],"replies":[{"embeddable":true,"href":"https:\/\/familie-woehl.de\/index.php?rest_route=%2Fwp%2Fv2%2Fcomments&post=43"}],"version-history":[{"count":9,"href":"https:\/\/familie-woehl.de\/index.php?rest_route=\/wp\/v2\/pages\/43\/revisions"}],"predecessor-version":[{"id":4847,"href":"https:\/\/familie-woehl.de\/index.php?rest_route=\/wp\/v2\/pages\/43\/revisions\/4847"}],"wp:featuredmedia":[{"embeddable":true,"href":"https:\/\/familie-woehl.de\/index.php?rest_route=\/wp\/v2\/media\/1003"}],"wp:attachment":[{"href":"https:\/\/familie-woehl.de\/index.php?rest_route=%2Fwp%2Fv2%2Fmedia&parent=43"}],"curies":[{"name":"wp","href":"https:\/\/api.w.org\/{rel}","templated":true}]}}