{"id":4476,"date":"2023-02-01T10:03:33","date_gmt":"2023-02-01T10:03:33","guid":{"rendered":"https:\/\/familie-woehl.de\/?page_id=4476"},"modified":"2023-02-01T10:29:07","modified_gmt":"2023-02-01T10:29:07","slug":"1-2-1930-brief-von-bertha-an-schwester-frieda","status":"publish","type":"page","link":"https:\/\/familie-woehl.de\/?page_id=4476","title":{"rendered":"1.2.1930 Brief von Bertha an Schwester Frieda"},"content":{"rendered":"\n<p>Brief von&nbsp;<a href=\"https:\/\/familie-woehl.de\/?page_id=228\">Berta<\/a>&nbsp;an ihre Schwester Frieda in Altd\u00f6bern \u00fcber eine Hochzeit in Krowlow-Strand, bei der sie kochte und backte<\/p>\n\n\n<div class=\"wp-block-image\">\n<figure class=\"alignleft size-thumbnail\"><a href=\"https:\/\/familie-woehl.de\/wp-content\/uploads\/2023\/01\/300201Berta_an_Frieda_S1-scaled.jpg\"><img loading=\"lazy\" decoding=\"async\" width=\"101\" height=\"150\" src=\"https:\/\/familie-woehl.de\/wp-content\/uploads\/2023\/01\/300201Berta_an_Frieda_S1-101x150.jpg\" alt=\"\" class=\"wp-image-4397\" srcset=\"https:\/\/familie-woehl.de\/wp-content\/uploads\/2023\/01\/300201Berta_an_Frieda_S1-101x150.jpg 101w, https:\/\/familie-woehl.de\/wp-content\/uploads\/2023\/01\/300201Berta_an_Frieda_S1-202x300.jpg 202w, https:\/\/familie-woehl.de\/wp-content\/uploads\/2023\/01\/300201Berta_an_Frieda_S1-689x1024.jpg 689w, https:\/\/familie-woehl.de\/wp-content\/uploads\/2023\/01\/300201Berta_an_Frieda_S1-768x1141.jpg 768w, https:\/\/familie-woehl.de\/wp-content\/uploads\/2023\/01\/300201Berta_an_Frieda_S1-1034x1536.jpg 1034w, https:\/\/familie-woehl.de\/wp-content\/uploads\/2023\/01\/300201Berta_an_Frieda_S1-1379x2048.jpg 1379w, https:\/\/familie-woehl.de\/wp-content\/uploads\/2023\/01\/300201Berta_an_Frieda_S1-scaled.jpg 1723w\" sizes=\"auto, (max-width: 101px) 100vw, 101px\" \/><\/a><\/figure>\n<\/div>\n\n\n<p><em>Salesker-Strand d. 1.2.30<\/em><br><em>Mein liebes Schwesterlein!<\/em><br><em>Von Herzen Dank f\u00fcr deinen lieben Brief und das Rezept. Von Montag bis gestern Nachmittag war ich in Krolow-Strand. Gerda hatte meine Wirtschaft versehen. Alles war in Ordnung. Auf den Tag zahlte ich ihr 1,25 Mk. Ich meine es war genug. Nun will ich dir etwas von der Hochzeit erz\u00e4hlen, vielmehr von meinem Schaffen. Sonnabend war die Braut hier und backten wir von 5 Pfd. Mehl M\u00fcrbkuchen imd von 12 Pfd. Mehl Pulverkuchen nach deinem Rezept. Sonntagabend holte mich das Brautpaar ab. Montagmorgen backten wir von 50 Pfd. Weizenbrot + 30 Pfd. Brot. Gegen Abend fingen wir dann an mit dem Schweinzerlegen, Kopf + Bein mit Hinzunahme eines halben gekauften<\/em><\/p>\n\n\n<div class=\"wp-block-image\">\n<figure class=\"alignleft size-thumbnail\"><a href=\"https:\/\/familie-woehl.de\/wp-content\/uploads\/2023\/01\/300201Berta_an_Frieda_S2-scaled.jpg\"><img loading=\"lazy\" decoding=\"async\" width=\"101\" height=\"150\" src=\"https:\/\/familie-woehl.de\/wp-content\/uploads\/2023\/01\/300201Berta_an_Frieda_S2-101x150.jpg\" alt=\"\" class=\"wp-image-4398\" srcset=\"https:\/\/familie-woehl.de\/wp-content\/uploads\/2023\/01\/300201Berta_an_Frieda_S2-101x150.jpg 101w, https:\/\/familie-woehl.de\/wp-content\/uploads\/2023\/01\/300201Berta_an_Frieda_S2-202x300.jpg 202w, https:\/\/familie-woehl.de\/wp-content\/uploads\/2023\/01\/300201Berta_an_Frieda_S2-690x1024.jpg 690w, https:\/\/familie-woehl.de\/wp-content\/uploads\/2023\/01\/300201Berta_an_Frieda_S2-768x1140.jpg 768w, https:\/\/familie-woehl.de\/wp-content\/uploads\/2023\/01\/300201Berta_an_Frieda_S2-1035x1536.jpg 1035w, https:\/\/familie-woehl.de\/wp-content\/uploads\/2023\/01\/300201Berta_an_Frieda_S2-1379x2048.jpg 1379w, https:\/\/familie-woehl.de\/wp-content\/uploads\/2023\/01\/300201Berta_an_Frieda_S2-scaled.jpg 1724w\" sizes=\"auto, (max-width: 101px) 100vw, 101px\" \/><\/a><\/figure>\n<\/div>\n\n\n<p><em>Schweinkopfes kochte ich S\u00fclze und das Wurstfleisch. 60 Pfd. Braten hatte ich mir ausgeschnitten, die Rippen ge??tra zum Rippenbraten. Dienstag Wurst gemacht und 16 H\u00fchner geschlachtet, hatte aber 2 Frauen zum helfen. Mittwoch fr\u00fch um 4 Uhr fingen wir an zu backen. 120 Pfd. Kuchen, 40 Pfd. also 3 Ofen voll ein teil mit Sutaninen auch Wickelkuchen mit Marmelade, Streuselkuchen + Topfkuchen. Alles gut geraten. Abends habe ich dann noch den Braten fertig gemacht. Donnerstagmorgen machte ich Zitronenkrem nach deinem Rezept, nahm aber nur den Saft einer Zitrone + den Saft von 2 Orangen. Es schmeckte wunderbar, drehte mir Milch durch + machte Schlagsahne. N\u00e4mlich Donnerstag musste ich auch schon Mittag machen, da das Brautpaar zum Standesamt fuhr. Dann hatte<\/em><\/p>\n\n\n<div class=\"wp-block-image\">\n<figure class=\"alignleft size-thumbnail\"><a href=\"https:\/\/familie-woehl.de\/wp-content\/uploads\/2023\/01\/300201Berta_an_Frieda_S3-scaled.jpg\"><img loading=\"lazy\" decoding=\"async\" width=\"100\" height=\"150\" src=\"https:\/\/familie-woehl.de\/wp-content\/uploads\/2023\/01\/300201Berta_an_Frieda_S3-100x150.jpg\" alt=\"\" class=\"wp-image-4401\" srcset=\"https:\/\/familie-woehl.de\/wp-content\/uploads\/2023\/01\/300201Berta_an_Frieda_S3-100x150.jpg 100w, https:\/\/familie-woehl.de\/wp-content\/uploads\/2023\/01\/300201Berta_an_Frieda_S3-200x300.jpg 200w, https:\/\/familie-woehl.de\/wp-content\/uploads\/2023\/01\/300201Berta_an_Frieda_S3-682x1024.jpg 682w, https:\/\/familie-woehl.de\/wp-content\/uploads\/2023\/01\/300201Berta_an_Frieda_S3-768x1153.jpg 768w, https:\/\/familie-woehl.de\/wp-content\/uploads\/2023\/01\/300201Berta_an_Frieda_S3-1023x1536.jpg 1023w, https:\/\/familie-woehl.de\/wp-content\/uploads\/2023\/01\/300201Berta_an_Frieda_S3-1365x2048.jpg 1365w, https:\/\/familie-woehl.de\/wp-content\/uploads\/2023\/01\/300201Berta_an_Frieda_S3-scaled.jpg 1706w\" sizes=\"auto, (max-width: 100px) 100vw, 100px\" \/><\/a><\/figure>\n<\/div>\n\n\n<p><em>ich den Rippenbraten gemacht und die Crem. Die G\u00e4ste haben aber gegessen. Dann kochte ich mir das Kompott. 4 Pfd Pflaumen, 1 Pfd. Aprikose, 1 Pfd. Ring\u00e4pfel, 1 gesch. Birnen alles zusammen gemischt schmeckt wunderfein, ebenso kochte ich mir den Saft zum Griesflammerie. Abends war Polterabend. Erst gab es Kaffee + Kukchen, dann nach dem Vortragen wieder Kaffee, Wei\u00dfbrot mit S\u00fclze + Wurst aufgeschnitten. Die S\u00fclze garniere ich mit Eiwei\u00df + gelb. Alle staunten wie h\u00fcbsch alles aussah. 50 Personen waren Abends. Auf Hochzeit waren es 80 Erwachsene + 20 Kinder wohl noch dr\u00fcber. Zum Gl\u00fchwein gab es das Geb\u00e4ck und Pulwerk. Um 1\/2 6 Uhr gab es Mittag: Suppe mit Nudeln, gebratene H\u00fchner + Schweinebraten zusammen mit Sahnetunke + Kompott, dann Griesflammerie h\u00fcbsch garniert + mit der Fruchtso\u00dfe. Den Tisch hatten wir fein dekoriert mit Schlangenmoos<\/em><\/p>\n\n\n<div class=\"wp-block-image\">\n<figure class=\"alignleft size-thumbnail\"><a href=\"https:\/\/familie-woehl.de\/wp-content\/uploads\/2023\/01\/300201Berta_an_Frieda_S4-scaled.jpg\"><img loading=\"lazy\" decoding=\"async\" width=\"100\" height=\"150\" src=\"https:\/\/familie-woehl.de\/wp-content\/uploads\/2023\/01\/300201Berta_an_Frieda_S4-100x150.jpg\" alt=\"\" class=\"wp-image-4402\" srcset=\"https:\/\/familie-woehl.de\/wp-content\/uploads\/2023\/01\/300201Berta_an_Frieda_S4-100x150.jpg 100w, https:\/\/familie-woehl.de\/wp-content\/uploads\/2023\/01\/300201Berta_an_Frieda_S4-200x300.jpg 200w, https:\/\/familie-woehl.de\/wp-content\/uploads\/2023\/01\/300201Berta_an_Frieda_S4-683x1024.jpg 683w, https:\/\/familie-woehl.de\/wp-content\/uploads\/2023\/01\/300201Berta_an_Frieda_S4-768x1151.jpg 768w, https:\/\/familie-woehl.de\/wp-content\/uploads\/2023\/01\/300201Berta_an_Frieda_S4-1025x1536.jpg 1025w, https:\/\/familie-woehl.de\/wp-content\/uploads\/2023\/01\/300201Berta_an_Frieda_S4-1367x2048.jpg 1367w, https:\/\/familie-woehl.de\/wp-content\/uploads\/2023\/01\/300201Berta_an_Frieda_S4-scaled.jpg 1709w\" sizes=\"auto, (max-width: 100px) 100vw, 100px\" \/><\/a><\/figure>\n<\/div>\n\n\n<p><em>und kleinen selbsgen\u00e4hten wei\u00dfen und roten R\u00f6schen. Anna Mold von hier war bei mir und machte alles nach meiner Anordnung. F\u00f6rster Krause mit Frau aus Schlakow , der Lehrer mit Frau aus Krolow-Strand + der Wirtschafter aus G\u00f6rshagen die staunten blo\u00df immer wie wir alles geschafft hatten. Die Leute haben aber auch gegessen. Es war mir alles gut geraten. Denk mal wie es nun halb 12 Uhr abends Kaffee gab, wurde 50 l ausgetrunken, alle behaupteten noch ein solchen Kaffee getrunken zu haben. Hatte 8 Pfd. vom guten Siedentopfschinken lassen. 1 Pfd. kauften wir noch zu, aber der blieb noch \u00fcbrig. Weil alles so ruhig verlief, fiel es mir gar nicht so schwer. Heute bin ich ganz frisch. Diese Pagels sind auch sehr nette Menschen, die mich rein verw\u00f6hnten. Einfache Menschen haben manchmal mehr Herzensbildung wie gebildete. Klein Alwin macht den 6. M\u00e4rz Hochzeit in Stolpe. Der Br\u00e4utigam war verg. Sonntag hier und hat mich ge???<\/em><br><br><em>Wenn du wieder einmal schreibst, dann bitte ich dich um ein Heringssalatrezept.<\/em><br><em>Von Frieda Neub\u00fcser jetzt Frau Wiehz Krowlow-Str. l\u00e4sst dich sehr gr\u00fc\u00dfen. sie ist eine nette Frau hat auch<\/em><br><em>Daniel soll eine gute Frau haben. Bei Emilia kommt auch der Storch. Meine Schwiegermutter ist sehr gedankenschwer.<\/em><br><em>Herzlich gr\u00fc\u00dft dich, Annemie, Gotthold, Mammi + Marie deine Schw. Berta<\/em><br><em>Die alte Frau Meyer liegt im Sterben. Morgen wollen wir schlachten. Ich schreibe dir bald wieder. Hoffentlich hast du bald Freude!<\/em><\/p>\n\n\n\n<div class=\"wp-block-buttons is-content-justification-right is-layout-flex wp-container-core-buttons-is-layout-765c4724 wp-block-buttons-is-layout-flex\">\n<div class=\"wp-block-button is-style-fill\"><a class=\"wp-block-button__link has-medium-pink-background-color has-background wp-element-button\" href=\"https:\/\/familie-woehl.de\/?page_id=2928#Briefe1930\">Zur\u00fcck zu Briefe<\/a><\/div>\n<\/div>\n","protected":false},"excerpt":{"rendered":"<p>Brief von&nbsp;Berta&nbsp;an ihre Schwester Frieda in Altd\u00f6bern \u00fcber eine Hochzeit in Krowlow-Strand, bei der sie kochte und backte Salesker-Strand d. 1.2.30Mein liebes Schwesterlein!Von Herzen Dank f\u00fcr deinen lieben Brief und das Rezept. Von Montag bis gestern Nachmittag war ich in Krolow-Strand. Gerda hatte meine Wirtschaft versehen. Alles war in Ordnung. Auf den Tag zahlte ich &hellip; <a href=\"https:\/\/familie-woehl.de\/?page_id=4476\" class=\"more-link\"><span class=\"screen-reader-text\">1.2.1930 Brief von Bertha an Schwester Frieda<\/span> weiterlesen<\/a><\/p>\n","protected":false},"author":1,"featured_media":0,"parent":0,"menu_order":0,"comment_status":"closed","ping_status":"closed","template":"","meta":{"footnotes":""},"class_list":["post-4476","page","type-page","status-publish","hentry"],"_links":{"self":[{"href":"https:\/\/familie-woehl.de\/index.php?rest_route=\/wp\/v2\/pages\/4476","targetHints":{"allow":["GET"]}}],"collection":[{"href":"https:\/\/familie-woehl.de\/index.php?rest_route=\/wp\/v2\/pages"}],"about":[{"href":"https:\/\/familie-woehl.de\/index.php?rest_route=\/wp\/v2\/types\/page"}],"author":[{"embeddable":true,"href":"https:\/\/familie-woehl.de\/index.php?rest_route=\/wp\/v2\/users\/1"}],"replies":[{"embeddable":true,"href":"https:\/\/familie-woehl.de\/index.php?rest_route=%2Fwp%2Fv2%2Fcomments&post=4476"}],"version-history":[{"count":2,"href":"https:\/\/familie-woehl.de\/index.php?rest_route=\/wp\/v2\/pages\/4476\/revisions"}],"predecessor-version":[{"id":4489,"href":"https:\/\/familie-woehl.de\/index.php?rest_route=\/wp\/v2\/pages\/4476\/revisions\/4489"}],"wp:attachment":[{"href":"https:\/\/familie-woehl.de\/index.php?rest_route=%2Fwp%2Fv2%2Fmedia&parent=4476"}],"curies":[{"name":"wp","href":"https:\/\/api.w.org\/{rel}","templated":true}]}}