{"id":4510,"date":"2023-02-02T14:31:20","date_gmt":"2023-02-02T14:31:20","guid":{"rendered":"https:\/\/familie-woehl.de\/?page_id=4510"},"modified":"2023-02-02T14:31:20","modified_gmt":"2023-02-02T14:31:20","slug":"__-3-1946-blatt-eines-briefs-von-tante-frieda-an-annemarie","status":"publish","type":"page","link":"https:\/\/familie-woehl.de\/?page_id=4510","title":{"rendered":"__.3.1946 Blatt eines Briefs von Tante Frieda an Annemarie"},"content":{"rendered":"\n<p>Von nachfolgendem Brief ist leider nur ein mittleres Blatt erhalten geblieben. Tante Frieda d\u00fcrfte ihn im M\u00e4rz 1946 geschrieben haben, nachdem sie erfahren hat, dass Annemarie Bruno heiraten will und nicht nach Altd\u00f6bern zur\u00fcckkehren wird.<\/p>\n\n\n<div class=\"wp-block-image\">\n<figure class=\"alignleft size-thumbnail\"><a href=\"https:\/\/familie-woehl.de\/wp-content\/uploads\/2023\/02\/4603__Frieda1.jpg\"><img loading=\"lazy\" decoding=\"async\" width=\"111\" height=\"150\" src=\"https:\/\/familie-woehl.de\/wp-content\/uploads\/2023\/02\/4603__Frieda1-111x150.jpg\" alt=\"\" class=\"wp-image-4511\" srcset=\"https:\/\/familie-woehl.de\/wp-content\/uploads\/2023\/02\/4603__Frieda1-111x150.jpg 111w, https:\/\/familie-woehl.de\/wp-content\/uploads\/2023\/02\/4603__Frieda1-222x300.jpg 222w, https:\/\/familie-woehl.de\/wp-content\/uploads\/2023\/02\/4603__Frieda1-759x1024.jpg 759w, https:\/\/familie-woehl.de\/wp-content\/uploads\/2023\/02\/4603__Frieda1-768x1036.jpg 768w, https:\/\/familie-woehl.de\/wp-content\/uploads\/2023\/02\/4603__Frieda1-1139x1536.jpg 1139w, https:\/\/familie-woehl.de\/wp-content\/uploads\/2023\/02\/4603__Frieda1-1518x2048.jpg 1518w, https:\/\/familie-woehl.de\/wp-content\/uploads\/2023\/02\/4603__Frieda1.jpg 1884w\" sizes=\"auto, (max-width: 111px) 100vw, 111px\" \/><\/a><\/figure>\n<\/div>\n\n\n<p><em>&#8230; Ich war zuerst wie zerschlagen. Aber es gibt ja nur ein Leben, nur deine Zukunft. Wenn es nur nicht so weit w\u00e4re! Wenn es bis Berlin w\u00e4re, w\u00e4re ich schon bei dir gewesen, aber so! Ach, was ist man doch selbsts\u00fcchtig! Vielleicht bin ich ja nun aber doch so stark, dass ich dies Alleinsein und Alleinsorgen bew\u00e4ltigen kann, sonst w\u00e4rst du mir doch nicht genommen worden.<br>Unsere Annemarie ist jetzt mein gro\u00dfer Kummer. Sie, die dich \u00fcber alles liebte, hasst dich auf einmal. Hasst dich, weil du nicht wiedergekommen bist. T\u00e4glich kostet dies einen Kampf mit meinem Kind. Ach , wenn du ahntest, wie mir das wehe tut. Ist es Unverstand oder Dummheit, ich wei\u00df es nicht. Ich kann mit G\u00fcte oder Strenge belehren, alles umsonst. Vielleicht hatten sie sich zu sehr auf dich und mit dir auf den Winter gefreut! &#8211;<br>Du schreibst wegen deinen Sachen. Kommt dieser Herr nun nicht mehr? Lieber w\u00e4re es mir ja auch, wenn<\/em><\/p>\n\n\n<div class=\"wp-block-image\">\n<figure class=\"alignleft size-thumbnail\"><a href=\"https:\/\/familie-woehl.de\/wp-content\/uploads\/2023\/02\/4603__Frieda2.jpg\"><img loading=\"lazy\" decoding=\"async\" width=\"112\" height=\"150\" src=\"https:\/\/familie-woehl.de\/wp-content\/uploads\/2023\/02\/4603__Frieda2-112x150.jpg\" alt=\"\" class=\"wp-image-4512\" srcset=\"https:\/\/familie-woehl.de\/wp-content\/uploads\/2023\/02\/4603__Frieda2-112x150.jpg 112w, https:\/\/familie-woehl.de\/wp-content\/uploads\/2023\/02\/4603__Frieda2-224x300.jpg 224w, https:\/\/familie-woehl.de\/wp-content\/uploads\/2023\/02\/4603__Frieda2-764x1024.jpg 764w, https:\/\/familie-woehl.de\/wp-content\/uploads\/2023\/02\/4603__Frieda2-768x1030.jpg 768w, https:\/\/familie-woehl.de\/wp-content\/uploads\/2023\/02\/4603__Frieda2-1146x1536.jpg 1146w, https:\/\/familie-woehl.de\/wp-content\/uploads\/2023\/02\/4603__Frieda2-1527x2048.jpg 1527w, https:\/\/familie-woehl.de\/wp-content\/uploads\/2023\/02\/4603__Frieda2.jpg 1875w\" sizes=\"auto, (max-width: 112px) 100vw, 112px\" \/><\/a><\/figure>\n<\/div>\n\n\n<p><em>du selber oder mit Bruno k\u00e4mst. Letzteres w\u00e4re wohl das Beste. Ihr m\u00fcsst mit gar keinem Gep\u00e4ck kommen, damit ihr von hier mitnehmen k\u00f6nnt. Du musst dir doch dein Teil vom Schweinefleisch holen, ebenso dein Brotmehl. Kartoffeln zu holen, ist zu schwer. Vielleicht k\u00f6nntet ihr aber Koffer aufgeben. Also kommt so bald wie m\u00f6glich. Wenn Bruno es also f\u00fcr ein Leben mit dir wagen will, muss ich ihn doch liebhaben um Deinetwillen. Jeder Tag, jede Stunde ist mir recht, wenn ihr nur kommt!! &#8211; Was sollte ich nun alles antworten. Ich muss nur erst deinen Brief von gestern holen. Ich lese ihn immerfort, auch noch um 12 Uhr, als ich von Bauers zur\u00fcckkehrte. Es bleibt aber immer dasselbe. F\u00fcr l\u00e4nger kommst du nicht mehr. Ich habe jetzt blo\u00df einen gro\u00dfen Wunsch. Sollten deine Eltern doch raus m\u00fcssen, dann bald, dass sie bald k\u00e4men und wir unser Leben zusammen einrichten. Alles f\u00fcr den Fall, wenn sie fort m\u00fcssen. Sonst ist es ja besser, wenn sie die Heimaterde erhalten.<\/em><\/p>\n\n\n\n<div class=\"wp-block-buttons is-layout-flex wp-block-buttons-is-layout-flex\">\n<div class=\"wp-block-button is-style-fill\"><a class=\"wp-block-button__link has-medium-pink-background-color has-background wp-element-button\" href=\"https:\/\/familie-woehl.de\/?page_id=2928#Briefe1946\">zur\u00fcck zu Briefe<\/a><\/div>\n<\/div>\n","protected":false},"excerpt":{"rendered":"<p>Von nachfolgendem Brief ist leider nur ein mittleres Blatt erhalten geblieben. Tante Frieda d\u00fcrfte ihn im M\u00e4rz 1946 geschrieben haben, nachdem sie erfahren hat, dass Annemarie Bruno heiraten will und nicht nach Altd\u00f6bern zur\u00fcckkehren wird. &#8230; Ich war zuerst wie zerschlagen. Aber es gibt ja nur ein Leben, nur deine Zukunft. Wenn es nur nicht &hellip; <a href=\"https:\/\/familie-woehl.de\/?page_id=4510\" class=\"more-link\"><span class=\"screen-reader-text\">__.3.1946 Blatt eines Briefs von Tante Frieda an Annemarie<\/span> weiterlesen<\/a><\/p>\n","protected":false},"author":1,"featured_media":0,"parent":0,"menu_order":0,"comment_status":"closed","ping_status":"closed","template":"","meta":{"footnotes":""},"class_list":["post-4510","page","type-page","status-publish","hentry"],"_links":{"self":[{"href":"https:\/\/familie-woehl.de\/index.php?rest_route=\/wp\/v2\/pages\/4510","targetHints":{"allow":["GET"]}}],"collection":[{"href":"https:\/\/familie-woehl.de\/index.php?rest_route=\/wp\/v2\/pages"}],"about":[{"href":"https:\/\/familie-woehl.de\/index.php?rest_route=\/wp\/v2\/types\/page"}],"author":[{"embeddable":true,"href":"https:\/\/familie-woehl.de\/index.php?rest_route=\/wp\/v2\/users\/1"}],"replies":[{"embeddable":true,"href":"https:\/\/familie-woehl.de\/index.php?rest_route=%2Fwp%2Fv2%2Fcomments&post=4510"}],"version-history":[{"count":2,"href":"https:\/\/familie-woehl.de\/index.php?rest_route=\/wp\/v2\/pages\/4510\/revisions"}],"predecessor-version":[{"id":4514,"href":"https:\/\/familie-woehl.de\/index.php?rest_route=\/wp\/v2\/pages\/4510\/revisions\/4514"}],"wp:attachment":[{"href":"https:\/\/familie-woehl.de\/index.php?rest_route=%2Fwp%2Fv2%2Fmedia&parent=4510"}],"curies":[{"name":"wp","href":"https:\/\/api.w.org\/{rel}","templated":true}]}}