{"id":4523,"date":"2023-02-25T13:33:45","date_gmt":"2023-02-25T13:33:45","guid":{"rendered":"https:\/\/familie-woehl.de\/?page_id=4523"},"modified":"2023-02-25T13:41:23","modified_gmt":"2023-02-25T13:41:23","slug":"1-1-1946-brief-von-lotte-an-annemarie","status":"publish","type":"page","link":"https:\/\/familie-woehl.de\/?page_id=4523","title":{"rendered":"1.1.1946 Brief von Lotte an Annemarie"},"content":{"rendered":"\n<p>Lotte ist wohl eine Arbeitskollegin von Annemarie, mit der sie am Kriegsende von Stettin nach Th\u00fcringen geflohen ist.<\/p>\n\n\n<div class=\"wp-block-image\">\n<figure class=\"alignleft size-thumbnail\"><a href=\"https:\/\/familie-woehl.de\/wp-content\/uploads\/2023\/02\/460101Lotte_an_Annemarie_S1-scaled.jpg\"><img loading=\"lazy\" decoding=\"async\" width=\"107\" height=\"150\" src=\"https:\/\/familie-woehl.de\/wp-content\/uploads\/2023\/02\/460101Lotte_an_Annemarie_S1-107x150.jpg\" alt=\"\" class=\"wp-image-4524\" srcset=\"https:\/\/familie-woehl.de\/wp-content\/uploads\/2023\/02\/460101Lotte_an_Annemarie_S1-107x150.jpg 107w, https:\/\/familie-woehl.de\/wp-content\/uploads\/2023\/02\/460101Lotte_an_Annemarie_S1-214x300.jpg 214w, https:\/\/familie-woehl.de\/wp-content\/uploads\/2023\/02\/460101Lotte_an_Annemarie_S1-732x1024.jpg 732w, https:\/\/familie-woehl.de\/wp-content\/uploads\/2023\/02\/460101Lotte_an_Annemarie_S1-768x1074.jpg 768w, https:\/\/familie-woehl.de\/wp-content\/uploads\/2023\/02\/460101Lotte_an_Annemarie_S1-1098x1536.jpg 1098w, https:\/\/familie-woehl.de\/wp-content\/uploads\/2023\/02\/460101Lotte_an_Annemarie_S1-1464x2048.jpg 1464w, https:\/\/familie-woehl.de\/wp-content\/uploads\/2023\/02\/460101Lotte_an_Annemarie_S1-scaled.jpg 1830w\" sizes=\"auto, (max-width: 107px) 100vw, 107px\" \/><\/a><\/figure>\n<\/div>\n\n\n<p><em>Lauenhain den 1.1.1946<br>Meine liebe Annemarie!<br>Nach langer Zeit erhielten wir gestern das erste Lebenszeichen von dir. Du Annemarie, wie ich auf deine Zeilen gewartet habe, das stellst du dir nicht vor. Wir glaubten schon, wir w\u00fcrden nie mehr etwas von dir h\u00f6ren. Sonnenschein hast du mir mit deinen Zeilen in mein Herz gebracht. Liebe Annemarie, aber umso gr\u00f6\u00dfer ist die Sehnsucht nach dir. Denn auch mir ist es wie dir ergangen. \u00dcberall hast du mir gefehlt. Es war einfach nicht mehr sch\u00f6n, als du weg warst. Nun will ich dir kurz die Ereignisse von der Zeit, seit du weg bist, mitteilen. Jener Samstag, an dem du weg gingst, war uns allen ein grauer Tag. Als ich von der Grenze zur\u00fcck kam, musste ich feststellen, dass uns allen der Abschied von dir schwer gefallen ist. Am Sonntagvormittag war ich der festen \u00dcberzeugung, dass du nicht mehr zur\u00fcck kommst und so machte ich mich an die Arbeit, dein Zimmer aufzur\u00e4umen. Abends um 6 Uhr kam ein amerikanisches Auto mit Offizier bei uns an und teilte uns mit, dass in einer Stunde ein Zimmer  und vier Betten f\u00fcr acht Soldaten zurecht gemacht sein muss. Was tun, meine Eltern mussten in dein Zimmer ziehen. In das Zimmer von meinen Eltern kamen noch zwei Betten und auch das war gel\u00f6st. Schon gingen wir an den Soldaten<\/em><\/p>\n\n\n<div class=\"wp-block-image\">\n<figure class=\"alignleft size-thumbnail\"><a href=\"https:\/\/familie-woehl.de\/wp-content\/uploads\/2023\/02\/460101Lotte_an_Annemarie_S2-scaled.jpg\"><img loading=\"lazy\" decoding=\"async\" width=\"131\" height=\"150\" src=\"https:\/\/familie-woehl.de\/wp-content\/uploads\/2023\/02\/460101Lotte_an_Annemarie_S2-131x150.jpg\" alt=\"\" class=\"wp-image-4525\" srcset=\"https:\/\/familie-woehl.de\/wp-content\/uploads\/2023\/02\/460101Lotte_an_Annemarie_S2-131x150.jpg 131w, https:\/\/familie-woehl.de\/wp-content\/uploads\/2023\/02\/460101Lotte_an_Annemarie_S2-262x300.jpg 262w, https:\/\/familie-woehl.de\/wp-content\/uploads\/2023\/02\/460101Lotte_an_Annemarie_S2-895x1024.jpg 895w, https:\/\/familie-woehl.de\/wp-content\/uploads\/2023\/02\/460101Lotte_an_Annemarie_S2-768x879.jpg 768w, https:\/\/familie-woehl.de\/wp-content\/uploads\/2023\/02\/460101Lotte_an_Annemarie_S2-1342x1536.jpg 1342w, https:\/\/familie-woehl.de\/wp-content\/uploads\/2023\/02\/460101Lotte_an_Annemarie_S2-1790x2048.jpg 1790w\" sizes=\"auto, (max-width: 131px) 100vw, 131px\" \/><\/a><\/figure>\n<\/div>\n\n\n<p><em>vor\u00fcber, die ersten Tage. Aber bald merkten wir, dass sie gut zu uns sind, und Schutz f\u00fcr uns bilden sollen, &#8230;b der Russe an die Grenze gekommen ist, die ja wie du wei\u00dft nur 10 Minuten von uns entfernt ist. Es war Infanterie, die da gekommen ist, nach acht Wochen wurden diese durch Panzer abgel\u00f6st, an der Reichenbacher Stra\u00dfe wurden Zelte gemacht, das waren drei Posten, zusammen 12 Soldaten. In H..platz wurde ein gro\u00dfer Benzinofen auf gestellt und ein Soldat musste f\u00fcr drei Posten kochen, die vorhergehenden wurden von Ludwigstadt verpflegt. Wieder vergingen einige Wochen, dann kam Artillerie auf Posten. Vor einer Woche kam abermals Infanterie. Diese bekam ein Postenhaus unterhalb von unserem Haus aufgestellt, worin sie sich selbst kochen und auch schlafen k\u00f6nnen. Das war immerhin etwas aufregend die ganze Szene, zumal f\u00fcr Mutter. Nun davon genug.<br>Am 19. Juli wurde die kleine Giesela geboren. Gott sei dank ist soweit alles gesund. Es wird schon ein niedliches Ding, meine kleine Patin. Auch Herr Wiese ist gesund zu seiner Familie zur\u00fcckgekehrt. Nach einigen Wochen machten sie sich auf und gingen nach Hamburg zur\u00fcck, leider mussten sie M\u00f6bel und alles zur\u00fccklassen, wie das einmal nach Hamburg kommen soll, wei\u00df ich nicht. Den Brief, den du an Wiesnes geschrieben hast, werde ich ihr im n\u00e4chsten Brief beilegen. Nun m\u00f6chtest du genau wissen, ob ich in Bayreuth gewesen bin. Nein, Annemarie, Hans ist bei mir gewesen, ganz unverhofft, kam er an einem Samstagnachmittag mit seinem Freund mit dem Fahrrad an.<\/em><\/p>\n\n\n<div class=\"wp-block-image\">\n<figure class=\"alignleft size-thumbnail\"><a href=\"https:\/\/familie-woehl.de\/wp-content\/uploads\/2023\/02\/460101Lotte_an_Annemarie_S3.jpg\"><img loading=\"lazy\" decoding=\"async\" width=\"150\" height=\"89\" src=\"https:\/\/familie-woehl.de\/wp-content\/uploads\/2023\/02\/460101Lotte_an_Annemarie_S3-150x89.jpg\" alt=\"\" class=\"wp-image-4530\" srcset=\"https:\/\/familie-woehl.de\/wp-content\/uploads\/2023\/02\/460101Lotte_an_Annemarie_S3-150x89.jpg 150w, https:\/\/familie-woehl.de\/wp-content\/uploads\/2023\/02\/460101Lotte_an_Annemarie_S3-300x178.jpg 300w, https:\/\/familie-woehl.de\/wp-content\/uploads\/2023\/02\/460101Lotte_an_Annemarie_S3-1024x606.jpg 1024w, https:\/\/familie-woehl.de\/wp-content\/uploads\/2023\/02\/460101Lotte_an_Annemarie_S3-768x454.jpg 768w, https:\/\/familie-woehl.de\/wp-content\/uploads\/2023\/02\/460101Lotte_an_Annemarie_S3-1536x909.jpg 1536w, https:\/\/familie-woehl.de\/wp-content\/uploads\/2023\/02\/460101Lotte_an_Annemarie_S3-2048x1212.jpg 2048w\" sizes=\"auto, (max-width: 150px) 100vw, 150px\" \/><\/a><\/figure>\n<\/div>\n\n\n<p><em>Es muss wohl Ende September gewesen sein. Ich habe mich gefreut, dass er endlich gekommen ist. Und liebe Annemarie ich kann dir doch ganz im Vertrauen sagen, ich war die zwei Tage die er bei mir war gl\u00fccklich mit ihm und hatte das Gef\u00fchl, dass auch Hans gl\u00fccklich ist. Er versprach mir, in vier Wochen zur\u00fcck zu kommen und mich f\u00fcr einige Tage in seine Heimat zu holen und auf jeden Fall so bald als m\u00f6glich zu schreiben. Und denke mal, habe bis jetzt noch keine Nachricht von ihm. Vor drei Wochen schrieb ich an ihn, er m\u00f6chte doch so gut sein und mir wenigstens bis Weihnachten Nachricht geben, ganz gleich wie seine Entscheidung f\u00e4llt. Aber auch das blieb aus, was ich denken soll, wei\u00df ich nicht. Ich werde nie mehr etwas von ihm h\u00f6ren. Freudlos gingen die Weihnachtsfeiertage an mir vor\u00fcber. Zum <\/em><\/p>\n\n\n<div class=\"wp-block-image\">\n<figure class=\"alignleft size-thumbnail\"><a href=\"https:\/\/familie-woehl.de\/wp-content\/uploads\/2023\/02\/460101Lotte_an_Annemarie_S4.jpg\"><img loading=\"lazy\" decoding=\"async\" width=\"150\" height=\"87\" src=\"https:\/\/familie-woehl.de\/wp-content\/uploads\/2023\/02\/460101Lotte_an_Annemarie_S4-150x87.jpg\" alt=\"\" class=\"wp-image-4532\" srcset=\"https:\/\/familie-woehl.de\/wp-content\/uploads\/2023\/02\/460101Lotte_an_Annemarie_S4-150x87.jpg 150w, https:\/\/familie-woehl.de\/wp-content\/uploads\/2023\/02\/460101Lotte_an_Annemarie_S4-300x173.jpg 300w, https:\/\/familie-woehl.de\/wp-content\/uploads\/2023\/02\/460101Lotte_an_Annemarie_S4-1024x591.jpg 1024w, https:\/\/familie-woehl.de\/wp-content\/uploads\/2023\/02\/460101Lotte_an_Annemarie_S4-768x443.jpg 768w, https:\/\/familie-woehl.de\/wp-content\/uploads\/2023\/02\/460101Lotte_an_Annemarie_S4-1536x886.jpg 1536w, https:\/\/familie-woehl.de\/wp-content\/uploads\/2023\/02\/460101Lotte_an_Annemarie_S4-2048x1182.jpg 2048w\" sizes=\"auto, (max-width: 150px) 100vw, 150px\" \/><\/a><\/figure>\n<\/div>\n\n\n<p><em>am 31.12. erreichte mich dein Brief. Ich danke dir f\u00fcr deine Aufmerksamkeit. Du meinst also einen netten Mann f\u00fcr mich gefunden zu haben. Liebe Annemarie du kennst ja mich und kennst unsere Gegend, wenn du meinst, dass dieser Mann Interesse davon hat, mich kennen zu lernen, dann kann er doch mal an mich schreiben. Wenn die Grenzen offen sind, k\u00f6nnt ihr doch auch zusammen zu uns kommen, oder hast du vor, nicht mehr zu uns zu kommen? Wenn nur die Grenzen einmal offen w\u00e4re. Von Brigitte haben wir noch nichts geh\u00f6rt, m\u00f6chte nur wissen, wo die sich rumtreibt. Die Lauenhainer Jungens sind alle noch die Alten, sie haben mich schon \u00f6fter nach dir gefragt, besonders Walter, ich werde ihm Gr\u00fc\u00dfe von dir bestellen. Wenig hast du eigentlich von dir selbst geschrieben.<\/em><\/p>\n\n\n<div class=\"wp-block-image\">\n<figure class=\"alignleft size-thumbnail\"><a href=\"https:\/\/familie-woehl.de\/wp-content\/uploads\/2023\/02\/460101Lotte_an_Annemarie_S5.jpg\"><img loading=\"lazy\" decoding=\"async\" width=\"100\" height=\"150\" src=\"https:\/\/familie-woehl.de\/wp-content\/uploads\/2023\/02\/460101Lotte_an_Annemarie_S5-100x150.jpg\" alt=\"\" class=\"wp-image-4533\" srcset=\"https:\/\/familie-woehl.de\/wp-content\/uploads\/2023\/02\/460101Lotte_an_Annemarie_S5-100x150.jpg 100w, https:\/\/familie-woehl.de\/wp-content\/uploads\/2023\/02\/460101Lotte_an_Annemarie_S5-200x300.jpg 200w, https:\/\/familie-woehl.de\/wp-content\/uploads\/2023\/02\/460101Lotte_an_Annemarie_S5-681x1024.jpg 681w, https:\/\/familie-woehl.de\/wp-content\/uploads\/2023\/02\/460101Lotte_an_Annemarie_S5-768x1154.jpg 768w, https:\/\/familie-woehl.de\/wp-content\/uploads\/2023\/02\/460101Lotte_an_Annemarie_S5-1022x1536.jpg 1022w, https:\/\/familie-woehl.de\/wp-content\/uploads\/2023\/02\/460101Lotte_an_Annemarie_S5-1363x2048.jpg 1363w, https:\/\/familie-woehl.de\/wp-content\/uploads\/2023\/02\/460101Lotte_an_Annemarie_S5.jpg 1581w\" sizes=\"auto, (max-width: 100px) 100vw, 100px\" \/><\/a><\/figure>\n<\/div>\n\n\n<p><em>Hast du denn deinen Eltern schon mitteilen k\u00f6nnen, wo du dich befindest oder ist deine Mutter immer noch ohne Nachricht von dir. Dass es mit der Versorgung in der russisch besetzten Zone schlecht ist, wei\u00df ich von Mutters Schwester in Probstzella. Wir denken jeden Sonntag, wenn wir Kl\u00f6\u00dfe essen an dich. Denk dir mal Annemarie, ich bin schon mal \u00fcber die Grenze gegangen vor ungef\u00e4hr 8 Wochen, bin hingegangen zum Posten und hab gesagt: ich will nach Probstzella und bin in zwei Stunden wieder zur\u00fcck, und durfte tats\u00e4chlich gehen, aber jetzt ging ich nicht mehr. Sonst hab ich nichts Neues zu berichten, hoffe nur, dass ich bald wieder etwas von dir h\u00f6re, bin ja auch so gespannt auf meine neue Bekanntschaft.<br>Sei vielmals gegr\u00fc\u00dft von deiner Lotte nebst Eltern und Mutter<\/em><\/p>\n\n\n\n<div class=\"wp-block-buttons is-layout-flex wp-block-buttons-is-layout-flex\">\n<div class=\"wp-block-button is-style-fill\"><a class=\"wp-block-button__link wp-element-button\" href=\"https:\/\/familie-woehl.de\/?page_id=2928#Briefe1946\">zur Briefe-\u00dcbersicht<\/a><\/div>\n<\/div>\n","protected":false},"excerpt":{"rendered":"<p>Lotte ist wohl eine Arbeitskollegin von Annemarie, mit der sie am Kriegsende von Stettin nach Th\u00fcringen geflohen ist. Lauenhain den 1.1.1946Meine liebe Annemarie!Nach langer Zeit erhielten wir gestern das erste Lebenszeichen von dir. Du Annemarie, wie ich auf deine Zeilen gewartet habe, das stellst du dir nicht vor. Wir glaubten schon, wir w\u00fcrden nie mehr &hellip; <a href=\"https:\/\/familie-woehl.de\/?page_id=4523\" class=\"more-link\"><span class=\"screen-reader-text\">1.1.1946 Brief von Lotte an Annemarie<\/span> weiterlesen<\/a><\/p>\n","protected":false},"author":1,"featured_media":0,"parent":0,"menu_order":0,"comment_status":"closed","ping_status":"closed","template":"","meta":{"footnotes":""},"class_list":["post-4523","page","type-page","status-publish","hentry"],"_links":{"self":[{"href":"https:\/\/familie-woehl.de\/index.php?rest_route=\/wp\/v2\/pages\/4523","targetHints":{"allow":["GET"]}}],"collection":[{"href":"https:\/\/familie-woehl.de\/index.php?rest_route=\/wp\/v2\/pages"}],"about":[{"href":"https:\/\/familie-woehl.de\/index.php?rest_route=\/wp\/v2\/types\/page"}],"author":[{"embeddable":true,"href":"https:\/\/familie-woehl.de\/index.php?rest_route=\/wp\/v2\/users\/1"}],"replies":[{"embeddable":true,"href":"https:\/\/familie-woehl.de\/index.php?rest_route=%2Fwp%2Fv2%2Fcomments&post=4523"}],"version-history":[{"count":8,"href":"https:\/\/familie-woehl.de\/index.php?rest_route=\/wp\/v2\/pages\/4523\/revisions"}],"predecessor-version":[{"id":4539,"href":"https:\/\/familie-woehl.de\/index.php?rest_route=\/wp\/v2\/pages\/4523\/revisions\/4539"}],"wp:attachment":[{"href":"https:\/\/familie-woehl.de\/index.php?rest_route=%2Fwp%2Fv2%2Fmedia&parent=4523"}],"curies":[{"name":"wp","href":"https:\/\/api.w.org\/{rel}","templated":true}]}}