{"id":538,"date":"2012-11-20T13:44:27","date_gmt":"2012-11-20T11:44:27","guid":{"rendered":"http:\/\/familie-woehl.de\/?page_id=538"},"modified":"2021-01-25T09:55:49","modified_gmt":"2021-01-25T09:55:49","slug":"chronik-erganzungen","status":"publish","type":"page","link":"https:\/\/familie-woehl.de\/?page_id=538","title":{"rendered":"Chronik-Erg\u00e4nzungen"},"content":{"rendered":"\n<p>Die Chronik von Vater Bruno W\u00f6hl soll in diesem Zweig&nbsp;durch&nbsp;Bilder aus alten Fotoalben, Briefe und weitere&nbsp;Dokumente aus dem Nachla\u00df der Eltern erg\u00e4nzt werden.<\/p>\n\n\n\n<div class=\"wp-block-button alignleft\"><a class=\"wp-block-button__link\" href=\"https:\/\/familie-woehl.de\/?page_id=2928\">Briefe<\/a><\/div>\n\n\n\n<div style=\"height:13px\" aria-hidden=\"true\" class=\"wp-block-spacer\"><\/div>\n\n\n\n<div class=\"wp-block-buttons alignleft is-layout-flex wp-block-buttons-is-layout-flex\">\n<div class=\"wp-block-button\"><a class=\"wp-block-button__link\" href=\"https:\/\/familie-woehl.de\/?page_id=3786\">Dokumente zu Brunos Berufsleben<\/a><\/div>\n<\/div>\n\n\n\n<div style=\"height:13px\" aria-hidden=\"true\" class=\"wp-block-spacer\"><\/div>\n\n\n\n<div class=\"wp-block-buttons alignleft is-layout-flex wp-block-buttons-is-layout-flex\">\n<div class=\"wp-block-button\"><a class=\"wp-block-button__link\" href=\"https:\/\/familie-woehl.de\/?page_id=3761\">Dokumente zur Flucht aus der Ostzone<\/a><\/div>\n<\/div>\n\n\n\n<div style=\"height:13px\" aria-hidden=\"true\" class=\"wp-block-spacer\"><\/div>\n\n\n\n<div class=\"wp-block-buttons is-layout-flex wp-block-buttons-is-layout-flex\">\n<div class=\"wp-block-button\"><a class=\"wp-block-button__link\" href=\"https:\/\/familie-woehl.de\/?page_id=3823\">Alte AusweisDokumente<\/a><\/div>\n<\/div>\n\n\n\n<p><\/p>\n","protected":false},"excerpt":{"rendered":"<p>Die Chronik von Vater Bruno W\u00f6hl soll in diesem Zweig&nbsp;durch&nbsp;Bilder aus alten Fotoalben, Briefe und weitere&nbsp;Dokumente aus dem Nachla\u00df der Eltern erg\u00e4nzt werden.<\/p>\n","protected":false},"author":1,"featured_media":1048,"parent":0,"menu_order":0,"comment_status":"closed","ping_status":"open","template":"","meta":{"footnotes":""},"class_list":["post-538","page","type-page","status-publish","has-post-thumbnail","hentry"],"_links":{"self":[{"href":"https:\/\/familie-woehl.de\/index.php?rest_route=\/wp\/v2\/pages\/538","targetHints":{"allow":["GET"]}}],"collection":[{"href":"https:\/\/familie-woehl.de\/index.php?rest_route=\/wp\/v2\/pages"}],"about":[{"href":"https:\/\/familie-woehl.de\/index.php?rest_route=\/wp\/v2\/types\/page"}],"author":[{"embeddable":true,"href":"https:\/\/familie-woehl.de\/index.php?rest_route=\/wp\/v2\/users\/1"}],"replies":[{"embeddable":true,"href":"https:\/\/familie-woehl.de\/index.php?rest_route=%2Fwp%2Fv2%2Fcomments&post=538"}],"version-history":[{"count":11,"href":"https:\/\/familie-woehl.de\/index.php?rest_route=\/wp\/v2\/pages\/538\/revisions"}],"predecessor-version":[{"id":3837,"href":"https:\/\/familie-woehl.de\/index.php?rest_route=\/wp\/v2\/pages\/538\/revisions\/3837"}],"wp:featuredmedia":[{"embeddable":true,"href":"https:\/\/familie-woehl.de\/index.php?rest_route=\/wp\/v2\/media\/1048"}],"wp:attachment":[{"href":"https:\/\/familie-woehl.de\/index.php?rest_route=%2Fwp%2Fv2%2Fmedia&parent=538"}],"curies":[{"name":"wp","href":"https:\/\/api.w.org\/{rel}","templated":true}]}}