{"id":56,"date":"2012-11-10T17:15:59","date_gmt":"2012-11-10T17:15:59","guid":{"rendered":"http:\/\/familie-woehl.de\/?page_id=2"},"modified":"2020-12-14T17:34:20","modified_gmt":"2020-12-14T17:34:20","slug":"beispiel-seite","status":"publish","type":"page","link":"https:\/\/familie-woehl.de\/?page_id=56","title":{"rendered":"Anne und  Kai"},"content":{"rendered":"\n<div class=\"wp-block-image\"><figure class=\"alignleft\"><a href=\"http:\/\/familie-woehl.de\/wp-content\/uploads\/2012\/11\/Anne_u_Kai0220121.jpg\"><img loading=\"lazy\" decoding=\"async\" width=\"89\" height=\"150\" src=\"http:\/\/familie-woehl.de\/wp-content\/uploads\/2012\/11\/Anne_u_Kai0220121-89x150.jpg\" alt=\"\" class=\"wp-image-769\" srcset=\"https:\/\/familie-woehl.de\/wp-content\/uploads\/2012\/11\/Anne_u_Kai0220121-89x150.jpg 89w, https:\/\/familie-woehl.de\/wp-content\/uploads\/2012\/11\/Anne_u_Kai0220121-178x300.jpg 178w, https:\/\/familie-woehl.de\/wp-content\/uploads\/2012\/11\/Anne_u_Kai0220121.jpg 375w\" sizes=\"auto, (max-width: 89px) 100vw, 89px\" \/><\/a><\/figure><\/div>\n\n\n\n<p>Erinnerungen an wichtige Stationen ihres bisherigen Lebenswegs haben&nbsp;Anne und Kai hier anhand von&nbsp;Zeitreihen mit vielen Fotos und kleinen Filmen dokumentiert. Die Seiten, die meist jeweils ein Jahrzehnt beschreiben, sind \u00fcberwiegend passwortgesch\u00fctzt, da sie Daten von noch lebenden Personen enthalten, die nur f\u00fcr&nbsp;die engere Familie bestimmt sind.<\/p>\n\n\n\n<div class=\"wp-block-buttons aligncenter is-layout-flex wp-block-buttons-is-layout-flex\">\n<div class=\"wp-block-button\"><a class=\"wp-block-button__link has-background\" href=\"https:\/\/familie-woehl.de\/?page_id=1340\" style=\"background-color:#00a333\">Annes Kindheit und Jugend, &#8230;<\/a><\/div>\n\n\n\n<div class=\"wp-block-button is-style-fill\"><a class=\"wp-block-button__link has-background\" href=\"https:\/\/familie-woehl.de\/?page_id=1389\" style=\"background-color:#00a333\">Kais Kindheit in den 50ern, &#8230;<\/a><\/div>\n<\/div>\n\n\n\n<p>Einige der folgenden Seiten zu Kais Kindheit, Jugend, Ausbildung und Beruf entstanden auch auf der Grundlage  und des von Martin Gundlach herausgegebenen Fragebuch an Oma und Opa &#8222;Erz\u00e4hl mir dein Leben&#8220;. <\/p>\n\n\n\n<div class=\"wp-block-buttons aligncenter is-layout-flex wp-block-buttons-is-layout-flex\">\n<div class=\"wp-block-button\"><a class=\"wp-block-button__link has-bright-blue-background-color has-background\" href=\"https:\/\/familie-woehl.de\/?page_id=784\">Opa Kais Steckbrief<\/a><\/div>\n\n\n\n<div class=\"wp-block-button is-style-fill\"><a class=\"wp-block-button__link has-bright-blue-background-color has-background\" href=\"https:\/\/familie-woehl.de\/?page_id=823\">Opa Kais Kindheit, Jugend, &#8230;<\/a><\/div>\n<\/div>\n\n\n\n<p><\/p>\n","protected":false},"excerpt":{"rendered":"<p>Erinnerungen an wichtige Stationen ihres bisherigen Lebenswegs haben&nbsp;Anne und Kai hier anhand von&nbsp;Zeitreihen mit vielen Fotos und kleinen Filmen dokumentiert. Die Seiten, die meist jeweils ein Jahrzehnt beschreiben, sind \u00fcberwiegend passwortgesch\u00fctzt, da sie Daten von noch lebenden Personen enthalten, die nur f\u00fcr&nbsp;die engere Familie bestimmt sind. Einige der folgenden Seiten zu Kais Kindheit, Jugend, Ausbildung &hellip; <a href=\"https:\/\/familie-woehl.de\/?page_id=56\" class=\"more-link\"><span class=\"screen-reader-text\">Anne und  Kai<\/span> weiterlesen<\/a><\/p>\n","protected":false},"author":1,"featured_media":1434,"parent":0,"menu_order":0,"comment_status":"closed","ping_status":"open","template":"","meta":{"footnotes":""},"class_list":["post-56","page","type-page","status-publish","has-post-thumbnail","hentry"],"_links":{"self":[{"href":"https:\/\/familie-woehl.de\/index.php?rest_route=\/wp\/v2\/pages\/56","targetHints":{"allow":["GET"]}}],"collection":[{"href":"https:\/\/familie-woehl.de\/index.php?rest_route=\/wp\/v2\/pages"}],"about":[{"href":"https:\/\/familie-woehl.de\/index.php?rest_route=\/wp\/v2\/types\/page"}],"author":[{"embeddable":true,"href":"https:\/\/familie-woehl.de\/index.php?rest_route=\/wp\/v2\/users\/1"}],"replies":[{"embeddable":true,"href":"https:\/\/familie-woehl.de\/index.php?rest_route=%2Fwp%2Fv2%2Fcomments&post=56"}],"version-history":[{"count":41,"href":"https:\/\/familie-woehl.de\/index.php?rest_route=\/wp\/v2\/pages\/56\/revisions"}],"predecessor-version":[{"id":3698,"href":"https:\/\/familie-woehl.de\/index.php?rest_route=\/wp\/v2\/pages\/56\/revisions\/3698"}],"wp:featuredmedia":[{"embeddable":true,"href":"https:\/\/familie-woehl.de\/index.php?rest_route=\/wp\/v2\/media\/1434"}],"wp:attachment":[{"href":"https:\/\/familie-woehl.de\/index.php?rest_route=%2Fwp%2Fv2%2Fmedia&parent=56"}],"curies":[{"name":"wp","href":"https:\/\/api.w.org\/{rel}","templated":true}]}}