{"id":6,"date":"2012-11-11T13:25:36","date_gmt":"2012-11-11T11:25:36","guid":{"rendered":"http:\/\/familie-woehl.de\/?page_id=6"},"modified":"2019-01-14T13:45:45","modified_gmt":"2019-01-14T13:45:45","slug":"uber-mich","status":"publish","type":"page","link":"https:\/\/familie-woehl.de\/?page_id=6","title":{"rendered":"Herausgeber"},"content":{"rendered":"\n<div class=\"wp-block-image\"><figure class=\"alignleft\"><a href=\"http:\/\/familie-woehl.de\/wp-content\/uploads\/2012\/11\/passfoto.jpg\"><img loading=\"lazy\" decoding=\"async\" width=\"138\" height=\"167\" src=\"http:\/\/familie-woehl.de\/wp-content\/uploads\/2012\/11\/passfoto.jpg\" alt=\"\" class=\"wp-image-31\"\/><\/a><\/figure><\/div>\n\n\n\n<p>Diese Internet-Seite dient ausschlie\u00dflich pers\u00f6nlichen und innerfamili\u00e4ren Zwecken, soll von Suchmaschinen nicht erschlossen werden und hat keinerlei wirtschaftlichen Hintergrund. Der Autor Kai W\u00f6hl ist \u00fcber die Mail-Adresse <a href=\"mailto:kai@familie-woehl.de\">kai@familie-woehl.de<\/a> erreichbar.<\/p>\n","protected":false},"excerpt":{"rendered":"<p>Diese Internet-Seite dient ausschlie\u00dflich pers\u00f6nlichen und innerfamili\u00e4ren Zwecken, soll von Suchmaschinen nicht erschlossen werden und hat keinerlei wirtschaftlichen Hintergrund. Der Autor Kai W\u00f6hl ist \u00fcber die Mail-Adresse kai@familie-woehl.de erreichbar.<\/p>\n","protected":false},"author":1,"featured_media":0,"parent":0,"menu_order":0,"comment_status":"closed","ping_status":"open","template":"","meta":{"footnotes":""},"class_list":["post-6","page","type-page","status-publish","hentry"],"_links":{"self":[{"href":"https:\/\/familie-woehl.de\/index.php?rest_route=\/wp\/v2\/pages\/6","targetHints":{"allow":["GET"]}}],"collection":[{"href":"https:\/\/familie-woehl.de\/index.php?rest_route=\/wp\/v2\/pages"}],"about":[{"href":"https:\/\/familie-woehl.de\/index.php?rest_route=\/wp\/v2\/types\/page"}],"author":[{"embeddable":true,"href":"https:\/\/familie-woehl.de\/index.php?rest_route=\/wp\/v2\/users\/1"}],"replies":[{"embeddable":true,"href":"https:\/\/familie-woehl.de\/index.php?rest_route=%2Fwp%2Fv2%2Fcomments&post=6"}],"version-history":[{"count":2,"href":"https:\/\/familie-woehl.de\/index.php?rest_route=\/wp\/v2\/pages\/6\/revisions"}],"predecessor-version":[{"id":2303,"href":"https:\/\/familie-woehl.de\/index.php?rest_route=\/wp\/v2\/pages\/6\/revisions\/2303"}],"wp:attachment":[{"href":"https:\/\/familie-woehl.de\/index.php?rest_route=%2Fwp%2Fv2%2Fmedia&parent=6"}],"curies":[{"name":"wp","href":"https:\/\/api.w.org\/{rel}","templated":true}]}}