{"id":784,"date":"2012-12-02T08:45:08","date_gmt":"2012-12-02T08:45:08","guid":{"rendered":"http:\/\/familie-woehl.de\/?page_id=784"},"modified":"2023-03-08T11:08:49","modified_gmt":"2023-03-08T11:08:49","slug":"opa-kais-steckbrief","status":"publish","type":"page","link":"https:\/\/familie-woehl.de\/?page_id=784","title":{"rendered":"Opa Kais Steckbrief"},"content":{"rendered":"<p style=\"text-align: left;\"><em><strong>Kompletter Name:<\/strong> Dr.<\/em>&nbsp;<strong>Kai<\/strong> Walter Berthold Richard <strong>W\u00f6hl<a href=\"http:\/\/familie-woehl.de\/?attachment_id=795\" rel=\"attachment wp-att-795\"><img loading=\"lazy\" decoding=\"async\" class=\"alignright size-thumbnail wp-image-795\" title=\"kai021951\" src=\"http:\/\/familie-woehl.de\/wp-content\/uploads\/2012\/12\/kai021951-85x150.jpg\" alt=\"\" width=\"85\" height=\"150\" srcset=\"https:\/\/familie-woehl.de\/wp-content\/uploads\/2012\/12\/kai021951-85x150.jpg 85w, https:\/\/familie-woehl.de\/wp-content\/uploads\/2012\/12\/kai021951-171x300.jpg 171w\" sizes=\"auto, (max-width: 85px) 100vw, 85px\" \/><\/a><\/strong><br \/>\n<strong><em>Geboren&nbsp;am: <\/em><\/strong>7. Juni 1949<br \/>\n<em><strong>Geboren in:<\/strong>&nbsp;<\/em>Taarstedt im Kreis Schleswig<br \/>\n<em><strong>Zur Schule gegangen:<\/strong>&nbsp;<\/em>St\u00e4dtische Evangelische Knaben-Volksschule an der<em> Ko<\/em>nkordiastra\u00dfe in D\u00fcsseldorf von Ostern 1956 bis Ostern 1960;&nbsp;danach St\u00e4dtisches mathematisch-naturwissenschaftliches <a title=\"Wikipedia-Eintrag zum Lessing-Gymnasium\" href=\"http:\/\/de.wikipedia.org\/wiki\/Datei:Lessing-Gymnasium_in_Duesseldorf-Oberbilk,_von_Westen.jpg\">Lessing-Gymnasium, Ellerstr. 87&nbsp;in D\u00fcsseldorf<\/a>&nbsp;bis zum Abitur im&nbsp;Mai 1968<br \/>\n<strong><em>Ausbildung\/Studium:&nbsp;<\/em><\/strong>Ausbildung zum Fernschreiber w\u00e4hrend des Grundwehrdienstes beim Fernmeldebataillon der Bundeswehr in Borken n\u00f6rdlich vom Ruhrgebiet vom 1.7.1968 bis Ende 1969; danach Mathematik-Studium mit Nebenf\u00e4chern Physik und Informatik an der Universit\u00e4t Bonn bis zum Vordiplom Mitte 1971; danach Informatik-Hauptstudium an der Universit\u00e4t Hamburg bis zum Diplom in Informatik Mitte 1973 (Diplomarbeit &#8222;PREVAN &#8211; Ein Vorcompiler zur Vektoranalysis&#8220;); anschlie\u00dfend Promotion an der Universit\u00e4t Dortmund zum Dr. rer. nat. mit der Dissertation &#8222;\u00c4quivalenzuntersuchungen an einfachen Programmen&#8220; bis Ende 1977<br \/>\n<strong><em>Beruf:&nbsp;<\/em><\/strong>Diplom-Informatiker zun\u00e4chst 1973 als wissenschaftlicher&nbsp;Angestellter in \u00f6ffentlichem Forschungsprojekt, danach 1976 als wissenschaftlicher Assistent an der Universit\u00e4t Dortmund; ab 1979 DV-Organisator bei der Grundig AG in F\u00fcrth; ab 1981 Projektleiter Software-Engineering danach&nbsp;zeitweise Leiter der Abteilung&nbsp;&#8222;Innovative Systemarchitekturen&#8220; Triumph-Adler AG in N\u00fcrnberg;&nbsp;Mitte 1985 bis zur&nbsp;Freistellungsphase der Altersteilzeit Anfang 2010 Angestellter bei der Bundesanstalt f\u00fcr Arbeit, sp\u00e4ter Bundesagentur f\u00fcr Arbeit in N\u00fcrnberg in der Anwendungsentwicklung;<br \/>\n<strong><em>Hochzeit:<\/em><\/strong> 5. Oktober 1973 in G\u00fcls bei Koblenz<br \/>\n<strong><em>Geburt der Kinder:<\/em> <\/strong>Stefan am 18. M\u00e4rz 1976, Xenia am 27. September 1978, Saskia am 30. Oktober 1979 und&nbsp;Anina am 15. November 1981<br \/>\n<strong><em>wichtige Ereignisse\/<em>H\u00f6he und Tiefpunkte im Leben:<\/em> <\/em><\/strong>Reisen zuerst mit dem Fahrrad (Jugendherbergsrundreise in D\u00e4nemark mit Rita), mit dem Falt-Paddelboot auf&nbsp;Rhein und Schlei,&nbsp;dann mit dem&nbsp;Moped (Holland, Belgien, Luxemburg, England)&nbsp;und schlie\u00dflich mit dem VW K\u00e4fer (Schweiz, Italien, Frankreich nach dem Abitur, zum Nordkap am Anfang des Studiums); Reisen mit Anne und den Kindern(Jugoslawien, Norwegen, Frankreich, Sauerland, Texel, Fan\u00f6, &#8230;); berufliche Reisen (England, EU-Br\u00fcssel, Singapore, USA\/Kanada); Kurzreisen mit\/zu Enkelkindern;<br \/>\nungeliebte Bundeswehrzeit (<em>Tiefpunkt<\/em>);<br \/>\nAuszug von Zuhause in erstes eigenes Dachzimmer in Bonn,&nbsp;Goebenstrasse;<br \/>\neigene Wohnung mit Anne in Dortmund, L\u00fctgendortmunder Hellweg;<br \/>\nGeburt der Kinder;<br \/>\nBerufliche Wechsel zu Grundig, Triumph-Adler, Bundesanstalt f\u00fcr Arbeit;<br \/>\nberufliche Erfolge (Materialdisposition bei Grundig; neues B\u00fcrosystem bei Triumph-Adler; Ausbildungsvermittlungssystem, neues Finanzsystem, Intranet, Jobb\u00f6rse und Arbeitsvermittlungssystem bei der BA);<br \/>\nberufliche Unsicherheiten durch die wirtschaftliche Lage von Grundig und sp\u00e4ter auch Triumph-Adler (<em>Tiefpunkte<\/em>);<br \/>\nEigenes Haus, erst gemietet in Ammerndorf, dann gebaut in Bruckberg;<br \/>\nTiere (Pony, Schafe, Pferd, &#8230;);<br \/>\ngesundheitliche Probleme (Nierensteine, Augenprobleme); Tod der Gro\u00dfeltern, Eltern und Schwiegereltern (<em>Tiefpunkte<\/em>);<a href=\"http:\/\/familie-woehl.de\/?attachment_id=606\" rel=\"attachment wp-att-606\"><img loading=\"lazy\" decoding=\"async\" class=\"alignright\" title=\"Kai_052009\" src=\"http:\/\/familie-woehl.de\/wp-content\/uploads\/2012\/11\/Kai_052009-150x150.jpg\" alt=\"\" width=\"150\" height=\"150\"><\/a><br \/>\nErfolgreiche Ausbildung und beruflicher Einstieg bei allen Kindern;<br \/>\nGeburt der Enkel;<br \/>\nneuer Lebensabschnitt nach Auszug der Kinder und Ende der eigenen&nbsp;beruflichen T\u00e4tigkeit;<br \/>\nreiten lernen;<br \/>\n<strong><em>Angefangen das Buch zu schreiben am<\/em> <\/strong>1. Dezember 2012 nach Sturz von der Leiter beim \u00c4pfelpfl\u00fccken<\/p>\n<table>\n<tbody>\n<tr>\n<td><a title=\"Anne und Kai\" href=\"http:\/\/familie-woehl.de\/?page_id=1389\"><img loading=\"lazy\" decoding=\"async\" class=\"alignleft size-full wp-image-319\" title=\"zur\u00fcck\" src=\"http:\/\/familie-woehl.de\/wp-content\/uploads\/2012\/11\/Pfeil-zur.jpg\" alt=\"\" width=\"38\" height=\"38\"><\/a><\/td>\n<td style=\"text-align: right;\"><a title=\"Opa Kais Kindheit\" href=\"http:\/\/familie-woehl.de\/?page_id=823\"><img loading=\"lazy\" decoding=\"async\" class=\"alignright wp-image-319\" title=\"vor\" src=\"http:\/\/familie-woehl.de\/wp-content\/uploads\/2012\/11\/Pfeil-vor.jpg\" alt=\"\" width=\"38\" height=\"38\"><\/a>Fragen und Antworten zu Opa Kais<br \/>\n<a href=\"http:\/\/familie-woehl.de\/?page_id=823\">Kindheit<\/a><\/td>\n<\/tr>\n<\/tbody>\n<\/table>\n","protected":false},"excerpt":{"rendered":"<p>Kompletter Name: Dr.&nbsp;Kai Walter Berthold Richard W\u00f6hl Geboren&nbsp;am: 7. Juni 1949 Geboren in:&nbsp;Taarstedt im Kreis Schleswig Zur Schule gegangen:&nbsp;St\u00e4dtische Evangelische Knaben-Volksschule an der Konkordiastra\u00dfe in D\u00fcsseldorf von Ostern 1956 bis Ostern 1960;&nbsp;danach St\u00e4dtisches mathematisch-naturwissenschaftliches Lessing-Gymnasium, Ellerstr. 87&nbsp;in D\u00fcsseldorf&nbsp;bis zum Abitur im&nbsp;Mai 1968 Ausbildung\/Studium:&nbsp;Ausbildung zum Fernschreiber w\u00e4hrend des Grundwehrdienstes beim Fernmeldebataillon der Bundeswehr in Borken n\u00f6rdlich &hellip; <a href=\"https:\/\/familie-woehl.de\/?page_id=784\" class=\"more-link\"><span class=\"screen-reader-text\">Opa Kais Steckbrief<\/span> weiterlesen<\/a><\/p>\n","protected":false},"author":1,"featured_media":0,"parent":56,"menu_order":0,"comment_status":"closed","ping_status":"open","template":"","meta":{"footnotes":""},"class_list":["post-784","page","type-page","status-publish","hentry"],"_links":{"self":[{"href":"https:\/\/familie-woehl.de\/index.php?rest_route=\/wp\/v2\/pages\/784","targetHints":{"allow":["GET"]}}],"collection":[{"href":"https:\/\/familie-woehl.de\/index.php?rest_route=\/wp\/v2\/pages"}],"about":[{"href":"https:\/\/familie-woehl.de\/index.php?rest_route=\/wp\/v2\/types\/page"}],"author":[{"embeddable":true,"href":"https:\/\/familie-woehl.de\/index.php?rest_route=\/wp\/v2\/users\/1"}],"replies":[{"embeddable":true,"href":"https:\/\/familie-woehl.de\/index.php?rest_route=%2Fwp%2Fv2%2Fcomments&post=784"}],"version-history":[{"count":24,"href":"https:\/\/familie-woehl.de\/index.php?rest_route=\/wp\/v2\/pages\/784\/revisions"}],"predecessor-version":[{"id":4581,"href":"https:\/\/familie-woehl.de\/index.php?rest_route=\/wp\/v2\/pages\/784\/revisions\/4581"}],"up":[{"embeddable":true,"href":"https:\/\/familie-woehl.de\/index.php?rest_route=\/wp\/v2\/pages\/56"}],"wp:attachment":[{"href":"https:\/\/familie-woehl.de\/index.php?rest_route=%2Fwp%2Fv2%2Fmedia&parent=784"}],"curies":[{"name":"wp","href":"https:\/\/api.w.org\/{rel}","templated":true}]}}