{"id":823,"date":"2012-12-02T10:27:32","date_gmt":"2012-12-02T10:27:32","guid":{"rendered":"http:\/\/familie-woehl.de\/?page_id=823"},"modified":"2023-03-08T11:06:04","modified_gmt":"2023-03-08T11:06:04","slug":"opa-kais-kindheit","status":"publish","type":"page","link":"https:\/\/familie-woehl.de\/?page_id=823","title":{"rendered":"Opa Kais Kindheit"},"content":{"rendered":"<p><em><strong>Welche Erinnerung hast du an deine Mutter?<a href=\"http:\/\/familie-woehl.de\/?attachment_id=841\" rel=\"attachment wp-att-841\"><img loading=\"lazy\" decoding=\"async\" class=\"alignright size-thumbnail wp-image-841\" title=\"kai_mit_mutter_weihnachten51\" src=\"http:\/\/familie-woehl.de\/wp-content\/uploads\/2012\/12\/kai_mit_mutter_weihnachten51-150x132.jpg\" alt=\"\" width=\"150\" height=\"132\" srcset=\"https:\/\/familie-woehl.de\/wp-content\/uploads\/2012\/12\/kai_mit_mutter_weihnachten51-150x132.jpg 150w, https:\/\/familie-woehl.de\/wp-content\/uploads\/2012\/12\/kai_mit_mutter_weihnachten51-300x265.jpg 300w, https:\/\/familie-woehl.de\/wp-content\/uploads\/2012\/12\/kai_mit_mutter_weihnachten51-624x552.jpg 624w, https:\/\/familie-woehl.de\/wp-content\/uploads\/2012\/12\/kai_mit_mutter_weihnachten51.jpg 962w\" sizes=\"auto, (max-width: 150px) 100vw, 150px\" \/><\/a><\/strong><\/em><\/p>\n<p>Meine Mutter war die zentrale Bezugsperson f\u00fcr uns Kinder. Sie war liebevoll, f\u00fcrsorglich, mitf\u00fchlend und um das Wohl ihrer Kinder oft zu sehr besorgt. Ihre Kinder sollten es einmal besser haben, als sie es in den \u00e4rmlichen Verh\u00e4ltnissen ihres Zuhauses und vor allem w\u00e4hrend des Krieges und danach erlebt hatte. Hohes Ansehen hatten f\u00fcr sie Leute mit h\u00f6herer Bildung und einem gesicherten monatlichen Einkommen, wie es einige ihrer Onkel, die Lehrer, F\u00f6rster u.\u00e4. geworden waren, erreicht hatten. F\u00fcr sich selbst hatte sie mit meinem Vater einen solchem Partner gefunden, der das Gymnasium besucht hatte und als gehobener Beamter diese angestrebt Sicherheit bieten konnte. Besonders bei mir stachelte sie meinen Vater immer wieder an, dass er mit mir f\u00fcr die Schule \u00fcben sollte. Speziell in Deutsch, beim Lesen, der Rechtschreibung und vor allem beim Aufsatzschreiben, sp\u00e4ter auch bei den Sprachen tat ich mich ab der 4. Grundschulklasse bis in die Mittelstufe des Gymnasiums hinein recht schwer. R\u00fcckblickend war dies t\u00e4gliche \u00dcben am sp\u00e4ten Nachmittag objektiv hilfreich gewesen und hat mich sicherlich auch vor vielen schulischen Misserfolgen bewahrt, trotzdem hatte ich damals f\u00fcr diesen Drill keinerlei Verst\u00e4ndnis. Bei Pr\u00fcfungen, ganz besonders bei der Aufnahmepr\u00fcfung zum Gymnasium, und danach bei allen Klassenarbeiten hat meine Mutter meist viel mehr gebangt als ich. Gl\u00fccklicherweise wurde sie ja fast stets positiv \u00fcberrascht, da sie ebenso wie mein Vater immer das schlechtest m\u00f6gliche Ergebnis erwartet hatte.<\/p>\n<p>Anders als\u00a0mein Vater\u00a0hatte sie\u00a0auch von \u00c4rzten\u00a0eine hohe Meinung und erwartete oft Wunderdinge. Als Kind hatte ich damals in D\u00fcsseldorf \u00fcber lange Jahre\u00a0einen chronischen Schnupfen und deswegen schleppte sie mich\u00a0auf Empfehlungen von Bekannten\u00a0zu\u00a0diversen \u00c4rzten, die konventionelle\u00a0oder\u00a0hom\u00f6opathische Arzneien, eine Vielzahl von speziell gemischten Tees verschrieben oder Mandel-\/Polypenoperationen empfahlen. Zuhause brauchte ich unter den absch\u00e4tzigen Bemerkungen meines Vaters dann diese Medikamente\/Tees lediglich ein- bis zweimal auszuprobieren und konnte sie dann weglassen, weil ja, wie mein Vater richtig vorausgesagt hatte, keinerlei Besserung eingetreten war.<\/p>\n<p><em><strong>Welche Erinnerung hast du an deinen Vater?<a href=\"http:\/\/familie-woehl.de\/?attachment_id=842\" rel=\"attachment wp-att-842\"><img loading=\"lazy\" decoding=\"async\" class=\"alignright size-thumbnail wp-image-842\" title=\"kai_weihnachten51\" src=\"http:\/\/familie-woehl.de\/wp-content\/uploads\/2012\/12\/kai_weihnachten51-111x150.jpg\" alt=\"\" width=\"111\" height=\"150\" srcset=\"https:\/\/familie-woehl.de\/wp-content\/uploads\/2012\/12\/kai_weihnachten51-111x150.jpg 111w, https:\/\/familie-woehl.de\/wp-content\/uploads\/2012\/12\/kai_weihnachten51-223x300.jpg 223w, https:\/\/familie-woehl.de\/wp-content\/uploads\/2012\/12\/kai_weihnachten51-624x838.jpg 624w, https:\/\/familie-woehl.de\/wp-content\/uploads\/2012\/12\/kai_weihnachten51.jpg 671w\" sizes=\"auto, (max-width: 111px) 100vw, 111px\" \/><\/a><\/strong><\/em><\/p>\n<p>Mein Vater spielte entsprechend dem traditionellen Familienverst\u00e4ndnis die Rolle des Oberhaupts und Ern\u00e4hrers der Familie. Mit uns Kindern hat er kaum gespielt, war aber, wie oben beschrieben, f\u00fcr die Schulnachhilfe zust\u00e4ndig. Als Kinder sollten wir ihn bei seinen vielf\u00e4ltigen technischen Basteleien nach der Arbeit m\u00f6glichst wenig st\u00f6ren und, da &#8222;Kinder alles kaputt machen&#8220;, durften wir speziell seine Sachen wie Werkzeuge, Radio und Plattenspieler sowie deren Ersatzteile und\u00a0 Fotoapparate nicht anfassen. Sein Werkzeug, speziell den L\u00f6tkolben, habe ich in seiner Abwesenheit sp\u00e4ter oft genutzt. Wahrscheinlich hat er es auch gemerkt, aber dann doch nichts gesagt. Zu Weihnachten und zum Geburtstag erhielten wir in den fr\u00fchen Jahren oft Spielzeug, dass er abends f\u00fcr uns gebastelt hatte (Schubkarre, Trafo f\u00fcr elektrische Eisenbahn, Puppenhaus f\u00fcr Rita, sp\u00e4ter auch Radios oder Audio-Verst\u00e4rker).<\/p>\n<p><a href=\"http:\/\/familie-woehl.de\/?attachment_id=846\" rel=\"attachment wp-att-846\"><img loading=\"lazy\" decoding=\"async\" class=\"alignright\" title=\"urlaub56\" src=\"http:\/\/familie-woehl.de\/wp-content\/uploads\/2012\/12\/urlaub56-150x63.jpg\" alt=\"\" width=\"150\" height=\"63\" \/><\/a>Die gro\u00dfe Leidenschaft meines Vaters waren Camping-Reisen, vorwiegend in Richtung Norden. Meine Mutter teilte diese\u00a0Vorliebe nicht so, da\u00a0speziell das Kochen in dieser Umgebung aufwendig war und, wenn es regnete, kalt und nass war, auch das Zusammenleben auf so engem unbequemen Raum schwierig war.\u00a0Zuerst hatten wir nur ein kleines Armee-Zelt aus zwei Zeltbahnen. Rita und ich schliefen dann immer im Auto. Sp\u00e4ter hat meine Oma ein gro\u00dfes Zelt auf ihrer N\u00e4hmaschine gen\u00e4hnt (siehe Bild), das allerdings\u00a0beim ersten st\u00e4rkeren Sturm in Fetzen ging. Sp\u00e4ter wurde aufger\u00fcstet in Richtung Steilwandzelt, VW-Bus, Benzin- und Gaskochanlage, Teppiche.\u00a0<a href=\"http:\/\/familie-woehl.de\/?attachment_id=866\" rel=\"attachment wp-att-866\"><img loading=\"lazy\" decoding=\"async\" class=\"alignleft size-thumbnail wp-image-866\" title=\"Paddelboot1963\" src=\"http:\/\/familie-woehl.de\/wp-content\/uploads\/2012\/12\/Paddelboot1963-144x150.jpg\" alt=\"\" width=\"144\" height=\"150\" srcset=\"https:\/\/familie-woehl.de\/wp-content\/uploads\/2012\/12\/Paddelboot1963-144x150.jpg 144w, https:\/\/familie-woehl.de\/wp-content\/uploads\/2012\/12\/Paddelboot1963-288x300.jpg 288w, https:\/\/familie-woehl.de\/wp-content\/uploads\/2012\/12\/Paddelboot1963-624x648.jpg 624w, https:\/\/familie-woehl.de\/wp-content\/uploads\/2012\/12\/Paddelboot1963.jpg 890w\" sizes=\"auto, (max-width: 144px) 100vw, 144px\" \/><\/a>Auf diesen Reisen hat mein Vater manchmal seine zur\u00fcckhaltene distanzierte Haltung gegen\u00fcber uns Kindern auch aufgegeben. So durften wir manchmal abends ein Lagerfeuer machen und 1963 war er es, der zur Verbl\u00fcffung aller vorschlug, auf der nur mit unserem Faltboot zu erreichenden kleinen <a title=\"Schleiinsel Kieholm\" href=\"http:\/\/de.wikipedia.org\/wiki\/Kieholm\">Insel Kieholm in der Schlei <\/a>wild zu campen. Nach dem Urlaub hat er mit mir f\u00fcr das Boot\u00a0eine Paddelmaschine aus einem alten Moped-Motor gebaut, die allerdings den Nachteil hatte, Wasser ins Boot zu schleudern und sehr schnell war auch Wasser im Motorvergaser, so dass der Motor ausging und die Vergaserd\u00fcsen vor dem n\u00e4chsten Anlassen ausgepustet werden mu\u00dften. Dies zwang zum Bau von Seitenscheiben, durch die man hinten ziemlich dem Funktionieren der Paddelmaschine ausgeliefert war. Bei unserem 2.\u00a0Urlaub an der Schlei 1964\u00a0hatte ich viel Spa\u00df mit\u00a0der Paddelmaschine (siehe nachfolgenden Film entweder im mp4-Format f\u00fcr MS- und Apple-Browser).\u00a0Zuhause auf dem Rhein war sie allerdings\u00a0nicht verl\u00e4ssig genug, so dass mein Vater einen alten Vorkriegs-Bootsmotor mit Schraube an langer Stange besorgte. Sp\u00e4ter kam ich \u00fcber ihn auch zu einem alten Moped von der Post und sp\u00e4ter auch zum ersten eigenen Auto.<\/p>\n<div style=\"width: 384px;\" class=\"wp-video\"><video class=\"wp-video-shortcode\" id=\"video-823-1\" width=\"384\" height=\"288\" preload=\"metadata\" controls=\"controls\"><source type=\"video\/mp4\" src=\"http:\/\/familie-woehl.de\/wp-content\/uploads\/2016\/01\/Kais_Paddelmaschine.mp4?_=1\" \/><a href=\"http:\/\/familie-woehl.de\/wp-content\/uploads\/2016\/01\/Kais_Paddelmaschine.mp4\">http:\/\/familie-woehl.de\/wp-content\/uploads\/2016\/01\/Kais_Paddelmaschine.mp4<\/a><\/video><\/div>\n<p><em><strong>Wie waren deine Mutter und dein Vater als Eltern?<br \/>\nStreng? Gro\u00dfz\u00fcgig? Viel weg? Unterst\u00fctzend?<\/strong><\/em><\/p>\n<p>Verglichen mit den Eltern von gleichaltigen Freunden waren meine Eltern nicht streng, sondern eher gro\u00dfz\u00fcgig und unterst\u00fctzend. Es wurde zwar oft von Pr\u00fcgel geredet, gab sie aber bis auf Ausnahmesituationen nicht. Auch Hausarrest oder l\u00e4nger anhaltende Verbote\u00a0waren bei uns als Strafe nicht \u00fcblich.\u00a0F\u00fcr die Erziehung war ohnehin meine Mutter zust\u00e4ndig und so gab es bei uns auch die die andernorts oft geh\u00f6rte Drohung nicht: &#8222;Warte nur, bis Dein Vater nach Hause kommt!&#8220;. Statt durch Strafen setzte meine Mutter\u00a0ihren Willen meist durch permanentes Nerven &#8222;Hast Du das &#8230; jetzt endlich gemacht?&#8220; durch. Bei Anliegen, die sie st\u00e4rker emotional\u00a0 ber\u00fchrten, wurde sie deswegen auch \u00f6fter einmal krank und \u00fcbte so Druck in der Familie aus.<\/p>\n<p>Hinsichtlich kleinerer Dinge war meine Mutter gro\u00dfz\u00fcgig, gr\u00f6\u00dfere Geschenke waren bei meinem Vater eher durchsetzbar, besonders dann, wenn sie auch aus seiner Sicht erstrebenswert waren (z.B. das oben bereits gezeigte Faltboot). Wenn das Ansinnen im Raum stand, sich\u00a0 etwas von ihm ausleihen zu wollen, dann besorgte er das Ger\u00e4t, vom Fotoapparat bis hin zum Auto, lieber noch einmal, ehe es mit einem der Kinder zu teilen musste.<\/p>\n<p>Meine Eltern waren abgesehen von Urlaubsreisen, an denen manchmal eine von den Gro\u00dfm\u00fcttern zu Hause auf uns Kinder aufpasste, immer daheim. In ein Wirtshaus sind sie fast nie, auch nicht im Urlaub, ausgegangen.<\/p>\n<p><em><strong>Was habt ihr als Kinder gespielt?<a href=\"http:\/\/familie-woehl.de\/?attachment_id=843\" rel=\"attachment wp-att-843\"><img loading=\"lazy\" decoding=\"async\" class=\"alignright size-thumbnail wp-image-843\" title=\"Kai_auf_Baum52\" src=\"http:\/\/familie-woehl.de\/wp-content\/uploads\/2012\/12\/Kai_auf_Baum52-126x150.jpg\" alt=\"\" width=\"126\" height=\"150\" srcset=\"https:\/\/familie-woehl.de\/wp-content\/uploads\/2012\/12\/Kai_auf_Baum52-126x150.jpg 126w, https:\/\/familie-woehl.de\/wp-content\/uploads\/2012\/12\/Kai_auf_Baum52-252x300.jpg 252w, https:\/\/familie-woehl.de\/wp-content\/uploads\/2012\/12\/Kai_auf_Baum52-624x741.jpg 624w, https:\/\/familie-woehl.de\/wp-content\/uploads\/2012\/12\/Kai_auf_Baum52.jpg 697w\" sizes=\"auto, (max-width: 126px) 100vw, 126px\" \/><\/a><\/strong><\/em><\/p>\n<p><a href=\"http:\/\/familie-woehl.de\/?attachment_id=760\" rel=\"attachment wp-att-760\"><img loading=\"lazy\" decoding=\"async\" class=\"alignleft size-thumbnail wp-image-760\" title=\"Haus_Bockdorf1955\" src=\"http:\/\/familie-woehl.de\/wp-content\/uploads\/2012\/11\/Haus_Bockdorf1955-114x150.jpg\" alt=\"\" width=\"114\" height=\"150\" srcset=\"https:\/\/familie-woehl.de\/wp-content\/uploads\/2012\/11\/Haus_Bockdorf1955-114x150.jpg 114w, https:\/\/familie-woehl.de\/wp-content\/uploads\/2012\/11\/Haus_Bockdorf1955-229x300.jpg 229w, https:\/\/familie-woehl.de\/wp-content\/uploads\/2012\/11\/Haus_Bockdorf1955-782x1024.jpg 782w, https:\/\/familie-woehl.de\/wp-content\/uploads\/2012\/11\/Haus_Bockdorf1955-624x816.jpg 624w, https:\/\/familie-woehl.de\/wp-content\/uploads\/2012\/11\/Haus_Bockdorf1955.jpg 1011w\" sizes=\"auto, (max-width: 114px) 100vw, 114px\" \/><\/a>Wie fast alle Kinder haben wir in der Zeit, wo wir im <a title=\"Gut Bockdorf\" href=\"http:\/\/www.gut-heimendahl.de\/\">Schlo\u00df\u00a0Bockdorf <\/a>gelebt haben, oft drau\u00dfen mit Eimer und Schaufel mit lockerer Erde gespielt.\u00a0Gern haben wir uns auch in den Rhododendron-B\u00fcschen des etwas verwilderten Parks\u00a0 versteckt, dort ein Lager gebaut oder auf dem langen Ast eines Baums geschaukelt. Auch sp\u00e4ter noch\u00a0bin ich gern in den B\u00e4umen herum geklettert.<\/p>\n<p><a href=\"http:\/\/familie-woehl.de\/?attachment_id=766\" rel=\"attachment wp-att-766\"><img loading=\"lazy\" decoding=\"async\" class=\"alignleft\" title=\"K\u00fcche1955\" src=\"http:\/\/familie-woehl.de\/wp-content\/uploads\/2012\/11\/K\u00fcche1955-150x105.jpg\" alt=\"\" width=\"150\" height=\"105\" \/><\/a><a href=\"http:\/\/familie-woehl.de\/?attachment_id=845\" rel=\"attachment wp-att-845\"><img loading=\"lazy\" decoding=\"async\" class=\"alignright\" title=\"kai_weihnachten55\" src=\"http:\/\/familie-woehl.de\/wp-content\/uploads\/2012\/12\/kai_weihnachten55-150x118.jpg\" alt=\"\" width=\"150\" height=\"118\" \/><\/a>Ein erstrebenswertes Prestige-Spielzeug speziell in der Weihnachtszeit, mit dem ich aber relativ wenig Zeit verbracht habe,\u00a0war die Modelleisenbahn, zun\u00e4chst zum Aufziehen, sp\u00e4ter elektrisch H0 von <a title=\"Modelleisenbahn Trix Express\" href=\"http:\/\/de.wikipedia.org\/wiki\/TRIX_EXPRESS#Trix_Express\">Trix-Express<\/a> mit von meinem Vater gebauten elektrischen Komponenten. Mehr habe ich drinnen mit alten <a title=\"Steinbaukasten\" href=\"http:\/\/de.wikipedia.org\/wiki\/Steinbaukasten\">Steinbauk\u00e4sten<\/a> oder <a title=\"Stabilbaukasten\" href=\"http:\/\/de.wikipedia.org\/wiki\/Metallbaukasten\">Stabilbauk\u00e4sten<\/a> gespielt, die noch von meinem Vater stammten, allerdings nicht mehr ganz vollst\u00e4ndig waren. Lego-Bausteine gab es damals noch nicht. Sie kamen erst in den 60er Jahren auf und waren damals ziemlich teuer.<\/p>\n<p><a href=\"http:\/\/familie-woehl.de\/?attachment_id=847\" rel=\"attachment wp-att-847\"><img loading=\"lazy\" decoding=\"async\" class=\"alignleft\" title=\"kai_geburtstag56\" src=\"http:\/\/familie-woehl.de\/wp-content\/uploads\/2012\/12\/kai_geburtstag56-121x150.jpg\" alt=\"\" width=\"121\" height=\"150\" \/><\/a><a href=\"http:\/\/familie-woehl.de\/?attachment_id=861\" rel=\"attachment wp-att-861\"><img loading=\"lazy\" decoding=\"async\" class=\"alignright size-thumbnail wp-image-861\" title=\"Kai_im_Baum\" src=\"http:\/\/familie-woehl.de\/wp-content\/uploads\/2012\/12\/Kai_im_Baum-68x150.jpg\" alt=\"\" width=\"68\" height=\"150\" srcset=\"https:\/\/familie-woehl.de\/wp-content\/uploads\/2012\/12\/Kai_im_Baum-68x150.jpg 68w, https:\/\/familie-woehl.de\/wp-content\/uploads\/2012\/12\/Kai_im_Baum-136x300.jpg 136w, https:\/\/familie-woehl.de\/wp-content\/uploads\/2012\/12\/Kai_im_Baum.jpg 360w\" sizes=\"auto, (max-width: 68px) 100vw, 68px\" \/><\/a>Ein Geschenk, \u00fcber das ich mich damals ganz besonders gefreut hatte und das ich zu meinem 6. Geburtstag kurz nach unserem Umzug nach D\u00fcsseldorf bekommen hatte, war ein Ballonroller. Gern bin ich sp\u00e4ter auch Rollschuh gelaufen und Fahrrad gefahren.<\/p>\n<p>Da ich nicht gern gelesen habe, au\u00dfer Schund wie Micky Maus- oder Fix- und Foxi-Hefte, an die manchmal Freund Helmut Fockenrath herankam, bekam ich trotz der nachdr\u00fccklichen p\u00e4dagogischen Bedenken der Grundschullehrer dann doch ein Abonnement von Micky Maus. Angeregt von den H\u00f6rspielen\u00a0 im sonnt\u00e4glichen Radio-Kinderprogramm habe ich mir dann einen Leseausweis bei der Stadtb\u00fccherei besorgt, um vor allem an die wenigen und meist ausgeliehenen Kalle-Blomquist-B\u00fccher oder an K\u00e4stner-Jugend-B\u00fccher heranzukommen. Ich habe aber dann auch viele andere B\u00fccher, vor allem Reisebeschreibungen (&#8222;Mit dem Fahrrad um die Welt&#8220;, &#8222;Mit dem Paddelboot auf dem Amazonas&#8220;, &#8230;) und Abenteuerromane von Jule Verne u.\u00e4. gelesen.<\/p>\n<p>Als Hobby\u00a0entdeckte ich w\u00e4hrend der Grundschulzeit die Zierfischhaltung im Aquarium. Los ging es mit 2 Goldfischen, die ich vom Vater von\u00a0Freund Helmut geschenkt bekam, \u00fcber diverse Warm- und Kaltwasserfische. Bis zu 18 kleine\u00a0Aquarien habe ich zeitweise besessen und vor allem Labyrinth-Fische, speziell den seltenen &#8222;Knurrenden Gurami&#8220;, aber auch\u00a0Maulbr\u00fcter-Buntbarsche\u00a0gez\u00fcchtet.<\/p>\n<p><em><strong>Wie war das Leben mit deinen Geschwistern?<\/strong><\/em><\/p>\n<p><a href=\"http:\/\/familie-woehl.de\/?attachment_id=844\" rel=\"attachment wp-att-844\"><img loading=\"lazy\" decoding=\"async\" class=\"alignleft\" title=\"geschwister1955\" src=\"http:\/\/familie-woehl.de\/wp-content\/uploads\/2012\/12\/geschwister1955-150x129.jpg\" alt=\"\" width=\"150\" height=\"129\" \/><\/a>Da ich mich an die Zeit in Taarstedt, also an die ersten zwei Lebensjahre nicht erinnern kann, war meine Schwester Rita von Anfang an da und wir kamen m.E. bis auf kleine \u00fcbliche Rangeleien gut mit einander aus.<a href=\"http:\/\/familie-woehl.de\/?attachment_id=863\" rel=\"attachment wp-att-863\"><img loading=\"lazy\" decoding=\"async\" class=\"alignright\" title=\"ritas_theaterclub61\" src=\"http:\/\/familie-woehl.de\/wp-content\/uploads\/2012\/12\/ritas_theaterclub61-150x132.jpg\" alt=\"\" width=\"150\" height=\"132\" \/><\/a> Da sie sehr viel kommunikativer als ich war und meist auch sehr viel nachdr\u00fccklicher, wenn auch nicht immer erfolgreicher, ihren Standpunkt vertrat, sowie stets\u00a0viele Freunde um sich herum hatte, habe ich sie\u00a0meist bewundert, aber sie nicht immer so unterst\u00fctzt, wie ich es r\u00fcckblickend h\u00e4tte tun sollen (siehe\u00a0Bilder von Ritas Theaterclub 1961 oder\u00a0ihrer Karnevalsparty 1962).<a href=\"http:\/\/familie-woehl.de\/?attachment_id=864\" rel=\"attachment wp-att-864\"><img loading=\"lazy\" decoding=\"async\" class=\"alignleft\" title=\"Karneval62\" src=\"http:\/\/familie-woehl.de\/wp-content\/uploads\/2012\/12\/Karneval62-150x110.jpg\" alt=\"\" width=\"150\" height=\"110\" \/><\/a><\/p>\n<p>Jan, der 6 Jahre j\u00fcnger als ich\u00a0ist, hatte es nicht leicht, der Dritte im Bunde zu werden. Meine Oma, die kurze Zeit zuvor zu uns nach Bockdorf \u00fcbergesiedelt war, k\u00fcmmerte sich zusammen oder\u00a0vielleicht auch etwas in Konkurrenz mit meiner Mutter um ihn und beide waren stets zu seiner Unterst\u00fctzung\u00a0zur Stelle, wenn es zu kleineren Streitereien untere Geschwister kam. Einen kurzen\u00a0Einblick in das Leben damals gibt der im Urlaub 1960 entstandene Filmausschnitt:<\/p>\n<div style=\"width: 352px;\" class=\"wp-video\"><video class=\"wp-video-shortcode\" id=\"video-823-2\" width=\"352\" height=\"240\" preload=\"metadata\" controls=\"controls\"><source type=\"video\/mp4\" src=\"http:\/\/familie-woehl.de\/wp-content\/uploads\/2012\/12\/Ferien_1960.mp4?_=2\" \/><a href=\"http:\/\/familie-woehl.de\/wp-content\/uploads\/2012\/12\/Ferien_1960.mp4\">http:\/\/familie-woehl.de\/wp-content\/uploads\/2012\/12\/Ferien_1960.mp4<\/a><\/video><\/div>\n<p><em><strong>Hast du mal Streiche gespielt?<br \/>\nWelche? Wurdest du bestraft?<\/strong><\/em><\/p>\n<p><a href=\"http:\/\/familie-woehl.de\/?attachment_id=775\" rel=\"attachment wp-att-775\"><img loading=\"lazy\" decoding=\"async\" class=\"alignleft size-thumbnail wp-image-775\" title=\"gladbacherstr98\" src=\"http:\/\/familie-woehl.de\/wp-content\/uploads\/2012\/11\/gladbacherstr98-150x91.jpg\" alt=\"\" width=\"150\" height=\"91\" srcset=\"https:\/\/familie-woehl.de\/wp-content\/uploads\/2012\/11\/gladbacherstr98-150x91.jpg 150w, https:\/\/familie-woehl.de\/wp-content\/uploads\/2012\/11\/gladbacherstr98-300x183.jpg 300w, https:\/\/familie-woehl.de\/wp-content\/uploads\/2012\/11\/gladbacherstr98-624x380.jpg 624w, https:\/\/familie-woehl.de\/wp-content\/uploads\/2012\/11\/gladbacherstr98.jpg 780w\" sizes=\"auto, (max-width: 150px) 100vw, 150px\" \/><\/a>An richtig lustige Streiche kann ich mich nicht erinnern. In D\u00fcsseldorf kam es vielleicht einmal vor, das ich beteiligt daran war, Nachbarn durch &#8222;<a title=\"Klingelm\u00e4nnchen\" href=\"http:\/\/de.wikipedia.org\/wiki\/Klingelstreich\">Klingelm\u00e4nnchen<\/a>&#8220; zu \u00e4rgern, die sich\u00a0oft \u00fcber uns aufregten, weil wir eine Abk\u00fcrzung \u00fcber den\u00a0Rasen vor dem Haus nahmen oder sich in der Mittagszeit von L\u00e4rm gest\u00f6rt f\u00fchlten.\u00a0Ansonsten habe ich mich manchmal \u00fcber Verbote hinweggesetzt. Wegen der Gefahren sollten wir\u00a0ausgebombte H\u00e4user, von denen es damals noch viele in D\u00fcsseldorf gab, nicht betreten. Auch das \u00dcberklettern des Zauns zum Bahndamm, der hinter der Siedlung vorbeif\u00fchrte, und\u00a0wo man sich gut in dem Gestr\u00fcpp verstecken konnte, war f\u00fcr uns Kinder zeitweise\u00a0sehr attraktiv. Das \u00dcberschreiten der Gleise hin zu den Gem\u00fcsefeldern von Hamm war schon eine ziemliche Mutprobe, da es an der Bahnstrecke angeblich Aufpasser gab. Zudem lag am Bahndamm noch ein Schrebergarten, in dem es in manchen\u00a0Sommern die gelben Pflaumen gab. Sie wurden\u00a0von uns Kindern meist schon gr\u00fcn geerntet. Abgesehen von dem Gemecker einiger Erwachsene, die uns beobachteten, und Ermahnungen gab es daf\u00fcr keine Strafen.<\/p>\n<p><em><strong>Was war dein Lieblingsessen als Kind?<br \/>\nWas mochtest du gar nicht?<br \/>\nWas gab es oft f\u00fcr ein Essen?<br \/>\nWie ist es heute?<\/strong><\/em><\/p>\n<p>Ich mochte gern s\u00fc\u00dfe Gerichte, wie <a title=\"Arme Ritter\" href=\"http:\/\/de.wikipedia.org\/wiki\/Arme_Ritter\">Arme Ritter<\/a>, Hefekl\u00f6\u00dfe, s\u00fc\u00dfe Milchsuppen, Pudding mit Eischnee, Fruchtgr\u00fctze u.\u00e4.. Von Fleischgerichten, die es allerdings selten gab, war mir ein H\u00fchnerbein am liebsten. Ich hab aber auch gebratene Blutwurst mit dick Zucker drauf gegessen. Gar nicht mochte ich Bratkartoffeln, die glitschig von Fett waren. Auch Gem\u00fcseeint\u00f6pfe mit viel w\u00e4ssriger Br\u00fche haben mir nicht geschmeckt. Rosenkohl mochte ich auch nicht. Das h\u00e4ufigste Essen war Salzkartoffeln mit Gem\u00fcse. Da mein Vater nur das a\u00df, was er kannte und \u00fcber alles andere sehr abwertende Bemerkungen machte, gab es nur wenig Abwechslung. Nudeln und Reis waren schon seltene Ausnahmen. Pizza und Pommes Frites, die sp\u00e4ter aufkamen, hat er, so glaube ich, nie gegessen.\u00a0\u00a0Meine fr\u00fchen Vorlieben beim Essen haben sich weitgehend erhalten. Aber es gibt inzwischen sehr viel mehr, was ich kennen und sch\u00e4tzen gelernt habe. Rosenkohl esse ich \u00fcbrigens heute auch gern.<\/p>\n<table>\n<tbody>\n<tr>\n<td><a title=\"Opa Kais Steckbrief\" href=\"http:\/\/familie-woehl.de\/?page_id=784\"><img loading=\"lazy\" decoding=\"async\" class=\"alignleft\" title=\"zur\u00fcck\" src=\"http:\/\/familie-woehl.de\/wp-content\/uploads\/2012\/11\/Pfeil-zur.jpg\" alt=\"\" width=\"38\" height=\"38\" \/><\/a>zu Opa\u00a0Kais Steckbrief<\/td>\n<td style=\"text-align: right;\"><a title=\"Opa Kais Jugend\" href=\"http:\/\/familie-woehl.de\/?page_id=873\"><img loading=\"lazy\" decoding=\"async\" class=\"alignright\" title=\"vor\" src=\"http:\/\/familie-woehl.de\/wp-content\/uploads\/2012\/11\/Pfeil-vor.jpg\" alt=\"\" width=\"38\" height=\"38\" \/><\/a>zu Opa Kais Jugend<\/td>\n<\/tr>\n<\/tbody>\n<\/table>\n","protected":false},"excerpt":{"rendered":"<p>Welche Erinnerung hast du an deine Mutter? Meine Mutter war die zentrale Bezugsperson f\u00fcr uns Kinder. Sie war liebevoll, f\u00fcrsorglich, mitf\u00fchlend und um das Wohl ihrer Kinder oft zu sehr besorgt. Ihre Kinder sollten es einmal besser haben, als sie es in den \u00e4rmlichen Verh\u00e4ltnissen ihres Zuhauses und vor allem w\u00e4hrend des Krieges und danach &hellip; <a href=\"https:\/\/familie-woehl.de\/?page_id=823\" class=\"more-link\"><span class=\"screen-reader-text\">Opa Kais Kindheit<\/span> weiterlesen<\/a><\/p>\n","protected":false},"author":1,"featured_media":0,"parent":0,"menu_order":0,"comment_status":"closed","ping_status":"open","template":"","meta":{"footnotes":""},"class_list":["post-823","page","type-page","status-publish","hentry"],"_links":{"self":[{"href":"https:\/\/familie-woehl.de\/index.php?rest_route=\/wp\/v2\/pages\/823","targetHints":{"allow":["GET"]}}],"collection":[{"href":"https:\/\/familie-woehl.de\/index.php?rest_route=\/wp\/v2\/pages"}],"about":[{"href":"https:\/\/familie-woehl.de\/index.php?rest_route=\/wp\/v2\/types\/page"}],"author":[{"embeddable":true,"href":"https:\/\/familie-woehl.de\/index.php?rest_route=\/wp\/v2\/users\/1"}],"replies":[{"embeddable":true,"href":"https:\/\/familie-woehl.de\/index.php?rest_route=%2Fwp%2Fv2%2Fcomments&post=823"}],"version-history":[{"count":37,"href":"https:\/\/familie-woehl.de\/index.php?rest_route=\/wp\/v2\/pages\/823\/revisions"}],"predecessor-version":[{"id":3689,"href":"https:\/\/familie-woehl.de\/index.php?rest_route=\/wp\/v2\/pages\/823\/revisions\/3689"}],"wp:attachment":[{"href":"https:\/\/familie-woehl.de\/index.php?rest_route=%2Fwp%2Fv2%2Fmedia&parent=823"}],"curies":[{"name":"wp","href":"https:\/\/api.w.org\/{rel}","templated":true}]}}