{"id":84,"date":"2012-11-12T12:00:19","date_gmt":"2012-11-12T10:00:19","guid":{"rendered":"http:\/\/familie-woehl.de\/?page_id=84"},"modified":"2019-01-25T17:22:58","modified_gmt":"2019-01-25T17:22:58","slug":"johann-vitense-und-catharina-vietense","status":"publish","type":"page","link":"https:\/\/familie-woehl.de\/?page_id=84","title":{"rendered":"Johann Vitense (1.3) und Catharina Vietense (1.4)"},"content":{"rendered":"\n<p>Johann Vitense (1.3)\u00a0wird am 12.04.1794 in <a href=\"http:\/\/de.wikipedia.org\/wiki\/Grambow_(bei_Schwerin)\" target=\"_blank\" rel=\"noreferrer noopener\" aria-label=\" (\u00f6ffnet in neuem Tab)\">Grambow in Mecklenburg <\/a>geboren. Sein Enkel, Opa Wilhelm W\u00f6hl (3.1) erinnert mich nur noch daran, dass sein Gro\u00dfvater auch im Moor gearbeitet hat, aber au\u00dferdem noch eine kleine Landwirtschaft hatte. Er ist deshalb als &#8222;Einlieger&#8220; registriert. Trotzdem ist er vom Wohlwollen des Gutsbesitzers abh\u00e4ngig und muss Produkte an diesen abliefern. Mit 24 heiratet Johann am 28.10.1818 die 20-j\u00e4hrige Catharina Vietense, geboren am 17.3.1798 und ebenfalls aus Grambow. Wie die etwas andere Schreibweise des Namens andeutet, ist sie nicht mit ihm verwandt. Auch sie haben nach Opa Wilhelms (3.1) Erinnerung viele Kinder. Die 1822 geborene Maria wird als sp\u00e4tere Frau von Friedrich W\u00f6hl (2.1) Opa Wilhelms Mutter.<\/p>\n\n\n\n<p>Da nichts Nachteiliges \u00fcber Johann und Catharina im Kirchenbuch steht, haben sie wohl als brav zu gelten. Wir k\u00f6nnen daher zu Oma Riekes (3.2) Vorfahren \u00fcbergehen.<\/p>\n\n\n\n<p class=\"has-small-font-size\"><em>Das obige Foto des Grambower Moorsees stammt von Patrice77 &#8211; Eigenes Werk, CC BY-SA 3.0, <a href=\"https:\/\/commons.wikimedia.org\/w\/index.php?curid=7240511\" target=\"_blank\" rel=\"noreferrer noopener\" aria-label=\" (\u00f6ffnet in neuem Tab)\">https:\/\/commons.wikimedia.org\/w\/index.php?curid=7240511<\/a><\/em><\/p>\n\n\n\n<div class=\"wp-block-button alignright\"><a class=\"wp-block-button__link\" href=\"https:\/\/familie-woehl.de\/?page_id=108\">N\u00c4Chste Seite<\/a><\/div>\n","protected":false},"excerpt":{"rendered":"<p>Johann Vitense (1.3)\u00a0wird am 12.04.1794 in Grambow in Mecklenburg geboren. Sein Enkel, Opa Wilhelm W\u00f6hl (3.1) erinnert mich nur noch daran, dass sein Gro\u00dfvater auch im Moor gearbeitet hat, aber au\u00dferdem noch eine kleine Landwirtschaft hatte. Er ist deshalb als &#8222;Einlieger&#8220; registriert. Trotzdem ist er vom Wohlwollen des Gutsbesitzers abh\u00e4ngig und muss Produkte an diesen &hellip; <a href=\"https:\/\/familie-woehl.de\/?page_id=84\" class=\"more-link\"><span class=\"screen-reader-text\">Johann Vitense (1.3) und Catharina Vietense (1.4)<\/span> weiterlesen<\/a><\/p>\n","protected":false},"author":1,"featured_media":2416,"parent":0,"menu_order":0,"comment_status":"closed","ping_status":"open","template":"","meta":{"footnotes":""},"class_list":["post-84","page","type-page","status-publish","has-post-thumbnail","hentry"],"_links":{"self":[{"href":"https:\/\/familie-woehl.de\/index.php?rest_route=\/wp\/v2\/pages\/84","targetHints":{"allow":["GET"]}}],"collection":[{"href":"https:\/\/familie-woehl.de\/index.php?rest_route=\/wp\/v2\/pages"}],"about":[{"href":"https:\/\/familie-woehl.de\/index.php?rest_route=\/wp\/v2\/types\/page"}],"author":[{"embeddable":true,"href":"https:\/\/familie-woehl.de\/index.php?rest_route=\/wp\/v2\/users\/1"}],"replies":[{"embeddable":true,"href":"https:\/\/familie-woehl.de\/index.php?rest_route=%2Fwp%2Fv2%2Fcomments&post=84"}],"version-history":[{"count":6,"href":"https:\/\/familie-woehl.de\/index.php?rest_route=\/wp\/v2\/pages\/84\/revisions"}],"predecessor-version":[{"id":2664,"href":"https:\/\/familie-woehl.de\/index.php?rest_route=\/wp\/v2\/pages\/84\/revisions\/2664"}],"wp:featuredmedia":[{"embeddable":true,"href":"https:\/\/familie-woehl.de\/index.php?rest_route=\/wp\/v2\/media\/2416"}],"wp:attachment":[{"href":"https:\/\/familie-woehl.de\/index.php?rest_route=%2Fwp%2Fv2%2Fmedia&parent=84"}],"curies":[{"name":"wp","href":"https:\/\/api.w.org\/{rel}","templated":true}]}}